{"id":461177,"date":"2025-06-15T06:44:05","date_gmt":"2025-06-15T04:44:05","guid":{"rendered":"https:\/\/lucacastelli.com\/prodotto\/coupeur-multi-materiaux\/"},"modified":"2025-08-14T12:51:58","modified_gmt":"2025-08-14T10:51:58","slug":"coupeur-multi-materiaux","status":"publish","type":"product","link":"https:\/\/lucacastelli.com\/fr\/produit\/coupeur-multi-materiaux\/","title":{"rendered":"Milwaukee Tron\u00e7onneuses multi-mat\u00e9riaux"},"content":{"rendered":"<p>Assure des coupes pr\u00e9cises jusqu&#8217;\u00e0 20 000 tours\/minute.&lt;br&gt;  Optimis\u00e9 pour une utilisation \u00e0 une main, seulement 1,1 kg et 226 mm de long.&lt;br&gt;  Fourni avec une ventouse et 3 types de disques : coupant (4932464717), diamant (4932464715) et multi-mat\u00e9riaux (4932464716).&lt;br&gt;  Polyvalent : pour couper l&#8217;acier, l&#8217;acier inoxydable, les mat\u00e9riaux non ferreux, les plaques de pl\u00e2tre, le fibrociment, les plastiques et les c\u00e9ramiques.&lt;br&gt;  Capot et sens de rotation de la lame r\u00e9glables : protection maximale contre les d\u00e9bris et les \u00e9tincelles.&lt;br&gt;  Capuchons \u00e0 d\u00e9gagement rapide avec profondeur de coupe r\u00e9glable, embout d&#8217;aspiration de 32 mm.&lt;br&gt;  Indicateur d&#8217;\u00e9tat de charge de la batterie et lumi\u00e8re LED pour \u00e9clairer la zone d&#8217;application.&lt;br&gt;  La technologie FUEL red\u00e9finit les outils \u00e9lectriques sans fil. Le moteur sans balais, l&#8217;\u00e9lectronique REDLINK PLUS\u2122 et le bloc-batterie REDLITHIUM\u2122 offrent des performances et une durabilit\u00e9 sup\u00e9rieures&lt;br&gt; Fonctionne avec toutes les batteriesM12\u2122MILWAUKEE\u00ae&lt;br&gt; Disque de coupe de 76 mm, profondeur de coupe de 16,3 mm. <\/p>\n<p>BARCODE : 4058546225643<\/p>\n<p>Caract\u00e9ristiques techniques<br \/>\n12<\/p>\n<p>1 x M12 B4, 1 x batterie M12 B2, chargeur C12 C, mallette HeavyDuty, protection contre l&#8217;aspiration, disques : 1 x m\u00e9tal, 1 x diamant, 1 x multi-mat\u00e9riaux<\/p>\n","protected":false},"excerpt":{"rendered":"<p>Assure des coupes pr\u00e9cises jusqu&#8217;\u00e0 20 000 tours\/minute.&lt;br&gt; Optimis\u00e9 pour une utilisation \u00e0 une main, seulement 1,1 kg et 226<\/p>\n","protected":false},"featured_media":458980,"template":"","meta":{"_seopress_robots_primary_cat":"","_seopress_titles_title":"","_seopress_titles_desc":"","_seopress_robots_index":""},"product_brand":[3658],"product_cat":[1453,167],"product_tag":[3273],"class_list":{"0":"post-461177","1":"product","2":"type-product","3":"status-publish","4":"has-post-thumbnail","6":"product_brand-milwaukee-fr","7":"product_cat-autres-appareils","8":"product_cat-machines","9":"product_tag-import-milwau-fr","10":"sws-gruppo-macchinari-fr","11":"sws-conto-ricavi-merci-rivendita-macchinari-fr","12":"sws-gruppo-iva-iva81-fr","14":"first","15":"onbackorder","16":"sale","17":"purchasable","18":"product-type-simple"},"_links":{"self":[{"href":"https:\/\/lucacastelli.com\/fr\/wp-json\/wp\/v2\/product\/461177","targetHints":{"allow":["GET"]}}],"collection":[{"href":"https:\/\/lucacastelli.com\/fr\/wp-json\/wp\/v2\/product"}],"about":[{"href":"https:\/\/lucacastelli.com\/fr\/wp-json\/wp\/v2\/types\/product"}],"wp:featuredmedia":[{"embeddable":true,"href":"https:\/\/lucacastelli.com\/fr\/wp-json\/wp\/v2\/media\/458980"}],"wp:attachment":[{"href":"https:\/\/lucacastelli.com\/fr\/wp-json\/wp\/v2\/media?parent=461177"}],"wp:term":[{"taxonomy":"product_brand","embeddable":true,"href":"https:\/\/lucacastelli.com\/fr\/wp-json\/wp\/v2\/product_brand?post=461177"},{"taxonomy":"product_cat","embeddable":true,"href":"https:\/\/lucacastelli.com\/fr\/wp-json\/wp\/v2\/product_cat?post=461177"},{"taxonomy":"product_tag","embeddable":true,"href":"https:\/\/lucacastelli.com\/fr\/wp-json\/wp\/v2\/product_tag?post=461177"}],"curies":[{"name":"wp","href":"https:\/\/api.w.org\/{rel}","templated":true}]}}