{"id":461176,"date":"2025-06-15T06:47:14","date_gmt":"2025-06-15T04:47:14","guid":{"rendered":"https:\/\/lucacastelli.com\/prodotto\/scie-a-ruban-2\/"},"modified":"2025-06-29T07:34:41","modified_gmt":"2025-06-29T05:34:41","slug":"scie-a-ruban-2","status":"publish","type":"product","link":"https:\/\/lucacastelli.com\/fr\/produit\/scie-a-ruban-2\/","title":{"rendered":"Scie \u00e0 ruban MILWAUKEE"},"content":{"rendered":"<p>Capacit\u00e9 de coupe jusqu&#8217;\u00e0 64 mm&lt;Br&gt;  Compact et l\u00e9ger, id\u00e9al pour les applications a\u00e9riennes d&#8217;une seule main&lt;Br&gt;  Interrupteur \u00e0 vitesse variable&lt;Br&gt;  Protection de lame r\u00e9glable sans outil pour une s\u00e9curit\u00e9 maximale&lt;Br&gt;  Syst\u00e8me de retrait de la lame assist\u00e9 par un levier pour un remplacement facile de la lame&lt;Br&gt;  Interrupteur de s\u00e9curit\u00e9&lt;Br&gt;  Base de support r\u00e9glable sans outils&lt;Br&gt;  Crochet robuste pour ranger l\u2019outil&lt;Br&gt;  Lumi\u00e8re LED pour \u00e9clairer le domaine d\u2019application&lt;Br&gt;  La technologie FUEL\u2122 red\u00e9finit les outils \u00e9lectriques sans fil. Le moteur sans balais, l\u2019\u00e9lectronique REDLINK PLUS\u2122 et la batterie REDLITHIUM\u2122 offrent des performances et une durabilit\u00e9 sup\u00e9rieures&lt;br&gt; Fonctionne avec toutes les batteries MILWAUKEE\u00ae M12\u2122 <\/p>\n<p>BARCODE : 4058546346317<\/p>\n<p>Caract\u00e9ristiques techniques Coffret<\/p>\n<p>Livr\u00e9 sans piles, livr\u00e9 sans chargeur, mallette de transport<\/p>\n","protected":false},"excerpt":{"rendered":"<p>Capacit\u00e9 de coupe jusqu&#8217;\u00e0 64 mm&lt;Br&gt; Compact et l\u00e9ger, id\u00e9al pour les applications a\u00e9riennes d&#8217;une seule main&lt;Br&gt; Interrupteur \u00e0 vitesse<\/p>\n","protected":false},"featured_media":459005,"template":"","meta":{"_seopress_robots_primary_cat":"","_seopress_titles_title":"","_seopress_titles_desc":"","_seopress_robots_index":""},"product_brand":[3407],"product_cat":[29,514],"product_tag":[3270],"class_list":{"0":"post-461176","1":"product","2":"type-product","3":"status-publish","4":"has-post-thumbnail","6":"product_brand-milwaukee","7":"product_cat-macchinari","8":"product_cat-altri-dispositivi","9":"product_tag-import-milwau","10":"sws-gruppo-macchinari-fr","11":"sws-conto-ricavi-merci-rivendita-macchinari-fr","12":"sws-gruppo-iva-iva81-fr","14":"first","15":"onbackorder","16":"sale","17":"purchasable","18":"product-type-simple"},"_links":{"self":[{"href":"https:\/\/lucacastelli.com\/fr\/wp-json\/wp\/v2\/product\/461176","targetHints":{"allow":["GET"]}}],"collection":[{"href":"https:\/\/lucacastelli.com\/fr\/wp-json\/wp\/v2\/product"}],"about":[{"href":"https:\/\/lucacastelli.com\/fr\/wp-json\/wp\/v2\/types\/product"}],"wp:featuredmedia":[{"embeddable":true,"href":"https:\/\/lucacastelli.com\/fr\/wp-json\/wp\/v2\/media\/459005"}],"wp:attachment":[{"href":"https:\/\/lucacastelli.com\/fr\/wp-json\/wp\/v2\/media?parent=461176"}],"wp:term":[{"taxonomy":"product_brand","embeddable":true,"href":"https:\/\/lucacastelli.com\/fr\/wp-json\/wp\/v2\/product_brand?post=461176"},{"taxonomy":"product_cat","embeddable":true,"href":"https:\/\/lucacastelli.com\/fr\/wp-json\/wp\/v2\/product_cat?post=461176"},{"taxonomy":"product_tag","embeddable":true,"href":"https:\/\/lucacastelli.com\/fr\/wp-json\/wp\/v2\/product_tag?post=461176"}],"curies":[{"name":"wp","href":"https:\/\/api.w.org\/{rel}","templated":true}]}}