{"id":461168,"date":"2025-06-15T06:53:59","date_gmt":"2025-06-15T04:53:59","guid":{"rendered":"https:\/\/lucacastelli.com\/prodotto\/scie-a-ruban\/"},"modified":"2026-04-16T02:31:00","modified_gmt":"2026-04-16T00:31:00","slug":"scie-a-ruban-7","status":"publish","type":"product","link":"https:\/\/lucacastelli.com\/fr\/produit\/scie-a-ruban-7\/","title":{"rendered":"MILWAUKEE Scie \u00e0 ruban"},"content":{"rendered":"<p>Utilisation ais\u00e9e d\u2019une seule main &#8211; seulement 3,2 kg&lt;br&gt; \u00c9lectronique REDLINK\u2122 prot\u00e9geant l\u2019outil et la batterie contre les surcharges&lt;br&gt; Polyvalence : coupe de nombreux mat\u00e9riaux tels que l\u2019acier, l\u2019inox, le cuivre, le plastique, l\u2019aluminium&lt;br&gt; Lame enti\u00e8rement int\u00e9gr\u00e9e pour une protection accrue de l\u2019utilisateur et d\u00e9verrouillage facile pour un changement rapide&lt;br&gt; Coupe \u00e0 froid &#8211; sans \u00e9tincelles&lt;br&gt; Coupe nette &#8211; l\u2019\u00e9quilibrage optimal de l\u2019outil et les roulements \u00e0 billes garantissent stabilit\u00e9 et qualit\u00e9 de coupe parfaite sans bavures&lt;br&gt; Gestion individuelle des cellules de la batterie pour optimiser la consommation, l\u2019autonomie et la dur\u00e9e de vie&lt;br&gt; Indicateur de charge de la batterie et \u00e9clairage LED pour la zone de travail&lt;br&gt; La batterie REDLITHIUM\u2122 offre une construction, une \u00e9lectronique et des performances sup\u00e9rieures pour plus d\u2019autonomie et de travail&lt;br&gt; Plateforme 12V : fonctionne avec toutes les batteries Milwaukee\u00ae M12\u2122<\/p>\n<p>CODE-BARRES : 4002395242092<\/p>\n<p>Donn\u00e9es techniques<br \/>\nAucun sac ni box fourni<\/p>\n<p>Livr\u00e9 sans batteries, sans chargeur, sans kitbox ni sac, lame 18 Tpi<\/p>\n","protected":false},"excerpt":{"rendered":"<p>Utilisation ais\u00e9e d\u2019une seule main &#8211; seulement 3,2 kg&lt;br&gt; \u00c9lectronique REDLINK\u2122 prot\u00e9geant l\u2019outil et la batterie contre les surcharges&lt;br&gt; Polyvalence<\/p>\n","protected":false},"featured_media":459068,"template":"","meta":{"_seopress_robots_primary_cat":"none","_seopress_titles_title":"","_seopress_titles_desc":"","_seopress_robots_index":""},"product_brand":[3407],"product_cat":[29,514],"product_tag":[3270],"class_list":{"0":"post-461168","1":"product","2":"type-product","3":"status-publish","4":"has-post-thumbnail","6":"product_brand-milwaukee","7":"product_cat-macchinari","8":"product_cat-altri-dispositivi","9":"product_tag-import-milwau","10":"sws-gruppo-macchinari-fr","11":"sws-conto-ricavi-merci-rivendita-macchinari-fr","12":"sws-gruppo-iva-iva81-fr","14":"first","15":"onbackorder","16":"sale","17":"purchasable","18":"product-type-simple"},"_links":{"self":[{"href":"https:\/\/lucacastelli.com\/fr\/wp-json\/wp\/v2\/product\/461168","targetHints":{"allow":["GET"]}}],"collection":[{"href":"https:\/\/lucacastelli.com\/fr\/wp-json\/wp\/v2\/product"}],"about":[{"href":"https:\/\/lucacastelli.com\/fr\/wp-json\/wp\/v2\/types\/product"}],"wp:featuredmedia":[{"embeddable":true,"href":"https:\/\/lucacastelli.com\/fr\/wp-json\/wp\/v2\/media\/459068"}],"wp:attachment":[{"href":"https:\/\/lucacastelli.com\/fr\/wp-json\/wp\/v2\/media?parent=461168"}],"wp:term":[{"taxonomy":"product_brand","embeddable":true,"href":"https:\/\/lucacastelli.com\/fr\/wp-json\/wp\/v2\/product_brand?post=461168"},{"taxonomy":"product_cat","embeddable":true,"href":"https:\/\/lucacastelli.com\/fr\/wp-json\/wp\/v2\/product_cat?post=461168"},{"taxonomy":"product_tag","embeddable":true,"href":"https:\/\/lucacastelli.com\/fr\/wp-json\/wp\/v2\/product_tag?post=461168"}],"curies":[{"name":"wp","href":"https:\/\/api.w.org\/{rel}","templated":true}]}}