{"id":461167,"date":"2025-06-15T06:57:52","date_gmt":"2025-06-15T04:57:52","guid":{"rendered":"https:\/\/lucacastelli.com\/prodotto\/scie-a-ruban\/"},"modified":"2025-06-29T07:34:19","modified_gmt":"2025-06-29T05:34:19","slug":"scie-a-ruban","status":"publish","type":"product","link":"https:\/\/lucacastelli.com\/fr\/produit\/scie-a-ruban\/","title":{"rendered":"Scie \u00e0 ruban MILWAUKEE"},"content":{"rendered":"<p>Utilisation confortable d&#8217;une seule main &#8211; poids de seulement 3,2 kg&lt;Br&gt;  L&#8217;\u00e9lectronique REDLINK\u2122 prot\u00e8ge l&#8217;outil et la batterie contre les surcharges.&lt;Br&gt;  Polyvalence : coupe de nombreux mat\u00e9riaux tels que l&#8217;acier, l&#8217;acier inoxydable, le cuivre, le plastique, l&#8217;aluminium&lt;Br&gt;  Lame enti\u00e8rement int\u00e9gr\u00e9e pour une meilleure protection de l&#8217;utilisateur et d\u00e9verrouillage pratique pour un changement rapide de la lame.&lt;Br&gt;  Coupe \u00e0 froid &#8211; sans \u00e9tincelles&lt;Br&gt;  Coupe nette &#8211; l&#8217;excellent \u00e9quilibre de l&#8217;outil et les roulements \u00e0 billes garantissent la stabilit\u00e9 et une qualit\u00e9 de coupe parfaite, sans bavure.&lt;Br&gt;  Surveillance des cellules individuelles de la batterie pour assurer une consommation homog\u00e8ne de la batterie et une plus grande autonomie et durabilit\u00e9 dans le temps&lt;Br&gt;  Indicateur d&#8217;\u00e9tat de charge de la batterie et lumi\u00e8re LED pour \u00e9clairer la zone de travail&lt;Br&gt;  La batterie REDLITHIUM\u2122 offre une construction de batterie sup\u00e9rieure, une \u00e9lectronique et des performances constantes pour offrir plus d\u2019autonomie et plus de travail pendant la dur\u00e9e de vie de la batterie&lt;Br&gt;  Plateforme 12V : fonctionne avec toutes les batteries Milwaukee\u00ae M12\u2122&lt;Br&gt;  Fourni avec une lame de 18 Tpi<\/p>\n<p>BARCODE : 4002395002344<\/p>\n<p>Donn\u00e9es techniques<br \/>\n4.0<\/p>\n<p>2 x batterie M12 B4, chargeur C12 C, mallette de transport, lame 18 Tpi<\/p>\n","protected":false},"excerpt":{"rendered":"<p>Utilisation confortable d&#8217;une seule main &#8211; poids de seulement 3,2 kg&lt;Br&gt; L&#8217;\u00e9lectronique REDLINK\u2122 prot\u00e8ge l&#8217;outil et la batterie contre les<\/p>\n","protected":false},"featured_media":459105,"template":"","meta":{"_seopress_robots_primary_cat":"","_seopress_titles_title":"","_seopress_titles_desc":"","_seopress_robots_index":""},"product_brand":[3407],"product_cat":[29,514],"product_tag":[3270],"class_list":{"0":"post-461167","1":"product","2":"type-product","3":"status-publish","4":"has-post-thumbnail","6":"product_brand-milwaukee","7":"product_cat-macchinari","8":"product_cat-altri-dispositivi","9":"product_tag-import-milwau","10":"sws-gruppo-macchinari-fr","11":"sws-conto-ricavi-merci-rivendita-macchinari-fr","12":"sws-gruppo-iva-iva81-fr","14":"first","15":"onbackorder","16":"sale","17":"purchasable","18":"product-type-simple"},"_links":{"self":[{"href":"https:\/\/lucacastelli.com\/fr\/wp-json\/wp\/v2\/product\/461167","targetHints":{"allow":["GET"]}}],"collection":[{"href":"https:\/\/lucacastelli.com\/fr\/wp-json\/wp\/v2\/product"}],"about":[{"href":"https:\/\/lucacastelli.com\/fr\/wp-json\/wp\/v2\/types\/product"}],"wp:featuredmedia":[{"embeddable":true,"href":"https:\/\/lucacastelli.com\/fr\/wp-json\/wp\/v2\/media\/459105"}],"wp:attachment":[{"href":"https:\/\/lucacastelli.com\/fr\/wp-json\/wp\/v2\/media?parent=461167"}],"wp:term":[{"taxonomy":"product_brand","embeddable":true,"href":"https:\/\/lucacastelli.com\/fr\/wp-json\/wp\/v2\/product_brand?post=461167"},{"taxonomy":"product_cat","embeddable":true,"href":"https:\/\/lucacastelli.com\/fr\/wp-json\/wp\/v2\/product_cat?post=461167"},{"taxonomy":"product_tag","embeddable":true,"href":"https:\/\/lucacastelli.com\/fr\/wp-json\/wp\/v2\/product_tag?post=461167"}],"curies":[{"name":"wp","href":"https:\/\/api.w.org\/{rel}","templated":true}]}}