{"id":461160,"date":"2025-06-15T07:11:31","date_gmt":"2025-06-15T05:11:31","guid":{"rendered":"https:\/\/lucacastelli.com\/prodotto\/ponceuse-a-bande-2\/"},"modified":"2025-06-29T07:33:52","modified_gmt":"2025-06-29T05:33:52","slug":"ponceuse-a-bande-2","status":"publish","type":"product","link":"https:\/\/lucacastelli.com\/fr\/produit\/ponceuse-a-bande-2\/","title":{"rendered":"MILWAUKEE Ponceuse \u00e0 bande"},"content":{"rendered":"<p>La ponceuse \u00e0 bande la plus l\u00e9g\u00e8re du march\u00e9, seulement 1 kg avec une batterie de 2 Ah&lt;Br&gt;  Meilleur \u00e9quilibre et performance par rapport aux machines pneumatiques&lt;Br&gt;  Deux vitesses peuvent \u00eatre s\u00e9lectionn\u00e9es pour un contr\u00f4le maximal dans toutes les applications, de l&#8217;enl\u00e8vement des points de soudure \u00e0 l&#8217;acier inoxydable, l&#8217;aluminium et le bois.&lt;Br&gt;  Possibilit\u00e9 de r\u00e9gler la direction de la bande pour diriger les \u00e9tincelles\/copeaux&lt;Br&gt;  Fonctionnement d&#8217;une seule main : id\u00e9al pour les applications dans les espaces restreints ou au-dessus de la t\u00eate.&lt;Br&gt;  La t\u00eate peut pivoter sur 360\u00b0.&lt;Br&gt;  L&#8217;outil permet de bloquer la g\u00e2chette afin que vous puissiez travailler sans effort, m\u00eame pendant une longue p\u00e9riode.&lt;Br&gt;  La courroie peut \u00eatre remplac\u00e9e sans outils&lt;Br&gt;  Les lampes LED \u00e9clairent efficacement la zone de travail&lt;Br&gt;  Fonctionne avec toutes les batteries MILWAUKEE\u00ae M12\u2122<\/p>\n<p>BARCODE : 4058546412449<\/p>\n<p>Caract\u00e9ristiques techniques<br \/>\n10<\/p>\n<p>2 x batterie M12 B4, chargeur C12 C, sac, 2 bandes de 60<\/p>\n","protected":false},"excerpt":{"rendered":"<p>La ponceuse \u00e0 bande la plus l\u00e9g\u00e8re du march\u00e9, seulement 1 kg avec une batterie de 2 Ah&lt;Br&gt; Meilleur \u00e9quilibre<\/p>\n","protected":false},"featured_media":459176,"template":"","meta":{"_seopress_robots_primary_cat":"","_seopress_titles_title":"","_seopress_titles_desc":"","_seopress_robots_index":""},"product_brand":[3658],"product_cat":[1453,167],"product_tag":[3273],"class_list":{"0":"post-461160","1":"product","2":"type-product","3":"status-publish","4":"has-post-thumbnail","6":"product_brand-milwaukee-fr","7":"product_cat-autres-appareils","8":"product_cat-machines","9":"product_tag-import-milwau-fr","10":"sws-gruppo-macchinari-fr","11":"sws-conto-ricavi-merci-rivendita-macchinari-fr","12":"sws-gruppo-iva-iva81-fr","14":"first","15":"onbackorder","16":"sale","17":"purchasable","18":"product-type-simple"},"_links":{"self":[{"href":"https:\/\/lucacastelli.com\/fr\/wp-json\/wp\/v2\/product\/461160","targetHints":{"allow":["GET"]}}],"collection":[{"href":"https:\/\/lucacastelli.com\/fr\/wp-json\/wp\/v2\/product"}],"about":[{"href":"https:\/\/lucacastelli.com\/fr\/wp-json\/wp\/v2\/types\/product"}],"wp:featuredmedia":[{"embeddable":true,"href":"https:\/\/lucacastelli.com\/fr\/wp-json\/wp\/v2\/media\/459176"}],"wp:attachment":[{"href":"https:\/\/lucacastelli.com\/fr\/wp-json\/wp\/v2\/media?parent=461160"}],"wp:term":[{"taxonomy":"product_brand","embeddable":true,"href":"https:\/\/lucacastelli.com\/fr\/wp-json\/wp\/v2\/product_brand?post=461160"},{"taxonomy":"product_cat","embeddable":true,"href":"https:\/\/lucacastelli.com\/fr\/wp-json\/wp\/v2\/product_cat?post=461160"},{"taxonomy":"product_tag","embeddable":true,"href":"https:\/\/lucacastelli.com\/fr\/wp-json\/wp\/v2\/product_tag?post=461160"}],"curies":[{"name":"wp","href":"https:\/\/api.w.org\/{rel}","templated":true}]}}