{"id":461144,"date":"2025-06-20T14:48:04","date_gmt":"2025-06-20T12:48:04","guid":{"rendered":"https:\/\/lucacastelli.com\/prodotto\/forstkoppel-komplettgurtel-flex-m\/"},"modified":"2025-06-29T00:48:39","modified_gmt":"2025-06-28T22:48:39","slug":"forstkoppel-komplettgurtel-flex-m","status":"publish","type":"product","link":"https:\/\/lucacastelli.com\/fr\/produit\/forstkoppel-komplettgurtel-flex-m\/","title":{"rendered":"Forstkoppel Komplettg\u00fcrtel Flex M"},"content":{"rendered":"<p>INFORMATIONS SUR L\u2019ARTICLE<\/p>\n<p>La bande flexible est la base du syst\u00e8me Forstkoppel. Il se compose d\u2019une ceinture inf\u00e9rieure flexible qui se porte dans le pantalon au lieu de la ceinture normale. Le c\u00f4t\u00e9 polaire de cette ceinture inf\u00e9rieure se connecte \u00e0 la ceinture sup\u00e9rieure rigide. En raison de sa rigidit\u00e9 en torsion, le poids des modules d\u2019outils attach\u00e9s est uniform\u00e9ment r\u00e9parti sur les flancs. La ceinture flexible dispose \u00e9galement d\u2019un verrou de s\u00e9curit\u00e9 qui emp\u00eache toute ouverture accidentelle.    <\/p>\n<p>Courroie en deux parties pour le syst\u00e8me Forstkoppel, destin\u00e9e au logement de modules d\u2019outils<\/p>\n<p>Verrou de s\u00e9curit\u00e9<\/p>\n<p>Livraison sans modules d\u2019outils<\/p>\n<p>Largeur de la ceinture 5 cm<\/p>\n<p>Poids 270 g (taille L)<\/p>\n<p>Longueur Taille S : 70-95 cm<\/p>\n<p>Taille M longueur : 95-110 cm<\/p>\n<p>Longueur taille L : 105-120 cm<\/p>\n<p>Taille XL longueur : 115-130 cm<\/p>\n<p>Taille 2XL Longueur&nbsp;: 125-140 cm<\/p>\n<p>Taille 3XL Longueur&nbsp;: 135-150 cm<\/p>\n<p>&nbsp;<\/p>\n<p>&nbsp;<\/p>\n<p>&nbsp;<\/p>\n<p>&nbsp;<\/p>\n","protected":false},"excerpt":{"rendered":"<p>INFORMATIONS SUR L\u2019ARTICLE La bande flexible est la base du syst\u00e8me Forstkoppel. Il se compose d\u2019une ceinture inf\u00e9rieure flexible qui<\/p>\n","protected":false},"featured_media":460955,"template":"","meta":{"_seopress_robots_primary_cat":"","_seopress_titles_title":"","_seopress_titles_desc":"","_seopress_robots_index":""},"product_brand":[3634],"product_cat":[167,1685],"product_tag":[],"class_list":{"0":"post-461144","1":"product","2":"type-product","3":"status-publish","4":"has-post-thumbnail","6":"product_brand-forstkoppel-fr","7":"product_cat-machines","8":"product_cat-outils-et-accessoires-forestiers","9":"sws-gruppo-abb-libero-fr","10":"sws-conto-ricavi-merci-rivendita-abbigliamento-fr","11":"sws-gruppo-iva-iva81-fr","13":"first","14":"instock","15":"shipping-taxable","16":"purchasable","17":"product-type-variable"},"_links":{"self":[{"href":"https:\/\/lucacastelli.com\/fr\/wp-json\/wp\/v2\/product\/461144","targetHints":{"allow":["GET"]}}],"collection":[{"href":"https:\/\/lucacastelli.com\/fr\/wp-json\/wp\/v2\/product"}],"about":[{"href":"https:\/\/lucacastelli.com\/fr\/wp-json\/wp\/v2\/types\/product"}],"wp:featuredmedia":[{"embeddable":true,"href":"https:\/\/lucacastelli.com\/fr\/wp-json\/wp\/v2\/media\/460955"}],"wp:attachment":[{"href":"https:\/\/lucacastelli.com\/fr\/wp-json\/wp\/v2\/media?parent=461144"}],"wp:term":[{"taxonomy":"product_brand","embeddable":true,"href":"https:\/\/lucacastelli.com\/fr\/wp-json\/wp\/v2\/product_brand?post=461144"},{"taxonomy":"product_cat","embeddable":true,"href":"https:\/\/lucacastelli.com\/fr\/wp-json\/wp\/v2\/product_cat?post=461144"},{"taxonomy":"product_tag","embeddable":true,"href":"https:\/\/lucacastelli.com\/fr\/wp-json\/wp\/v2\/product_tag?post=461144"}],"curies":[{"name":"wp","href":"https:\/\/api.w.org\/{rel}","templated":true}]}}