{"id":461143,"date":"2025-06-20T14:59:20","date_gmt":"2025-06-20T12:59:20","guid":{"rendered":"https:\/\/lucacastelli.com\/prodotto\/forstkoppel-schultertragesystem-mit-smartphonetasche-neonorange\/"},"modified":"2025-06-29T00:48:04","modified_gmt":"2025-06-28T22:48:04","slug":"forstkoppel-schultertragesystem-mit-smartphonetasche-neonorange","status":"publish","type":"product","link":"https:\/\/lucacastelli.com\/fr\/produit\/forstkoppel-schultertragesystem-mit-smartphonetasche-neonorange\/","title":{"rendered":"Forstkoppel Schultertragesystem mit Smartphonepockets neonorange"},"content":{"rendered":"<p>Le syst\u00e8me de portage d\u2019\u00e9paule Forest Belt est un compl\u00e9ment ergonomique \u00e0 la ceinture \u00e0 outils. Il r\u00e9partit une partie du poids des outils port\u00e9s sur les \u00e9paules. Bien entendu, le syst\u00e8me de portage \u00e0 l\u2019\u00e9paule est r\u00e9glable individuellement.  <\/p>\n<p>Le support pour smartphone a les dimensions suivantes : dimensions ext\u00e9rieures 165 x 100 x 25 mm, dimensions int\u00e9rieures 150 x 90 x 20 mm (L x l x H).<\/p>\n<ul>\n<li>Syst\u00e8me de portage d\u2019\u00e9paule pour harnais forestier<\/li>\n<li>R\u00e9glable individuellement<\/li>\n<li>larges sangles d\u2019arrimage<\/li>\n<li>Couleurs de signalisation et bandes r\u00e9fl\u00e9chissantes<\/li>\n<li>R\u00e9glage frontal \u00e9galement fixable<\/li>\n<li>Poids 470 g<\/li>\n<\/ul>\n","protected":false},"excerpt":{"rendered":"<p>Le syst\u00e8me de portage d\u2019\u00e9paule Forest Belt est un compl\u00e9ment ergonomique \u00e0 la ceinture \u00e0 outils. Il r\u00e9partit une partie<\/p>\n","protected":false},"featured_media":460967,"template":"","meta":{"_seopress_robots_primary_cat":"","_seopress_titles_title":"","_seopress_titles_desc":"","_seopress_robots_index":""},"product_brand":[3408],"product_cat":[29,484],"product_tag":[],"class_list":{"0":"post-461143","1":"product","2":"type-product","3":"status-publish","4":"has-post-thumbnail","6":"product_brand-forstkoppel","7":"product_cat-macchinari","8":"product_cat-utensili-e-accessori-forestali","9":"sws-gruppo-abb-libero-fr","10":"sws-conto-ricavi-merci-rivendita-abbigliamento-fr","11":"sws-gruppo-iva-iva81-fr","13":"first","14":"instock","15":"shipping-taxable","16":"purchasable","17":"product-type-simple"},"_links":{"self":[{"href":"https:\/\/lucacastelli.com\/fr\/wp-json\/wp\/v2\/product\/461143","targetHints":{"allow":["GET"]}}],"collection":[{"href":"https:\/\/lucacastelli.com\/fr\/wp-json\/wp\/v2\/product"}],"about":[{"href":"https:\/\/lucacastelli.com\/fr\/wp-json\/wp\/v2\/types\/product"}],"wp:featuredmedia":[{"embeddable":true,"href":"https:\/\/lucacastelli.com\/fr\/wp-json\/wp\/v2\/media\/460967"}],"wp:attachment":[{"href":"https:\/\/lucacastelli.com\/fr\/wp-json\/wp\/v2\/media?parent=461143"}],"wp:term":[{"taxonomy":"product_brand","embeddable":true,"href":"https:\/\/lucacastelli.com\/fr\/wp-json\/wp\/v2\/product_brand?post=461143"},{"taxonomy":"product_cat","embeddable":true,"href":"https:\/\/lucacastelli.com\/fr\/wp-json\/wp\/v2\/product_cat?post=461143"},{"taxonomy":"product_tag","embeddable":true,"href":"https:\/\/lucacastelli.com\/fr\/wp-json\/wp\/v2\/product_tag?post=461143"}],"curies":[{"name":"wp","href":"https:\/\/api.w.org\/{rel}","templated":true}]}}