{"id":460914,"date":"2025-06-18T14:58:04","date_gmt":"2025-06-18T12:58:04","guid":{"rendered":"https:\/\/lucacastelli.com\/prodotto\/stihl-ms-391-2\/"},"modified":"2025-06-24T13:18:45","modified_gmt":"2025-06-24T11:18:45","slug":"stihl-ms-391-2","status":"publish","type":"product","link":"https:\/\/lucacastelli.com\/fr\/produit\/stihl-ms-391-2\/","title":{"rendered":"STIHL MS 391"},"content":{"rendered":"<p>La nouvelle tron\u00e7onneuse robuste STIHL MS 391 est disponible pour tous les agriculteurs, paysagistes et artisans. Gr\u00e2ce \u00e0 la conception innovante du moteur et du syst\u00e8me de filtrage, elle est particuli\u00e8rement puissante, \u00e9conomique, propre et ne n\u00e9cessite que peu d&#8217;entretien. Tout cela en fait un outil pr\u00e9cieux pour la pr\u00e9paration du bois de chauffage, les plantations d&#8217;arbres, ainsi que pour les travaux d&#8217;artisanat du bois. En outre, il est conforme \u00e0 la norme EU II sur les gaz d&#8217;\u00e9chappement, qui entrera en vigueur en 2012.   <\/p>\n<table class=\"technical_data\">\n<thead>\n<tr>\n<th class=\"col1\">Donn\u00e9es techniques<\/th>\n<th class=\"col2\">Valeur<\/th>\n<\/tr>\n<\/thead>\n<tbody>\n<tr class=\"\">\n<td class=\"col1\">Cylindre cm\u00b3<\/td>\n<td class=\"col2\">64,1<\/td>\n<\/tr>\n<tr class=\"odd\">\n<td class=\"col1\"><span style=\"font-weight: normal;\">PuissancekW\/HP<\/span><\/td>\n<td class=\"col2\"><span style=\"font-weight: bold;\">3,<\/span><span style=\"font-weight: normal;\">3\/4,5<\/span><\/td>\n<\/tr>\n<tr class=\"\">\n<td class=\"col1\">Pesokg<br \/>\n 1<sup>)<\/sup><\/td>\n<td class=\"col2\">6,2<\/td>\n<\/tr>\n<tr class=\"odd\">\n<td class=\"col1\">Rapport poids\/puissance kg\/kW<\/td>\n<td class=\"col2\">1,9<\/td>\n<\/tr>\n<tr class=\"\">\n<td class=\"col1\">Poids total kg<br \/>\n 2<sup>)<\/sup><\/td>\n<td class=\"col2\">7,2 \/ 7,33<\/td>\n<\/tr>\n<tr class=\"odd\">\n<td class=\"col1\">CO2g\/kWh<\/td>\n<td class=\"col2\">755<\/td>\n<\/tr>\n<tr class=\"\">\n<td class=\"col1\">Niveau de pression acoustiqueadB(A)<br \/>\n 3)<\/td>\n<td class=\"col2\">105<\/td>\n<\/tr>\n<tr class=\"odd\">\n<td class=\"col1\">Niveau de puissance acoustiqueadB(A)<br \/>\n 3)<\/td>\n<td class=\"col2\">117<\/td>\n<\/tr>\n<tr class=\"\">\n<td class=\"col1\">Valeur vibratoire gauche\/droiteram\/s\u00b2<br \/>\n 4<sup>)<\/sup><\/td>\n<td class=\"col2\">4\/4<\/td>\n<\/tr>\n<tr class=\"odd\">\n<td class=\"col1\">Pas de la cha\u00eene<\/td>\n<td class=\"col2\">3\/8 &#8220;<\/td>\n<\/tr>\n<\/tbody>\n<\/table>\n","protected":false},"excerpt":{"rendered":"<p>La nouvelle tron\u00e7onneuse robuste STIHL MS 391 est disponible pour tous les agriculteurs, paysagistes et artisans. Gr\u00e2ce \u00e0 la conception<\/p>\n","protected":false},"featured_media":460901,"template":"","meta":{"_seopress_robots_primary_cat":"none","_seopress_titles_title":"","_seopress_titles_desc":"","_seopress_robots_index":""},"product_brand":[3366],"product_cat":[29],"product_tag":[],"class_list":{"0":"post-460914","1":"product","2":"type-product","3":"status-publish","4":"has-post-thumbnail","6":"product_brand-stihl","7":"product_cat-macchinari","9":"first","10":"instock","11":"shipping-taxable","12":"purchasable","13":"product-type-simple"},"_links":{"self":[{"href":"https:\/\/lucacastelli.com\/fr\/wp-json\/wp\/v2\/product\/460914","targetHints":{"allow":["GET"]}}],"collection":[{"href":"https:\/\/lucacastelli.com\/fr\/wp-json\/wp\/v2\/product"}],"about":[{"href":"https:\/\/lucacastelli.com\/fr\/wp-json\/wp\/v2\/types\/product"}],"wp:featuredmedia":[{"embeddable":true,"href":"https:\/\/lucacastelli.com\/fr\/wp-json\/wp\/v2\/media\/460901"}],"wp:attachment":[{"href":"https:\/\/lucacastelli.com\/fr\/wp-json\/wp\/v2\/media?parent=460914"}],"wp:term":[{"taxonomy":"product_brand","embeddable":true,"href":"https:\/\/lucacastelli.com\/fr\/wp-json\/wp\/v2\/product_brand?post=460914"},{"taxonomy":"product_cat","embeddable":true,"href":"https:\/\/lucacastelli.com\/fr\/wp-json\/wp\/v2\/product_cat?post=460914"},{"taxonomy":"product_tag","embeddable":true,"href":"https:\/\/lucacastelli.com\/fr\/wp-json\/wp\/v2\/product_tag?post=460914"}],"curies":[{"name":"wp","href":"https:\/\/api.w.org\/{rel}","templated":true}]}}