{"id":460844,"date":"2025-06-18T13:52:33","date_gmt":"2025-06-18T11:52:33","guid":{"rendered":"https:\/\/lucacastelli.com\/prodotto\/stihl-bga-300-0-2\/"},"modified":"2025-06-24T13:18:55","modified_gmt":"2025-06-24T11:18:55","slug":"stihl-bga-300-0-2","status":"publish","type":"product","link":"https:\/\/lucacastelli.com\/fr\/produit\/stihl-bga-300-0-2\/","title":{"rendered":"STIHL BGA 300.0"},"content":{"rendered":"<p>Le premier souffleur \u00e0 dos et en m\u00eame temps le plus puissant de la gamme STIHL. Gr\u00e2ce au syst\u00e8me unique de r\u00e9duction du bruit STIHL, il est particuli\u00e8rement silencieux pour les r\u00e9sidents et les passants et est donc id\u00e9al pour nettoyer efficacement de grandes surfaces dans les zones sensibles au bruit. M\u00eame les feuilles humides et lourdes peuvent \u00eatre enlev\u00e9es rapidement et facilement gr\u00e2ce \u00e0 la vitesse \u00e9lev\u00e9e de l&#8217;air, qui peut atteindre 86 m\/s en mode &#8220;boost&#8221;. Le BGA 300 s\u00e9duit par son excellente gestion de l&#8217;\u00e9nergie, son confort de travail particuli\u00e8rement \u00e9lev\u00e9 et sa facilit\u00e9 d&#8217;utilisation : un outil de travail id\u00e9al pour l&#8217;entretien professionnel des espaces verts et les t\u00e2ches de nettoyage des communes.   <\/p>\n<table class=\"technical_data\">\n<thead>\n<tr>\n<th class=\"col1\">Donn\u00e9es techniques<\/th>\n<th class=\"col2\">Valeur<\/th>\n<\/tr>\n<\/thead>\n<tbody>\n<tr class=\"\">\n<td class=\"col1\">Puissance du jetN<br \/>\n 1<sup>)<\/sup><\/td>\n<td class=\"col2\">26<\/td>\n<\/tr>\n<tr class=\"odd\">\n<td class=\"col1\">Dur\u00e9e de fonctionnement avec AR 3000 Lmin<br \/>\n 2<sup>)<\/sup><\/td>\n<td class=\"col2\">jusqu&#8217;\u00e0 61<\/td>\n<\/tr>\n<tr class=\"\">\n<td class=\"col1\">Tension nominaleV<\/td>\n<td class=\"col2\">36<\/td>\n<\/tr>\n<tr class=\"odd\">\n<td class=\"col1\">Niveau de pression acoustiqueadB(A)<br \/>\n 3)<\/td>\n<td class=\"col2\">84<\/td>\n<\/tr>\n<tr class=\"\">\n<td class=\"col1\">Dur\u00e9e de fonctionnement avec AR 2000 Lmin<br \/>\n 2)<\/td>\n<td class=\"col2\">jusqu&#8217;\u00e0 48<\/td>\n<\/tr>\n<tr class=\"odd\">\n<td class=\"col1\">Niveau de puissance acoustiqueadB(A)<br \/>\n 3)<\/td>\n<td class=\"col2\">94<\/td>\n<\/tr>\n<tr class=\"\">\n<td class=\"col1\">Pesokg<\/td>\n<td class=\"col2\">7,4<\/td>\n<\/tr>\n<tr class=\"odd\">\n<td class=\"col1\">Vitesse maximale de l&#8217;air m\/s<\/td>\n<td class=\"col2\">86<\/td>\n<\/tr>\n<tr class=\"\">\n<td class=\"col1\">D\u00e9bit d&#8217;air\u00b3\/h<br \/>\n 4<sup>)<\/sup><\/td>\n<td class=\"col2\">970<\/td>\n<\/tr>\n<tr class=\"odd\">\n<td class=\"col1\">Valeur vibratoire dextram\/s\u00b2<br \/>\n 5<sup>)<\/sup><\/td>\n<td class=\"col2\">0,2<\/td>\n<\/tr>\n<\/tbody>\n<\/table>\n","protected":false},"excerpt":{"rendered":"<p>Le premier souffleur \u00e0 dos et en m\u00eame temps le plus puissant de la gamme STIHL. Gr\u00e2ce au syst\u00e8me unique<\/p>\n","protected":false},"featured_media":460827,"template":"","meta":{"_seopress_robots_primary_cat":"","_seopress_titles_title":"","_seopress_titles_desc":"","_seopress_robots_index":""},"product_brand":[3555],"product_cat":[167,1643,1651],"product_tag":[],"class_list":{"0":"post-460844","1":"product","2":"type-product","3":"status-publish","4":"has-post-thumbnail","6":"product_brand-stihl-fr","7":"product_cat-machines","8":"product_cat-souffleurs-et-aspirateurs","9":"product_cat-souffleurs-a-batterie","10":"sws-gruppo-macchinari-fr","11":"sws-conto-ricavi-merci-rivendita-macchinari-fr","12":"sws-gruppo-iva-iva81-fr","14":"first","15":"instock","16":"shipping-taxable","17":"purchasable","18":"product-type-simple"},"_links":{"self":[{"href":"https:\/\/lucacastelli.com\/fr\/wp-json\/wp\/v2\/product\/460844","targetHints":{"allow":["GET"]}}],"collection":[{"href":"https:\/\/lucacastelli.com\/fr\/wp-json\/wp\/v2\/product"}],"about":[{"href":"https:\/\/lucacastelli.com\/fr\/wp-json\/wp\/v2\/types\/product"}],"wp:featuredmedia":[{"embeddable":true,"href":"https:\/\/lucacastelli.com\/fr\/wp-json\/wp\/v2\/media\/460827"}],"wp:attachment":[{"href":"https:\/\/lucacastelli.com\/fr\/wp-json\/wp\/v2\/media?parent=460844"}],"wp:term":[{"taxonomy":"product_brand","embeddable":true,"href":"https:\/\/lucacastelli.com\/fr\/wp-json\/wp\/v2\/product_brand?post=460844"},{"taxonomy":"product_cat","embeddable":true,"href":"https:\/\/lucacastelli.com\/fr\/wp-json\/wp\/v2\/product_cat?post=460844"},{"taxonomy":"product_tag","embeddable":true,"href":"https:\/\/lucacastelli.com\/fr\/wp-json\/wp\/v2\/product_tag?post=460844"}],"curies":[{"name":"wp","href":"https:\/\/api.w.org\/{rel}","templated":true}]}}