{"id":460760,"date":"2025-06-16T07:38:22","date_gmt":"2025-06-16T05:38:22","guid":{"rendered":"https:\/\/lucacastelli.com\/prodotto\/hsa-130-t-75-cm-sans-accu-ni-chargeur\/"},"modified":"2025-07-07T13:01:00","modified_gmt":"2025-07-07T11:01:00","slug":"hsa-130-t-75-cm-sans-accu-ni-chargeur","status":"publish","type":"product","link":"https:\/\/lucacastelli.com\/fr\/produit\/hsa-130-t-75-cm-sans-accu-ni-chargeur\/","title":{"rendered":"STIHL HSA 130 T 75 cm sans batterie ni chargeur"},"content":{"rendered":"<p>Taille-haie professionnel puissant<br \/>\nLe puissant taille-haie STIHL HSA 130 T vous aide dans l&#8217;am\u00e9nagement paysager professionnel et dans les communes gr\u00e2ce \u00e0 sa lame aff\u00fbt\u00e9e des deux c\u00f4t\u00e9s dans la version taille, offrant des coupes pr\u00e9cises lors de la taille d&#8217;arbustes et de haies. Les lames de coupe travaillent \u00e0 grande vitesse, de sorte que les feuilles et les branches sont coup\u00e9es proprement. Vous pouvez r\u00e9gler la vitesse sur 3 niveaux, de 4 400 coups\/minute \u00e0 5 000 coups\/minute, \u00e0 l&#8217;aide de la poign\u00e9e rotative multifonctionnelle. La vitesse reste constante m\u00eame en cas de charge \u00e9lev\u00e9e.   <\/p>\n<p>Le STIHL HSA 130 T est un taille-haies \u00e0 batterie tr\u00e8s puissant et robuste. Il fonctionne avec les batteries lithium-ion du syst\u00e8me STIHL AP de mani\u00e8re tr\u00e8s silencieuse, ce qui vous permet de tailler des haies m\u00eame dans les zones sensibles au bruit. La poign\u00e9e multifonctionnelle peut \u00eatre tourn\u00e9e de 90\u00b0 vers la droite ou vers la gauche. Ainsi, chaque coupe dans diff\u00e9rentes directions est toujours soutenue par une position de travail ergonomique. Pour une utilisation moins fatigante du taille-haie STIHL HSA 130 T dans toutes les directions de travail, il est \u00e9quip\u00e9 en plus d&#8217;une poign\u00e9e arqu\u00e9e. Les protections de coupe et de guidage viss\u00e9es prot\u00e8gent votre s\u00e9curit\u00e9 et l&#8217;outil de coupe.     <\/p>\n<p>Pour le transfert de l&#8217;\u00e9nergie de la batterie, vous pouvez utiliser de mani\u00e8re flexible le sac de ceinture STIHL AP avec le c\u00e2ble de connexion, le syst\u00e8me de transport STIHL ou la batterie de sac \u00e0 dos STIHL AR 2000.<\/p>\n<p>Le Taille-haies \u00e0 batterie STIHL HSA 130 T est disponible en 2 longueurs de coupe : 60 cm et 75 cm.<\/p>\n","protected":false},"excerpt":{"rendered":"<p>Taille-haie professionnel puissant Le puissant taille-haie STIHL HSA 130 T vous aide dans l&#8217;am\u00e9nagement paysager professionnel et dans les communes<\/p>\n","protected":false},"featured_media":424507,"template":"","meta":{"_seopress_robots_primary_cat":"none","_seopress_titles_title":"","_seopress_titles_desc":"","_seopress_robots_index":""},"product_brand":[3366],"product_cat":[29,282,267],"product_tag":[3265],"class_list":{"0":"post-460760","1":"product","2":"type-product","3":"status-publish","4":"has-post-thumbnail","6":"product_brand-stihl","7":"product_cat-macchinari","8":"product_cat-tosasiepi-e-potatori-a-batteria","9":"product_cat-tosasiepi-e-potatori","10":"product_tag-import-stihl","11":"sws-gruppo-macchinari-fr","12":"sws-marca-stihl-vertriebs-ag-fr","13":"sws-conto-ricavi-merci-rivendita-macchinari-fr","14":"sws-gruppo-iva-iva81-fr","16":"first","17":"onbackorder","18":"purchasable","19":"product-type-simple"},"_links":{"self":[{"href":"https:\/\/lucacastelli.com\/fr\/wp-json\/wp\/v2\/product\/460760","targetHints":{"allow":["GET"]}}],"collection":[{"href":"https:\/\/lucacastelli.com\/fr\/wp-json\/wp\/v2\/product"}],"about":[{"href":"https:\/\/lucacastelli.com\/fr\/wp-json\/wp\/v2\/types\/product"}],"wp:featuredmedia":[{"embeddable":true,"href":"https:\/\/lucacastelli.com\/fr\/wp-json\/wp\/v2\/media\/424507"}],"wp:attachment":[{"href":"https:\/\/lucacastelli.com\/fr\/wp-json\/wp\/v2\/media?parent=460760"}],"wp:term":[{"taxonomy":"product_brand","embeddable":true,"href":"https:\/\/lucacastelli.com\/fr\/wp-json\/wp\/v2\/product_brand?post=460760"},{"taxonomy":"product_cat","embeddable":true,"href":"https:\/\/lucacastelli.com\/fr\/wp-json\/wp\/v2\/product_cat?post=460760"},{"taxonomy":"product_tag","embeddable":true,"href":"https:\/\/lucacastelli.com\/fr\/wp-json\/wp\/v2\/product_tag?post=460760"}],"curies":[{"name":"wp","href":"https:\/\/api.w.org\/{rel}","templated":true}]}}