{"id":457172,"date":"2025-06-14T08:50:26","date_gmt":"2025-06-14T06:50:26","guid":{"rendered":"https:\/\/lucacastelli.com\/prodotto\/stihl-br-450-2\/"},"modified":"2025-07-19T17:33:30","modified_gmt":"2025-07-19T15:33:30","slug":"stihl-br-450-2","status":"publish","type":"product","link":"https:\/\/lucacastelli.com\/fr\/produit\/stihl-br-450-2\/","title":{"rendered":"STIHL BR 450"},"content":{"rendered":"<p>Souffleur puissant avec r\u00e9glage en continu de la longueur du tube de soufflage, poign\u00e9e en caoutchouc \u00e0 deux composants, syst\u00e8me anti-vibration STIHL, bretelles larges, d\u00e9marrage facile, levier d\u2019acc\u00e9l\u00e9rateur verrouillable avec bouton d\u2019arr\u00eat, poign\u00e9e de transport, r\u00e9glage de la position de la poign\u00e9e sans outil.<\/p>\n","protected":false},"excerpt":{"rendered":"<p>Souffleur puissant avec r\u00e9glage en continu de la longueur du tube de soufflage, poign\u00e9e en caoutchouc \u00e0 deux composants, syst\u00e8me<\/p>\n","protected":false},"featured_media":457167,"template":"","meta":{"_seopress_robots_primary_cat":"none","_seopress_titles_title":"","_seopress_titles_desc":"","_seopress_robots_index":""},"product_brand":[3366],"product_cat":[29,485,486],"product_tag":[],"class_list":{"0":"post-457172","1":"product","2":"type-product","3":"status-publish","4":"has-post-thumbnail","6":"product_brand-stihl","7":"product_cat-macchinari","8":"product_cat-soffiatori-e-aspiratori","9":"product_cat-soffiatori-a-motore","11":"first","12":"instock","13":"shipping-taxable","14":"purchasable","15":"product-type-simple"},"_links":{"self":[{"href":"https:\/\/lucacastelli.com\/fr\/wp-json\/wp\/v2\/product\/457172","targetHints":{"allow":["GET"]}}],"collection":[{"href":"https:\/\/lucacastelli.com\/fr\/wp-json\/wp\/v2\/product"}],"about":[{"href":"https:\/\/lucacastelli.com\/fr\/wp-json\/wp\/v2\/types\/product"}],"wp:featuredmedia":[{"embeddable":true,"href":"https:\/\/lucacastelli.com\/fr\/wp-json\/wp\/v2\/media\/457167"}],"wp:attachment":[{"href":"https:\/\/lucacastelli.com\/fr\/wp-json\/wp\/v2\/media?parent=457172"}],"wp:term":[{"taxonomy":"product_brand","embeddable":true,"href":"https:\/\/lucacastelli.com\/fr\/wp-json\/wp\/v2\/product_brand?post=457172"},{"taxonomy":"product_cat","embeddable":true,"href":"https:\/\/lucacastelli.com\/fr\/wp-json\/wp\/v2\/product_cat?post=457172"},{"taxonomy":"product_tag","embeddable":true,"href":"https:\/\/lucacastelli.com\/fr\/wp-json\/wp\/v2\/product_tag?post=457172"}],"curies":[{"name":"wp","href":"https:\/\/api.w.org\/{rel}","templated":true}]}}