{"id":455980,"date":"2025-06-13T20:20:16","date_gmt":"2025-06-13T18:20:16","guid":{"rendered":"https:\/\/lucacastelli.com\/prodotto\/stihl-caricatore-multiplo-al-301-4-2\/"},"modified":"2026-03-12T13:39:09","modified_gmt":"2026-03-12T12:39:09","slug":"stihl-caricatore-multiplo-al-301-4-2","status":"publish","type":"product","link":"https:\/\/lucacastelli.com\/fr\/produit\/stihl-caricatore-multiplo-al-301-4-2\/","title":{"rendered":"STIHL Chargeur multiple AL 301-4"},"content":{"rendered":"<p>230 V. Chargeur multiple pour la recharge s\u00e9quentielle de jusqu\u2019\u00e0 quatre batteries AP ou batteries AR L avec c\u00e2ble de liaison AR L et adaptateur AP. Peut \u00eatre fix\u00e9 au mur ou sur une \u00e9tag\u00e8re, ainsi qu\u2019install\u00e9 de mani\u00e8re permanente dans le v\u00e9hicule. Alimentation \u00e9lectrique externe. Avec indicateur LED d\u2019\u00e9tat de fonctionnement et refroidissement actif de la batterie. C\u00e2ble de liaison AR L et adaptateur AP pour la recharge des batteries \u00e0 dos AR L non inclus.     <\/p>\n","protected":false},"excerpt":{"rendered":"<p>230 V. Chargeur multiple pour la recharge s\u00e9quentielle de jusqu\u2019\u00e0 quatre batteries AP ou batteries AR L avec c\u00e2ble de<\/p>\n","protected":false},"featured_media":455971,"template":"","meta":{"_seopress_robots_primary_cat":"none","_seopress_titles_title":"","_seopress_titles_desc":"","_seopress_robots_index":""},"product_brand":[3366],"product_cat":[29,491],"product_tag":[],"class_list":{"0":"post-455980","1":"product","2":"type-product","3":"status-publish","4":"has-post-thumbnail","6":"product_brand-stihl","7":"product_cat-macchinari","8":"product_cat-accessori-sistemi-a-batteria","10":"first","11":"onbackorder","12":"shipping-taxable","13":"purchasable","14":"product-type-simple"},"_links":{"self":[{"href":"https:\/\/lucacastelli.com\/fr\/wp-json\/wp\/v2\/product\/455980","targetHints":{"allow":["GET"]}}],"collection":[{"href":"https:\/\/lucacastelli.com\/fr\/wp-json\/wp\/v2\/product"}],"about":[{"href":"https:\/\/lucacastelli.com\/fr\/wp-json\/wp\/v2\/types\/product"}],"wp:featuredmedia":[{"embeddable":true,"href":"https:\/\/lucacastelli.com\/fr\/wp-json\/wp\/v2\/media\/455971"}],"wp:attachment":[{"href":"https:\/\/lucacastelli.com\/fr\/wp-json\/wp\/v2\/media?parent=455980"}],"wp:term":[{"taxonomy":"product_brand","embeddable":true,"href":"https:\/\/lucacastelli.com\/fr\/wp-json\/wp\/v2\/product_brand?post=455980"},{"taxonomy":"product_cat","embeddable":true,"href":"https:\/\/lucacastelli.com\/fr\/wp-json\/wp\/v2\/product_cat?post=455980"},{"taxonomy":"product_tag","embeddable":true,"href":"https:\/\/lucacastelli.com\/fr\/wp-json\/wp\/v2\/product_tag?post=455980"}],"curies":[{"name":"wp","href":"https:\/\/api.w.org\/{rel}","templated":true}]}}