{"id":453464,"date":"2025-06-03T21:30:24","date_gmt":"2025-06-03T19:30:24","guid":{"rendered":"https:\/\/lucacastelli.com\/prodotto\/stades-de-vibration\/"},"modified":"2025-06-29T07:54:49","modified_gmt":"2025-06-29T05:54:49","slug":"stades-de-vibration","status":"publish","type":"product","link":"https:\/\/lucacastelli.com\/fr\/produit\/stades-de-vibration\/","title":{"rendered":"MILWAUKEE Chape vibrante Chape"},"content":{"rendered":"<p>Nos chapes sont dot\u00e9es d\u2019un double triangle extr\u00eamement rigide qui assure une transmission constante des vibrations sur toute la longueur de la barre&lt;Br&gt;  Cerfs l\u00e9gers en magn\u00e9sium pour r\u00e9duire le poids de l\u2019outil&lt;Br&gt;  Conception de l\u2019\u00e9tau sans trous sur la barre pour permettre une fixation rapide et facile de la chape sur l\u2019outil&lt;Br&gt;  Tailles disponibles de 1,22 m \u00e0 4,87 m&lt;Br&gt;  Compatible avec la chape vibrante MX FUEL\u2122<\/p>\n<p>CODE BARRE : 4058546375713<\/p>\n<p>Donn\u00e9es techniques<br \/>\n5.5<\/p>\n","protected":false},"excerpt":{"rendered":"<p>Nos chapes sont dot\u00e9es d\u2019un double triangle extr\u00eamement rigide qui assure une transmission constante des vibrations sur toute la longueur<\/p>\n","protected":false},"featured_media":432999,"template":"","meta":{"_seopress_robots_primary_cat":"","_seopress_titles_title":"","_seopress_titles_desc":"","_seopress_robots_index":""},"product_brand":[3407],"product_cat":[29,514,560],"product_tag":[3270],"class_list":{"0":"post-453464","1":"product","2":"type-product","3":"status-publish","4":"has-post-thumbnail","6":"product_brand-milwaukee","7":"product_cat-macchinari","8":"product_cat-altri-dispositivi","9":"product_cat-vibratore-per-calcestruzzo","10":"product_tag-import-milwau","11":"sws-gruppo-macchinari-fr","12":"sws-conto-ricavi-merci-rivendita-macchinari-fr","13":"sws-gruppo-iva-iva81-fr","15":"first","16":"onbackorder","17":"sale","18":"purchasable","19":"product-type-simple"},"_links":{"self":[{"href":"https:\/\/lucacastelli.com\/fr\/wp-json\/wp\/v2\/product\/453464","targetHints":{"allow":["GET"]}}],"collection":[{"href":"https:\/\/lucacastelli.com\/fr\/wp-json\/wp\/v2\/product"}],"about":[{"href":"https:\/\/lucacastelli.com\/fr\/wp-json\/wp\/v2\/types\/product"}],"wp:featuredmedia":[{"embeddable":true,"href":"https:\/\/lucacastelli.com\/fr\/wp-json\/wp\/v2\/media\/432999"}],"wp:attachment":[{"href":"https:\/\/lucacastelli.com\/fr\/wp-json\/wp\/v2\/media?parent=453464"}],"wp:term":[{"taxonomy":"product_brand","embeddable":true,"href":"https:\/\/lucacastelli.com\/fr\/wp-json\/wp\/v2\/product_brand?post=453464"},{"taxonomy":"product_cat","embeddable":true,"href":"https:\/\/lucacastelli.com\/fr\/wp-json\/wp\/v2\/product_cat?post=453464"},{"taxonomy":"product_tag","embeddable":true,"href":"https:\/\/lucacastelli.com\/fr\/wp-json\/wp\/v2\/product_tag?post=453464"}],"curies":[{"name":"wp","href":"https:\/\/api.w.org\/{rel}","templated":true}]}}