{"id":453456,"date":"2025-06-06T17:41:26","date_gmt":"2025-06-06T15:41:26","guid":{"rendered":"https:\/\/lucacastelli.com\/prodotto\/petzl-top\/"},"modified":"2025-06-29T02:03:49","modified_gmt":"2025-06-29T00:03:49","slug":"petzl-top","status":"publish","type":"product","link":"https:\/\/lucacastelli.com\/fr\/produit\/petzl-top\/","title":{"rendered":"PETZL TOP"},"content":{"rendered":"<p class=\"productSubtitle\">Harnais de poitrine pour harnais de si\u00e8ge<\/p>\n<div class=\"productCaracteristiquesPosition inlineblock\">\n<p class=\"productCaracteristiques inlineblock\">Le harnais de poitrine TOP vous permet de transformer les harnais de si\u00e8ge AVAO SIT, AVAO SIT FAST, FALCON, FALCON MOUNTAIN et SEQUOIA SRT en harnais antichute. Les bretelles rembourr\u00e9es sont s\u00e9par\u00e9es du cou pour limiter les frottements. En cas de charge sur la ceinture, le harnais de poitrine TOP prend en charge cette charge et la r\u00e9partit sur les \u00e9paules.  <\/p>\n<\/div>\n<p>&nbsp;<\/p>\n<h3>Description d\u00e9taill\u00e9e<\/h3>\n<div class=\"list\">\n<ul>\n<li>Transformez les harnais de si\u00e8ge AVAO SIT, AVAO SIT FAST, FALCON, FALCON MOUNTAIN et SEQUOIA SRT en harnais antichute.<\/li>\n<li>Construction confortable&nbsp;:<br \/>\n&#8211; les sangles s\u00e9par\u00e9es du cou limitent les frottements,<br \/>\n&#8211; les bretelles fines et coulissantes permettent une plus grande libert\u00e9 et facilit\u00e9 de mouvement,<br \/>\n&#8211; toute la zone de contact est avec un rembourrage pr\u00e9form\u00e9, recouvert d\u2019un tissu respirant et permet \u00e0 l\u2019utilisateur de bouger et de travailler confortablement.<\/li>\n<li>Installation simplifi\u00e9e :<br \/>\n&#8211; il s\u2019installe \u00e0 l\u2019arri\u00e8re du harnais sur la boucle d\u00e9di\u00e9e au moyen d\u2019un n\u0153ud en gueule de loup,<br \/>\n&#8211; la liaison \u00e0 l\u2019avant du harnais se fait simplement au moyen du connecteur install\u00e9 sur le harnais de poitrine TOP,<br \/>\n&#8211; le r\u00e9glage est simple et pratique, gr\u00e2ce aux boucles autobloquantes DOUBLEBACK, \u00e9quip\u00e9es d\u2019\u00e9l\u00e9ments antid\u00e9rapants,<br \/>\n&#8211; Sangle velcro r\u00e9glable en hauteur et pouvant \u00eatre positionn\u00e9e \u00e0 droite ou \u00e0 gauche pour maintenir l\u2019absorbeur d\u2019\u00e9nergie ASAP\u2019SOBBER.<\/li>\n<\/ul>\n<\/div>\n<h3>Sp\u00e9cifique<\/h3>\n<div class=\"list\">\n<ul>\n<li>Point d\u2019attache sternal : connexion d\u2019un syst\u00e8me antichute.<\/li>\n<li>Certifications&nbsp;: CE EN 361 (avec harnais de si\u00e8ge AVAO SIT, AVAO SIT FAST, FALCON, FALCON MOUNTAIN, SEQUOIA SRT)<\/li>\n<li>Mat\u00e9riaux : polyamide, polyester, aluminium, acier<\/li>\n<\/ul>\n<\/div>\n<p>&nbsp;<\/p>\n","protected":false},"excerpt":{"rendered":"<p>Harnais de poitrine pour harnais de si\u00e8ge Le harnais de poitrine TOP vous permet de transformer les harnais de si\u00e8ge<\/p>\n","protected":false},"featured_media":453289,"template":"","meta":{"_seopress_robots_primary_cat":"","_seopress_titles_title":"","_seopress_titles_desc":"","_seopress_robots_index":""},"product_brand":[3667],"product_cat":[144,1397,1402],"product_tag":[],"class_list":{"0":"post-453456","1":"product","2":"type-product","3":"status-publish","4":"has-post-thumbnail","6":"product_brand-petzl-fr","7":"product_cat-equipement","8":"product_cat-equipement-de-travail","9":"product_cat-harnais-et-equipements-de-securite","10":"sws-gruppo-abb-libero-fr","11":"sws-conto-ricavi-merci-rivendita-abbigliamento-fr","12":"sws-gruppo-iva-iva81-fr","14":"first","15":"instock","16":"shipping-taxable","17":"purchasable","18":"product-type-variable"},"_links":{"self":[{"href":"https:\/\/lucacastelli.com\/fr\/wp-json\/wp\/v2\/product\/453456","targetHints":{"allow":["GET"]}}],"collection":[{"href":"https:\/\/lucacastelli.com\/fr\/wp-json\/wp\/v2\/product"}],"about":[{"href":"https:\/\/lucacastelli.com\/fr\/wp-json\/wp\/v2\/types\/product"}],"wp:featuredmedia":[{"embeddable":true,"href":"https:\/\/lucacastelli.com\/fr\/wp-json\/wp\/v2\/media\/453289"}],"wp:attachment":[{"href":"https:\/\/lucacastelli.com\/fr\/wp-json\/wp\/v2\/media?parent=453456"}],"wp:term":[{"taxonomy":"product_brand","embeddable":true,"href":"https:\/\/lucacastelli.com\/fr\/wp-json\/wp\/v2\/product_brand?post=453456"},{"taxonomy":"product_cat","embeddable":true,"href":"https:\/\/lucacastelli.com\/fr\/wp-json\/wp\/v2\/product_cat?post=453456"},{"taxonomy":"product_tag","embeddable":true,"href":"https:\/\/lucacastelli.com\/fr\/wp-json\/wp\/v2\/product_tag?post=453456"}],"curies":[{"name":"wp","href":"https:\/\/api.w.org\/{rel}","templated":true}]}}