{"id":453455,"date":"2025-06-08T09:47:27","date_gmt":"2025-06-08T07:47:27","guid":{"rendered":"https:\/\/lucacastelli.com\/prodotto\/stihl-rollomatic-e-3-8-1-6mm-50-cm\/"},"modified":"2025-06-08T09:47:27","modified_gmt":"2025-06-08T07:47:27","slug":"stihl-rollomatic-e-3-8-1-6mm-50-cm","status":"publish","type":"product","link":"https:\/\/lucacastelli.com\/fr\/produit\/stihl-rollomatic-e-3-8-1-6mm-50-cm\/","title":{"rendered":"STIHL Rollomatic E, 3\/8&#8243;, 1.6mm 50 cm"},"content":{"rendered":"<p>Le corps du STIHL Rollomatic E est constitu\u00e9 de trois barres m\u00e9talliques \u00e9lectrosoud\u00e9es, dont la centrale est en grande partie creuse. L&#8217;avantage : une grande stabilit\u00e9 pour un faible poids. Pour couvrir la large gamme d&#8217;exigences d&#8217;application, les barres STIHL Rollomatic E sont produites avec deux tailles de t\u00eate diff\u00e9rentes (\u00e9toiles de d\u00e9viation).  <\/p>\n<p>&nbsp;<\/p>\n<p>D\u00e9tails du produit :<\/p>\n<p>Num\u00e9ro de catalogue : 3003 000 5221<\/p>\n<p>\u00c9paisseur de l&#8217;\u00e9l\u00e9ment d&#8217;entra\u00eenement : 1,6 mm<\/p>\n<p>Pas : 3\/8&#8243;<\/p>\n<p>Longueur de coupe : 50 cm<\/p>\n<p>Nombre de dents : 11<\/p>\n<p>\u00c9l\u00e9ments d&#8217;entra\u00eenement : 72 pi\u00e8ces<\/p>\n<p>&nbsp;<\/p>\n<p>Convient aux mod\u00e8les :<\/p>\n<p>&nbsp;<\/p>\n<p>029, 034, 036, 036 QS, 038, 039, 044, 046, 064, 066, LOGOSOL, MS 290, MS 310, MS 311, MS 340, MS 341, MS 360, MS 360 CQ, MS 361, MS 361 CQ, MS 362, MS 362 C, MS 362 CQ, MS 380, MS 381, MS 382, MS 390, MS 391, MS 400, MS 440, MS 441, MS 441 C-Q, MS 460, MS 460 R, MS 461, MS 461 R, MS 462, MS 462 R, MS 500i, MS 640, MS 650, MS 651, MS 660, MS 661, MS 661 C<\/p>\n","protected":false},"excerpt":{"rendered":"<p>Le corps du STIHL Rollomatic E est constitu\u00e9 de trois barres m\u00e9talliques \u00e9lectrosoud\u00e9es, dont la centrale est en grande partie<\/p>\n","protected":false},"featured_media":453416,"template":"","meta":{"_seopress_robots_primary_cat":"none","_seopress_titles_title":"","_seopress_titles_desc":"","_seopress_robots_index":""},"product_brand":[3366],"product_cat":[29,268,524],"product_tag":[],"class_list":{"0":"post-453455","1":"product","2":"type-product","3":"status-publish","4":"has-post-thumbnail","6":"product_brand-stihl","7":"product_cat-macchinari","8":"product_cat-motoseghe","9":"product_cat-spranghe-guida","10":"sws-gruppo-macchinari-fr","11":"sws-conto-ricavi-merci-rivendita-macchinari-fr","12":"sws-gruppo-iva-iva81-fr","14":"first","15":"instock","16":"shipping-taxable","17":"purchasable","18":"product-type-simple"},"_links":{"self":[{"href":"https:\/\/lucacastelli.com\/fr\/wp-json\/wp\/v2\/product\/453455","targetHints":{"allow":["GET"]}}],"collection":[{"href":"https:\/\/lucacastelli.com\/fr\/wp-json\/wp\/v2\/product"}],"about":[{"href":"https:\/\/lucacastelli.com\/fr\/wp-json\/wp\/v2\/types\/product"}],"wp:featuredmedia":[{"embeddable":true,"href":"https:\/\/lucacastelli.com\/fr\/wp-json\/wp\/v2\/media\/453416"}],"wp:attachment":[{"href":"https:\/\/lucacastelli.com\/fr\/wp-json\/wp\/v2\/media?parent=453455"}],"wp:term":[{"taxonomy":"product_brand","embeddable":true,"href":"https:\/\/lucacastelli.com\/fr\/wp-json\/wp\/v2\/product_brand?post=453455"},{"taxonomy":"product_cat","embeddable":true,"href":"https:\/\/lucacastelli.com\/fr\/wp-json\/wp\/v2\/product_cat?post=453455"},{"taxonomy":"product_tag","embeddable":true,"href":"https:\/\/lucacastelli.com\/fr\/wp-json\/wp\/v2\/product_tag?post=453455"}],"curies":[{"name":"wp","href":"https:\/\/api.w.org\/{rel}","templated":true}]}}