{"id":453435,"date":"2025-06-08T09:12:54","date_gmt":"2025-06-08T07:12:54","guid":{"rendered":"https:\/\/lucacastelli.com\/prodotto\/stihl-chaine-a-rouleaux-rapid-super-rs-3-8-16-mm\/"},"modified":"2025-07-19T17:35:17","modified_gmt":"2025-07-19T15:35:17","slug":"stihl-chaine-a-rouleaux-rapid-super-rs-3-8-16-mm","status":"publish","type":"product","link":"https:\/\/lucacastelli.com\/fr\/produit\/stihl-chaine-a-rouleaux-rapid-super-rs-3-8-16-mm\/","title":{"rendered":"STIHL Rapid Super (RS) Rouleau de cha\u00eene 3\/8 1,6 mm"},"content":{"rendered":"<h2><b>Description<\/b><\/h2>\n<p>La cha\u00eene STIHL 3\/8\u2033 Rapid Super (RS) convient aux <b>professionnels de l&#8217;exploitation foresti\u00e8re et de la r\u00e9colte du bois<\/b>. La<b>grande capacit\u00e9 de p\u00e9n\u00e9tration et de coupe<\/b> assure une coupe efficace et rapide du bois, m\u00eame le plus \u00e9pais. Les <b>faibles vibrations<\/b> vous permettent de conduire la tron\u00e7onneuse, par exemple la <a href=\"https:\/\/www.stihl.de\/de\/p\/kettensaegen-motorsaegen-ms-462-79876\"><b>STIHL MS 462<\/b><\/a>en toute s\u00e9curit\u00e9 et facilement dans le bois.  <\/p>\n<p>Parall\u00e8lement, la cha\u00eene professionnelle 3\/8\u2033 Rapid Super (RS) avec un plateau de 1,6 mm se caract\u00e9rise par une<b>qualit\u00e9 de coupe \u00e9lev\u00e9e<\/b> et une <b>faible tendance aux vibrations<\/b>, ce qui vous permet de travailler proprement et pr\u00e9cis\u00e9ment avec votre Tron\u00e7onneuses.<\/p>\n<p>Gr\u00e2ce \u00e0 leurs <b>dents \u00e0 coupe compl\u00e8te et \u00e0 leur faible r\u00e9sistance \u00e0 la coupe<\/b>, les cha\u00eenes Rapid Super 3\/8 pouces offrent les meilleures performances de coupe de toutes les cha\u00eenes Rapid Super. <a href=\"https:\/\/www.stihl.de\/de\/technologie\/kettensysteme-schienensysteme#praezision-ab-werk\"><b>cha\u00eenes STIHL<\/b><\/a>.<\/p>\n<p>&nbsp;<\/p>\n<h2><b>D\u00e9tails techniques<\/b><\/h2>\n<p>Epaisseur de l&#8217;\u00e9l\u00e9ment d&#8217;entra\u00eenement 1,6 mm<\/p>\n<p>Dents de la cha\u00eene \u00e0 biseau complet<\/p>\n<p>Pas de cha\u00eene 3\/8<\/p>\n<p>Nombre de mailles : 1640<\/p>\n<p>&nbsp;<\/p>\n","protected":false},"excerpt":{"rendered":"<p>Description La cha\u00eene STIHL 3\/8\u2033 Rapid Super (RS) convient aux professionnels de l&#8217;exploitation foresti\u00e8re et de la r\u00e9colte du bois.<\/p>\n","protected":false},"featured_media":453409,"template":"","meta":{"_seopress_robots_primary_cat":"none","_seopress_titles_title":"","_seopress_titles_desc":"","_seopress_robots_index":""},"product_brand":[3555],"product_cat":[1607,167,1604],"product_tag":[],"class_list":{"0":"post-453435","1":"product","2":"type-product","3":"status-publish","4":"has-post-thumbnail","6":"product_brand-stihl-fr","7":"product_cat-chaines-et-enrouleurs","8":"product_cat-machines","9":"product_cat-tronconneuses","10":"sws-gruppo-macchinari-fr","11":"sws-conto-ricavi-merci-rivendita-macchinari-fr","12":"sws-gruppo-iva-iva81-fr","14":"first","15":"instock","16":"shipping-taxable","17":"purchasable","18":"product-type-simple"},"_links":{"self":[{"href":"https:\/\/lucacastelli.com\/fr\/wp-json\/wp\/v2\/product\/453435","targetHints":{"allow":["GET"]}}],"collection":[{"href":"https:\/\/lucacastelli.com\/fr\/wp-json\/wp\/v2\/product"}],"about":[{"href":"https:\/\/lucacastelli.com\/fr\/wp-json\/wp\/v2\/types\/product"}],"wp:featuredmedia":[{"embeddable":true,"href":"https:\/\/lucacastelli.com\/fr\/wp-json\/wp\/v2\/media\/453409"}],"wp:attachment":[{"href":"https:\/\/lucacastelli.com\/fr\/wp-json\/wp\/v2\/media?parent=453435"}],"wp:term":[{"taxonomy":"product_brand","embeddable":true,"href":"https:\/\/lucacastelli.com\/fr\/wp-json\/wp\/v2\/product_brand?post=453435"},{"taxonomy":"product_cat","embeddable":true,"href":"https:\/\/lucacastelli.com\/fr\/wp-json\/wp\/v2\/product_cat?post=453435"},{"taxonomy":"product_tag","embeddable":true,"href":"https:\/\/lucacastelli.com\/fr\/wp-json\/wp\/v2\/product_tag?post=453435"}],"curies":[{"name":"wp","href":"https:\/\/api.w.org\/{rel}","templated":true}]}}