{"id":453387,"date":"2025-06-06T17:53:39","date_gmt":"2025-06-06T15:53:39","guid":{"rendered":"https:\/\/lucacastelli.com\/prodotto\/petzl-avao-sit-fast\/"},"modified":"2025-06-29T02:03:57","modified_gmt":"2025-06-29T00:03:57","slug":"petzl-avao-sit-fast","status":"publish","type":"product","link":"https:\/\/lucacastelli.com\/fr\/produit\/petzl-avao-sit-fast\/","title":{"rendered":"PETZL AVAO SIT FAST"},"content":{"rendered":"<p class=\"productSubtitle\">Harnais de si\u00e8ge confortable et polyvalent pour le travail en hauteur<\/p>\n<div class=\"productCaracteristiquesPosition inlineblock\">\n<p class=\"productCaracteristiques inlineblock\">Le harnais de si\u00e8ge AVAO SIT FAST est sp\u00e9cialement con\u00e7u pour les travailleurs en hauteur qui recherchent une solution l\u00e9g\u00e8re et modulaire. Transformable en harnais antichute complet en attachant un harnais de poitrine TOP ou TOP CROLL. Sa conception est adapt\u00e9e aux exigences sp\u00e9cifiques du positionnement de travail et de la descente de c\u00e2ble. Le rembourrage pr\u00e9form\u00e9 et la structure semi-rigide de la ceinture et des tours de cuisse garantissent un confort d\u2019utilisation. La ceinture, avec les points d\u2019attache lat\u00e9raux m\u00e9talliques, les boucles d\u2019\u00e9quipement et les boucles d\u2019outils, permet d\u2019organiser tout le mat\u00e9riel n\u00e9cessaire \u00e0 une journ\u00e9e de travail. L\u2019ajustement est \u00e9galement rapide et facile, gr\u00e2ce aux boucles autobloquantes DOUBLEBACK sur la ceinture et aux boucles ouvrantes FAST sur les tours de cuisse.     <\/p>\n<\/div>\n<h3>Description d\u00e9taill\u00e9e<\/h3>\n<div class=\"list\">\n<ul>\n<li>Construction confortable :<br \/>\n&#8211; toutes les zones de contact, la ceinture et les tours de cuisse, avec rembourrage pr\u00e9form\u00e9 et recouvert d\u2019un tissu respirant, permettent \u00e0 l\u2019utilisateur de se d\u00e9placer et de travailler confortablement,<br \/>\n&#8211; la ceinture semi-rigide et les tours de cuisse garantissent un ajustement et une \u00e9tanch\u00e9it\u00e9 parfaits du harnais au corps de l\u2019utilisateur,<br \/>\n&#8211; les points d\u2019attache lat\u00e9raux en m\u00e9tal sont pliables pour \u00e9viter qu\u2019ils ne soient attach\u00e9s par inadvertance lorsqu\u2019ils ne sont pas utilis\u00e9s.<br \/>\n&#8211; L\u2019arri\u00e8re des tours de cuisse est \u00e9quip\u00e9 de sangles \u00e9lastiques (rempla\u00e7ables &#8211; disponibles en tant qu\u2019accessoire) pour maintenir le bon ajustement \u00e0 la fois lors de la conduite et lorsqu\u2019il est suspendu.<\/li>\n<li>Un harnais de si\u00e8ge, qui peut \u00eatre facilement transform\u00e9 en harnais antichute complet, en fixant directement un harnais de poitrine TOP ou TOP CROLL \u00e0 l\u2019aide d\u2019un RING OPEN ou d\u2019un maillon rapide.<\/li>\n<li>R\u00e9glage confortable et rapide :<br \/>\n&#8211; le r\u00e9glage est confortable et rapide, gr\u00e2ce aux boucles autobloquantes DOUBLEBACK de la ceinture et aux boucles ouvrantes FAST des tours de cuisse,<br \/>\n &#8211; les \u00e9l\u00e9ments antid\u00e9rapants, install\u00e9s sur les boucles DOUBLEBACK, vous permettent de maintenir le bon r\u00e9glage pendant toutes les phases de travail.<\/li>\n<li>Conception qui facilite le transport et l\u2019organisation du mat\u00e9riel :<br \/>\n&#8211; le ventral D m\u00e9tallique est \u00e9quip\u00e9 de points de connexion pour l\u2019installation d\u2019un si\u00e8ge PODIUM ou LITEPOD,<br \/>\n&#8211; le point de connexion ventral est \u00e9quip\u00e9 d\u2019une boucle textile d\u00e9di\u00e9e, qui permet l\u2019installation d\u2019une longe au moyen d\u2019un anneau de connexion RING OPEN,<br \/>\n&#8211; deux points d\u2019attache lat\u00e9raux m\u00e9talliques pour la connexion d\u2019une longe \u00e0 double positionnement,<br \/>\n&#8211; cinq boucles d\u2019\u00e9quipement pr\u00e9form\u00e9es avec gaine de protection,<br \/>\n &#8211; deux boucles pour les boucles d\u2019\u00e9quipement CARITOOL ou l\u2019\u00e9l\u00e9ment de liaison INTERFAST.<\/li>\n<\/ul>\n<\/div>\n","protected":false},"excerpt":{"rendered":"<p>Harnais de si\u00e8ge confortable et polyvalent pour le travail en hauteur Le harnais de si\u00e8ge AVAO SIT FAST est sp\u00e9cialement<\/p>\n","protected":false},"featured_media":453327,"template":"","meta":{"_seopress_robots_primary_cat":"none","_seopress_titles_title":"","_seopress_titles_desc":"","_seopress_robots_index":""},"product_brand":[3446],"product_cat":[33,537,814],"product_tag":[],"class_list":{"0":"post-453387","1":"product","2":"type-product","3":"status-publish","4":"has-post-thumbnail","6":"product_brand-petzl","7":"product_cat-attrezzature","8":"product_cat-attrezzatura-da-lavoro","9":"product_cat-imbraghi-e-materiale-di-sicurezza","10":"sws-gruppo-abb-libero-fr","11":"sws-conto-ricavi-merci-rivendita-abbigliamento-fr","12":"sws-gruppo-iva-iva81-fr","14":"first","15":"instock","16":"shipping-taxable","17":"purchasable","18":"product-type-variable"},"_links":{"self":[{"href":"https:\/\/lucacastelli.com\/fr\/wp-json\/wp\/v2\/product\/453387","targetHints":{"allow":["GET"]}}],"collection":[{"href":"https:\/\/lucacastelli.com\/fr\/wp-json\/wp\/v2\/product"}],"about":[{"href":"https:\/\/lucacastelli.com\/fr\/wp-json\/wp\/v2\/types\/product"}],"wp:featuredmedia":[{"embeddable":true,"href":"https:\/\/lucacastelli.com\/fr\/wp-json\/wp\/v2\/media\/453327"}],"wp:attachment":[{"href":"https:\/\/lucacastelli.com\/fr\/wp-json\/wp\/v2\/media?parent=453387"}],"wp:term":[{"taxonomy":"product_brand","embeddable":true,"href":"https:\/\/lucacastelli.com\/fr\/wp-json\/wp\/v2\/product_brand?post=453387"},{"taxonomy":"product_cat","embeddable":true,"href":"https:\/\/lucacastelli.com\/fr\/wp-json\/wp\/v2\/product_cat?post=453387"},{"taxonomy":"product_tag","embeddable":true,"href":"https:\/\/lucacastelli.com\/fr\/wp-json\/wp\/v2\/product_tag?post=453387"}],"curies":[{"name":"wp","href":"https:\/\/api.w.org\/{rel}","templated":true}]}}