{"id":452715,"date":"2025-06-06T11:16:04","date_gmt":"2025-06-06T09:16:04","guid":{"rendered":"https:\/\/lucacastelli.com\/prodotto\/stihl-motomix-2\/"},"modified":"2026-04-16T21:22:32","modified_gmt":"2026-04-16T19:22:32","slug":"stihl-motomix-2","status":"publish","type":"product","link":"https:\/\/lucacastelli.com\/fr\/produit\/stihl-motomix-2\/","title":{"rendered":"STIHL MOTOMIX"},"content":{"rendered":"<p>Carburant pr\u00e9m\u00e9lang\u00e9 (1:50) en conditionnement r\u00e9utilisable pour tous les moteurs STIHL. Avec une nouvelle formule d&#8217;essence et la nouvelle huile Premium STIHL HP Ultra biod\u00e9gradable. Garantit un moteur propre durablement, avec d&#8217;excellentes propri\u00e9t\u00e9s lubrifiantes associ\u00e9es \u00e0 une r\u00e9duction significative des gaz d&#8217;\u00e9chappement nocifs par rapport aux carburants normaux. La formulation originale garantit une acc\u00e9l\u00e9ration optimale et un fonctionnement silencieux. Le conditionnement est adapt\u00e9 au syst\u00e8me de ravitaillement STIHL.    <\/p>\n<p>Conditionnement r\u00e9utilisable<br \/>\nBrevet EP 2031043<\/p>\n","protected":false},"excerpt":{"rendered":"<p>Carburant pr\u00e9m\u00e9lang\u00e9 (1:50) en conditionnement r\u00e9utilisable pour tous les moteurs STIHL. Avec une nouvelle formule d&#8217;essence et la nouvelle huile<\/p>\n","protected":false},"featured_media":452710,"template":"","meta":{"_seopress_robots_primary_cat":"none","_seopress_titles_title":"","_seopress_titles_desc":"","_seopress_robots_index":""},"product_brand":[3555],"product_cat":[1435,1441],"product_tag":[],"class_list":{"0":"post-452715","1":"product","2":"type-product","3":"status-publish","4":"has-post-thumbnail","6":"product_brand-stihl-fr","7":"product_cat-carburants-et-huiles","8":"product_cat-carburants","10":"first","11":"onbackorder","12":"shipping-taxable","13":"purchasable","14":"product-type-simple"},"_links":{"self":[{"href":"https:\/\/lucacastelli.com\/fr\/wp-json\/wp\/v2\/product\/452715","targetHints":{"allow":["GET"]}}],"collection":[{"href":"https:\/\/lucacastelli.com\/fr\/wp-json\/wp\/v2\/product"}],"about":[{"href":"https:\/\/lucacastelli.com\/fr\/wp-json\/wp\/v2\/types\/product"}],"wp:featuredmedia":[{"embeddable":true,"href":"https:\/\/lucacastelli.com\/fr\/wp-json\/wp\/v2\/media\/452710"}],"wp:attachment":[{"href":"https:\/\/lucacastelli.com\/fr\/wp-json\/wp\/v2\/media?parent=452715"}],"wp:term":[{"taxonomy":"product_brand","embeddable":true,"href":"https:\/\/lucacastelli.com\/fr\/wp-json\/wp\/v2\/product_brand?post=452715"},{"taxonomy":"product_cat","embeddable":true,"href":"https:\/\/lucacastelli.com\/fr\/wp-json\/wp\/v2\/product_cat?post=452715"},{"taxonomy":"product_tag","embeddable":true,"href":"https:\/\/lucacastelli.com\/fr\/wp-json\/wp\/v2\/product_tag?post=452715"}],"curies":[{"name":"wp","href":"https:\/\/api.w.org\/{rel}","templated":true}]}}