{"id":444535,"date":"2025-06-02T08:52:26","date_gmt":"2025-06-02T06:52:26","guid":{"rendered":"https:\/\/lucacastelli.com\/prodotto\/stihl-ms-171-2\/"},"modified":"2025-06-02T09:04:40","modified_gmt":"2025-06-02T07:04:40","slug":"stihl-ms-171-2","status":"publish","type":"product","link":"https:\/\/lucacastelli.com\/fr\/produit\/stihl-ms-171-2\/","title":{"rendered":"STIHL MS 171"},"content":{"rendered":"<p>Petite tron\u00e7onneuse \u00e0 essence moderne <\/p>\n<p>Une tron\u00e7onneuse \u00e0 essence moderne et peu vibrante pour l&#8217;entretien du sol. Rotation large. Syst\u00e8me de filtration avec pr\u00e9-nettoyage. R\u00e9pond aux normes d&#8217;\u00e9chappement strictes de l&#8217;UE II et de l&#8217;EPA II. Excellent pour l&#8217;abattage des arbres jusqu&#8217;\u00e0 30 cm de diam\u00e8tre.<\/p>\n<p>Donn\u00e9es techniques<\/p>\n<p>D\u00e9placement cm\u00b3 31.8<br \/>\nPuissance kW\/HP 1,3\/1,8<br \/>\nPoids kg 1) 4,3<br \/>\nRapport poids\/puissance kg\/kW 3,3<br \/>\nPoids total kg 2) 4.77 \/ 4.85<br \/>\nNiveau de pression acoustique dB(A) 3) 99<br \/>\nNiveau de puissance acoustique dB(A) 3) 112<br \/>\nValeur de vibration gauche\/droite m\/s\u00b2 4) 4\/4,5<br \/>\nCO2 g\/kWh 1,072<br \/>\nPas de la cha\u00eene 3\/8&#8243; P<\/p>\n<p>1) sans carburant, guide-cha\u00eene et cha\u00eene<br \/>\n2) sans carburant, avec guide-cha\u00eene et cha\u00eene<br \/>\n3) Facteur K selon RL 2006\/42\/CE = 2,5 dB(A)<br \/>\n4) Facteur K selon RL 2006\/42\/CE = 2 m\/s\u00b2<\/p>\n","protected":false},"excerpt":{"rendered":"<p>Petite tron\u00e7onneuse \u00e0 essence moderne Une tron\u00e7onneuse \u00e0 essence moderne et peu vibrante pour l&#8217;entretien du sol. Rotation large. Syst\u00e8me<\/p>\n","protected":false},"featured_media":444528,"template":"","meta":{"_seopress_robots_primary_cat":"","_seopress_titles_title":"","_seopress_titles_desc":"","_seopress_robots_index":""},"product_brand":[3555],"product_cat":[167],"product_tag":[],"class_list":{"0":"post-444535","1":"product","2":"type-product","3":"status-publish","4":"has-post-thumbnail","6":"product_brand-stihl-fr","7":"product_cat-machines","9":"first","10":"onbackorder","11":"shipping-taxable","12":"purchasable","13":"product-type-simple"},"_links":{"self":[{"href":"https:\/\/lucacastelli.com\/fr\/wp-json\/wp\/v2\/product\/444535","targetHints":{"allow":["GET"]}}],"collection":[{"href":"https:\/\/lucacastelli.com\/fr\/wp-json\/wp\/v2\/product"}],"about":[{"href":"https:\/\/lucacastelli.com\/fr\/wp-json\/wp\/v2\/types\/product"}],"wp:featuredmedia":[{"embeddable":true,"href":"https:\/\/lucacastelli.com\/fr\/wp-json\/wp\/v2\/media\/444528"}],"wp:attachment":[{"href":"https:\/\/lucacastelli.com\/fr\/wp-json\/wp\/v2\/media?parent=444535"}],"wp:term":[{"taxonomy":"product_brand","embeddable":true,"href":"https:\/\/lucacastelli.com\/fr\/wp-json\/wp\/v2\/product_brand?post=444535"},{"taxonomy":"product_cat","embeddable":true,"href":"https:\/\/lucacastelli.com\/fr\/wp-json\/wp\/v2\/product_cat?post=444535"},{"taxonomy":"product_tag","embeddable":true,"href":"https:\/\/lucacastelli.com\/fr\/wp-json\/wp\/v2\/product_tag?post=444535"}],"curies":[{"name":"wp","href":"https:\/\/api.w.org\/{rel}","templated":true}]}}