{"id":444493,"date":"2025-06-02T08:40:40","date_gmt":"2025-06-02T06:40:40","guid":{"rendered":"https:\/\/lucacastelli.com\/prodotto\/stihl-sr-200-2\/"},"modified":"2025-06-25T12:36:57","modified_gmt":"2025-06-25T10:36:57","slug":"stihl-sr-200-2","status":"publish","type":"product","link":"https:\/\/lucacastelli.com\/fr\/produit\/stihl-sr-200-2\/","title":{"rendered":"STIHL SR 200"},"content":{"rendered":"<p>Atomiseur particuli\u00e8rement l\u00e9ger (7,9 kg), avec un excellent confort d\u2019utilisation gr\u00e2ce au centre de gravit\u00e9 proche du corps. Id\u00e9al pour les cultures basses et moyennes-hautes jusqu\u2019\u00e0 un maximum de 2,5 m\u00e8tres. <\/p>\n<table class=\"technical_data\">\n<thead>\n<tr>\n<th class=\"col1\">Donn\u00e9es techniques<\/th>\n<th class=\"col2\">Valeur<\/th>\n<\/tr>\n<\/thead>\n<tbody>\n<tr class=\"\">\n<td class=\"col1\">CO2g\/kWh<\/td>\n<td class=\"col2\">848<\/td>\n<\/tr>\n<tr class=\"odd\">\n<td class=\"col1\">D\u00e9placementcm\u00b3<\/td>\n<td class=\"col2\">27,2<\/td>\n<\/tr>\n<tr class=\"\">\n<td class=\"col1\">Poidskg<br \/>\n<sup>1)<\/sup><\/td>\n<td class=\"col2\">7,8<\/td>\n<p> millim\u00e8tres<br \/>\n<\/tr>\n<tr class=\"odd\">\n<td class=\"col1\">Niveau de puissance acoustiqueB(A)<br \/>\n<sup>2)<\/sup><\/td>\n<td class=\"col2\">104<\/td>\n<\/tr>\n<tr class=\"\">\n<td class=\"col1\">Niveau de pression acoustiqueB(A)<br \/>\n<sup>2)<\/sup><\/td>\n<td class=\"col2\">94<\/td>\n<\/tr>\n<tr class=\"odd\">\n<td class=\"col1\">Valeur vibratoire droitem\/s\u00b2<br \/>\n<sup>3)<\/sup><\/td>\n<td class=\"col2\">1.5<\/td>\n<\/tr>\n<tr class=\"\">\nCapacit\u00e9 du r\u00e9servoir <\/p>\n<td class=\"col1\">de produit pulv\u00e9ris\u00e9<\/td>\n<td class=\"col2\">10<\/td>\n<\/tr>\n<tr class=\"odd\">\n<td class=\"col1\">D\u00e9bit d\u2019air max. m\u00b3\/h<br \/>\n<sup>4)<\/sup><\/td>\n<td class=\"col2\">780<\/td>\n<\/tr>\n<tr class=\"\">\n<td class=\"col1\">Largeur de pulv\u00e9risation horizontalem<\/td>\n<td class=\"col2\">9<\/td>\n<\/tr>\n<\/tbody>\n<\/table>\n<p>1) sans carburant, complet<br \/>\n2) Facteur K selon RL 2006\/42\/EC = 2,5 dB(A)<br \/>\n3) Facteur K selon RL 2006\/42\/CE = 2 m\/s\u00b2<br \/>\n4) sans dispositif de soufflage<\/p>\n","protected":false},"excerpt":{"rendered":"<p>Atomiseur particuli\u00e8rement l\u00e9ger (7,9 kg), avec un excellent confort d\u2019utilisation gr\u00e2ce au centre de gravit\u00e9 proche du corps. Id\u00e9al pour<\/p>\n","protected":false},"featured_media":444444,"template":"","meta":{"_seopress_robots_primary_cat":"","_seopress_titles_title":"","_seopress_titles_desc":"","_seopress_robots_index":""},"product_brand":[3555],"product_cat":[1567,167,1573],"product_tag":[],"class_list":{"0":"post-444493","1":"product","2":"type-product","3":"status-publish","4":"has-post-thumbnail","6":"product_brand-stihl-fr","7":"product_cat-brumisateurs-et-pulverisateurs","8":"product_cat-machines","9":"product_cat-pulverisateurs-a-moteur","11":"first","12":"onbackorder","13":"shipping-taxable","14":"purchasable","15":"product-type-simple"},"_links":{"self":[{"href":"https:\/\/lucacastelli.com\/fr\/wp-json\/wp\/v2\/product\/444493","targetHints":{"allow":["GET"]}}],"collection":[{"href":"https:\/\/lucacastelli.com\/fr\/wp-json\/wp\/v2\/product"}],"about":[{"href":"https:\/\/lucacastelli.com\/fr\/wp-json\/wp\/v2\/types\/product"}],"wp:featuredmedia":[{"embeddable":true,"href":"https:\/\/lucacastelli.com\/fr\/wp-json\/wp\/v2\/media\/444444"}],"wp:attachment":[{"href":"https:\/\/lucacastelli.com\/fr\/wp-json\/wp\/v2\/media?parent=444493"}],"wp:term":[{"taxonomy":"product_brand","embeddable":true,"href":"https:\/\/lucacastelli.com\/fr\/wp-json\/wp\/v2\/product_brand?post=444493"},{"taxonomy":"product_cat","embeddable":true,"href":"https:\/\/lucacastelli.com\/fr\/wp-json\/wp\/v2\/product_cat?post=444493"},{"taxonomy":"product_tag","embeddable":true,"href":"https:\/\/lucacastelli.com\/fr\/wp-json\/wp\/v2\/product_tag?post=444493"}],"curies":[{"name":"wp","href":"https:\/\/api.w.org\/{rel}","templated":true}]}}