{"id":444436,"date":"2025-06-02T07:22:18","date_gmt":"2025-06-02T05:22:18","guid":{"rendered":"https:\/\/lucacastelli.com\/prodotto\/stihl-ms-180-2\/"},"modified":"2025-09-30T07:46:49","modified_gmt":"2025-09-30T05:46:49","slug":"stihl-ms-180-2","status":"publish","type":"product","link":"https:\/\/lucacastelli.com\/fr\/produit\/stihl-ms-180-2\/","title":{"rendered":"STIHL MS 180"},"content":{"rendered":"<p>Mod\u00e8le d&#8217;entr\u00e9e de gamme pour la coupe de bois de chauffe avec performance am\u00e9lior\u00e9e et tendeur de cha\u00eene lat\u00e9ral pour un r\u00e9glage simple et s\u00fbr de la cha\u00eene. Version de 35 cm, pour la coupe de branches plus grosses, moteur 2-MIX \u00e9conomique.<\/p>\n<table class=\"technical_data\">\n<thead>\n<tr>\n<th class=\"col1\">Donn\u00e9es techniques<\/th>\n<th class=\"col2\">Wert<\/th>\n<\/tr>\n<\/thead>\n<tbody>\n<tr class=\"\">\n<td class=\"col1\">\n                            Cylindr\u00e9e<\/p>\n<p>                            cm\u00b3<\/p>\n<\/td>\n<td class=\"col2\">\n                            31,8<\/p>\n<\/td>\n<\/tr>\n<tr class=\"odd\">\n<td class=\"col1\">\n                            Puissance<\/p>\n<p>                            <span style=\"font-weight:bold\">kW<\/span>\/<span style=\"font-weight:normal\">ch<\/span><\/p>\n<\/td>\n<td class=\"col2\">\n                            <span style=\"font-weight:bold\">1,4<\/span>\/<span style=\"font-weight:normal\">1,9<\/span><\/p>\n<\/td>\n<\/tr>\n<tr class=\"\">\n<td class=\"col1\">\n                            Poids<\/p>\n<p>                            kg<br \/>\n                            <sup>1)<\/sup><\/p>\n<\/td>\n<td class=\"col2\">\n                            4,1<\/p>\n<\/td>\n<\/tr>\n<tr class=\"odd\">\n<td class=\"col1\">\n                            Rapport poids\/puissance<\/p>\n<p>                            kg\/kW<\/p>\n<\/td>\n<td class=\"col2\">\n                            3<\/p>\n<\/td>\n<\/tr>\n<tr class=\"\">\n<td class=\"col1\">\n                            Poids complet<\/p>\n<p>                            kg<br \/>\n                            <sup>2)<\/sup><\/p>\n<\/td>\n<td class=\"col2\">\n                            4,78<\/p>\n<\/td>\n<\/tr>\n<tr class=\"odd\">\n<td class=\"col1\">\n                            Niveau de pression sonore Lpeq<\/p>\n<p>                            dB(A)<br \/>\n                            <sup>3)<\/sup><\/p>\n<\/td>\n<td class=\"col2\">\n                            100<\/p>\n<\/td>\n<\/tr>\n<tr class=\"\">\n<td class=\"col1\">\n                            Niveau de puissance acoustique Lweq<\/p>\n<p>                            dB(A)<br \/>\n                            <sup>3)<\/sup><\/p>\n<\/td>\n<td class=\"col2\">\n                            112<\/p>\n<\/td>\n<\/tr>\n<tr class=\"odd\">\n<td class=\"col1\">\n                            Niveau de vibration gauche\/droite<\/p>\n<p>                            m\/s\u00b2<br \/>\n                            <sup>4)<\/sup><\/p>\n<\/td>\n<td class=\"col2\">\n                            6,6\/7,8<\/p>\n<\/td>\n<\/tr>\n<tr class=\"\">\n<td class=\"col1\">\n                            CO2<\/p>\n<p>                            g\/kWh<\/p>\n<\/td>\n<td class=\"col2\">\n                            859<\/p>\n<\/td>\n<\/tr>\n<tr class=\"odd\">\n<td class=\"col1\">\n                            Pas de cha\u00eene<\/p>\n<\/td>\n<td class=\"col2\">\n                            3\/8 &#8221; P<\/p>\n<\/td>\n<\/tr>\n<\/tbody>\n<\/table>\n","protected":false},"excerpt":{"rendered":"<p>Mod\u00e8le d&#8217;entr\u00e9e de gamme pour la coupe de bois de chauffe avec performance am\u00e9lior\u00e9e et tendeur de cha\u00eene lat\u00e9ral pour<\/p>\n","protected":false},"featured_media":444425,"template":"","meta":{"_seopress_robots_primary_cat":"","_seopress_titles_title":"","_seopress_titles_desc":"","_seopress_robots_index":""},"product_brand":[3555],"product_cat":[167],"product_tag":[],"class_list":{"0":"post-444436","1":"product","2":"type-product","3":"status-publish","4":"has-post-thumbnail","6":"product_brand-stihl-fr","7":"product_cat-machines","9":"first","10":"instock","11":"shipping-taxable","12":"purchasable","13":"product-type-variable"},"_links":{"self":[{"href":"https:\/\/lucacastelli.com\/fr\/wp-json\/wp\/v2\/product\/444436","targetHints":{"allow":["GET"]}}],"collection":[{"href":"https:\/\/lucacastelli.com\/fr\/wp-json\/wp\/v2\/product"}],"about":[{"href":"https:\/\/lucacastelli.com\/fr\/wp-json\/wp\/v2\/types\/product"}],"wp:featuredmedia":[{"embeddable":true,"href":"https:\/\/lucacastelli.com\/fr\/wp-json\/wp\/v2\/media\/444425"}],"wp:attachment":[{"href":"https:\/\/lucacastelli.com\/fr\/wp-json\/wp\/v2\/media?parent=444436"}],"wp:term":[{"taxonomy":"product_brand","embeddable":true,"href":"https:\/\/lucacastelli.com\/fr\/wp-json\/wp\/v2\/product_brand?post=444436"},{"taxonomy":"product_cat","embeddable":true,"href":"https:\/\/lucacastelli.com\/fr\/wp-json\/wp\/v2\/product_cat?post=444436"},{"taxonomy":"product_tag","embeddable":true,"href":"https:\/\/lucacastelli.com\/fr\/wp-json\/wp\/v2\/product_tag?post=444436"}],"curies":[{"name":"wp","href":"https:\/\/api.w.org\/{rel}","templated":true}]}}