{"id":443805,"date":"2025-06-01T19:02:12","date_gmt":"2025-06-01T17:02:12","guid":{"rendered":"https:\/\/lucacastelli.com\/prodotto\/stihl-moto4plus-2-x-200-l-2\/"},"modified":"2025-06-25T10:36:24","modified_gmt":"2025-06-25T08:36:24","slug":"stihl-moto4plus-2-x-200-l-2","status":"publish","type":"product","link":"https:\/\/lucacastelli.com\/fr\/produit\/stihl-moto4plus-2-x-200-l-2\/","title":{"rendered":"STIHL Moto4Plus 2 x 200 l"},"content":{"rendered":"<p>Essence puissante pour les moteurs STIHL<br \/>\n4 temps Essence sp\u00e9cialement d\u00e9velopp\u00e9e pour STIHL 4 temps. Il ne contient pas d \u00ab \u00e9thanol, ne contient pratiquement pas d\u2019ol\u00e9fines et d\u2019aromatiques, et est facile \u00e0 utiliser et \u00e0 utiliser gr\u00e2ce \u00e0 ses faibles \u00e9missions. Longue dur\u00e9e de conservation jusqu \u00bb \u00e0 5 ans. Performances maximales et fiables d\u2019un seul tenant : STIHL et STIHL Moto4Plus sont adapt\u00e9s les uns aux autres et toutes les applications possibles ont \u00e9t\u00e9 test\u00e9es de mani\u00e8re approfondie.   <\/p>\n<p>Stihl Motoplus est un carburant pour les moteurs lubrifi\u00e9s s\u00e9par\u00e9ment comme les moteurs \u00e0 quatre temps. (pas pour STIHL 4-MIX-MOTORS). Conteneur non adapt\u00e9 au syst\u00e8me de ravitaillement.  <\/p>\n<p>fourni avec :<\/p>\n<p>2 pi\u00e8ces de Moto4Plus 200 litres<\/p>\n","protected":false},"excerpt":{"rendered":"<p>Essence puissante pour les moteurs STIHL 4 temps Essence sp\u00e9cialement d\u00e9velopp\u00e9e pour STIHL 4 temps. Il ne contient pas d<\/p>\n","protected":false},"featured_media":443800,"template":"","meta":{"_seopress_robots_primary_cat":"","_seopress_titles_title":"","_seopress_titles_desc":"","_seopress_robots_index":""},"product_brand":[3555],"product_cat":[1441,1435],"product_tag":[],"class_list":{"0":"post-443805","1":"product","2":"type-product","3":"status-publish","4":"has-post-thumbnail","6":"product_brand-stihl-fr","7":"product_cat-carburants","8":"product_cat-carburants-et-huiles","10":"first","11":"instock","12":"shipping-taxable","13":"purchasable","14":"product-type-simple"},"_links":{"self":[{"href":"https:\/\/lucacastelli.com\/fr\/wp-json\/wp\/v2\/product\/443805","targetHints":{"allow":["GET"]}}],"collection":[{"href":"https:\/\/lucacastelli.com\/fr\/wp-json\/wp\/v2\/product"}],"about":[{"href":"https:\/\/lucacastelli.com\/fr\/wp-json\/wp\/v2\/types\/product"}],"wp:featuredmedia":[{"embeddable":true,"href":"https:\/\/lucacastelli.com\/fr\/wp-json\/wp\/v2\/media\/443800"}],"wp:attachment":[{"href":"https:\/\/lucacastelli.com\/fr\/wp-json\/wp\/v2\/media?parent=443805"}],"wp:term":[{"taxonomy":"product_brand","embeddable":true,"href":"https:\/\/lucacastelli.com\/fr\/wp-json\/wp\/v2\/product_brand?post=443805"},{"taxonomy":"product_cat","embeddable":true,"href":"https:\/\/lucacastelli.com\/fr\/wp-json\/wp\/v2\/product_cat?post=443805"},{"taxonomy":"product_tag","embeddable":true,"href":"https:\/\/lucacastelli.com\/fr\/wp-json\/wp\/v2\/product_tag?post=443805"}],"curies":[{"name":"wp","href":"https:\/\/api.w.org\/{rel}","templated":true}]}}