{"id":443541,"date":"2025-06-01T16:55:11","date_gmt":"2025-06-01T14:55:11","guid":{"rendered":"https:\/\/lucacastelli.com\/prodotto\/stihl-motomix-4-x-200-l-2\/"},"modified":"2026-03-31T19:19:43","modified_gmt":"2026-03-31T17:19:43","slug":"stihl-motomix-4-x-200-l-2","status":"publish","type":"product","link":"https:\/\/lucacastelli.com\/fr\/produit\/stihl-motomix-4-x-200-l-2\/","title":{"rendered":"STIHL Motomix 4 x 200 l"},"content":{"rendered":"<p>Carburant pr\u00e9m\u00e9lang\u00e9 (1:50) pour tous les moteurs STIHL, puissance d\u00e9livr\u00e9e optimale, caract\u00e9ristiques de d\u00e9marrage \u00e0 froid am\u00e9lior\u00e9es, acc\u00e9l\u00e9ration maximale sur toute la plage de vitesse, maniabilit\u00e9 parfaite m\u00eame en cas de changements brusques de l\u2019acc\u00e9l\u00e9rateur. Avec STIHL excellente lubrification du moteur et une propret\u00e9 maximale, enti\u00e8rement synth\u00e9tique et biod\u00e9gradable pour des performances optimales et une longue dur\u00e9e de vie. Il ne contient pas d\u2019\u00e9thanol, ne contient pratiquement pas d\u2019ol\u00e9fines et d\u2019aromatiques, et convient \u00e0 l\u2019utilisateur et au moteur en raison de ses faibles \u00e9missions.   Longue dur\u00e9e de conservation jusqu\u2019\u00e0 5 ans. Performances maximales et fiables d\u2019une seule source &#8211; STIHL et STIHL MotoMix sont adapt\u00e9s les uns aux autres, toutes les applications possibles ont \u00e9t\u00e9 test\u00e9es de mani\u00e8re approfondie. <\/p>\n<p>Paquet compos\u00e9 de :<\/p>\n<p>4 pi\u00e8ces MotoMix 200 litres<\/p>\n","protected":false},"excerpt":{"rendered":"<p>Carburant pr\u00e9m\u00e9lang\u00e9 (1:50) pour tous les moteurs STIHL, puissance d\u00e9livr\u00e9e optimale, caract\u00e9ristiques de d\u00e9marrage \u00e0 froid am\u00e9lior\u00e9es, acc\u00e9l\u00e9ration maximale sur<\/p>\n","protected":false},"featured_media":443536,"template":"","meta":{"_seopress_robots_primary_cat":"","_seopress_titles_title":"","_seopress_titles_desc":"","_seopress_robots_index":""},"product_brand":[3366],"product_cat":[259,265],"product_tag":[],"class_list":{"0":"post-443541","1":"product","2":"type-product","3":"status-publish","4":"has-post-thumbnail","6":"product_brand-stihl","7":"product_cat-carburanti-e-olii","8":"product_cat-carburante","10":"first","11":"onbackorder","12":"shipping-taxable","13":"purchasable","14":"product-type-simple"},"_links":{"self":[{"href":"https:\/\/lucacastelli.com\/fr\/wp-json\/wp\/v2\/product\/443541","targetHints":{"allow":["GET"]}}],"collection":[{"href":"https:\/\/lucacastelli.com\/fr\/wp-json\/wp\/v2\/product"}],"about":[{"href":"https:\/\/lucacastelli.com\/fr\/wp-json\/wp\/v2\/types\/product"}],"wp:featuredmedia":[{"embeddable":true,"href":"https:\/\/lucacastelli.com\/fr\/wp-json\/wp\/v2\/media\/443536"}],"wp:attachment":[{"href":"https:\/\/lucacastelli.com\/fr\/wp-json\/wp\/v2\/media?parent=443541"}],"wp:term":[{"taxonomy":"product_brand","embeddable":true,"href":"https:\/\/lucacastelli.com\/fr\/wp-json\/wp\/v2\/product_brand?post=443541"},{"taxonomy":"product_cat","embeddable":true,"href":"https:\/\/lucacastelli.com\/fr\/wp-json\/wp\/v2\/product_cat?post=443541"},{"taxonomy":"product_tag","embeddable":true,"href":"https:\/\/lucacastelli.com\/fr\/wp-json\/wp\/v2\/product_tag?post=443541"}],"curies":[{"name":"wp","href":"https:\/\/api.w.org\/{rel}","templated":true}]}}