{"id":443498,"date":"2025-06-01T16:31:49","date_gmt":"2025-06-01T14:31:49","guid":{"rendered":"https:\/\/lucacastelli.com\/prodotto\/stihl-motomix-8-x-200-l-2\/"},"modified":"2026-03-31T19:21:14","modified_gmt":"2026-03-31T17:21:14","slug":"stihl-motomix-8-x-200-l-2","status":"publish","type":"product","link":"https:\/\/lucacastelli.com\/fr\/produit\/stihl-motomix-8-x-200-l-2\/","title":{"rendered":"STIHL MotoMix 8 x 200 l"},"content":{"rendered":"<p>Carburant pr\u00e9m\u00e9lang\u00e9 (1:50) pour tous les moteurs STIHL, puissance optimale, meilleures caract\u00e9ristiques de d\u00e9marrage \u00e0 froid, acc\u00e9l\u00e9ration maximale sur toute la plage de r\u00e9gime, comportement de marche parfait m\u00eame en cas de changements brusques d\u2019acc\u00e9l\u00e9ration. Avec l\u2019huile premium STIHL HP Ultra pour une excellente lubrification du moteur et une propret\u00e9 maximale, enti\u00e8rement synth\u00e9tique et biod\u00e9gradable pour des performances optimales et une longue dur\u00e9e de vie. Sans \u00e9thanol, pratiquement sans ol\u00e9fines ni aromatiques, respectueux de l\u2019utilisateur et du moteur gr\u00e2ce aux faibles \u00e9missions.   Longue dur\u00e9e de conservation jusqu\u2019\u00e0 5 ans. Performances maximales et fiables d\u2019une seule source \u2013 les moteurs STIHL et le STIHL MotoMix sont parfaitement adapt\u00e9s l\u2019un \u00e0 l\u2019autre, toutes les applications possibles ont \u00e9t\u00e9 test\u00e9es de mani\u00e8re approfondie. <\/p>\n<p>Conditionnement compos\u00e9 de :<\/p>\n<p>8 pi\u00e8ces MotoMix 200 litres<\/p>\n","protected":false},"excerpt":{"rendered":"<p>Carburant pr\u00e9m\u00e9lang\u00e9 (1:50) pour tous les moteurs STIHL, puissance optimale, meilleures caract\u00e9ristiques de d\u00e9marrage \u00e0 froid, acc\u00e9l\u00e9ration maximale sur toute<\/p>\n","protected":false},"featured_media":443493,"template":"","meta":{"_seopress_robots_primary_cat":"","_seopress_titles_title":"STIHL MotoMix : Meilleur prix et disponibilit\u00e9 imm\u00e9diate | Lucacastelli","_seopress_titles_desc":"","_seopress_robots_index":""},"product_brand":[3366],"product_cat":[259,265],"product_tag":[],"class_list":{"0":"post-443498","1":"product","2":"type-product","3":"status-publish","4":"has-post-thumbnail","6":"product_brand-stihl","7":"product_cat-carburanti-e-olii","8":"product_cat-carburante","10":"first","11":"onbackorder","12":"shipping-taxable","13":"purchasable","14":"product-type-simple"},"_links":{"self":[{"href":"https:\/\/lucacastelli.com\/fr\/wp-json\/wp\/v2\/product\/443498","targetHints":{"allow":["GET"]}}],"collection":[{"href":"https:\/\/lucacastelli.com\/fr\/wp-json\/wp\/v2\/product"}],"about":[{"href":"https:\/\/lucacastelli.com\/fr\/wp-json\/wp\/v2\/types\/product"}],"wp:featuredmedia":[{"embeddable":true,"href":"https:\/\/lucacastelli.com\/fr\/wp-json\/wp\/v2\/media\/443493"}],"wp:attachment":[{"href":"https:\/\/lucacastelli.com\/fr\/wp-json\/wp\/v2\/media?parent=443498"}],"wp:term":[{"taxonomy":"product_brand","embeddable":true,"href":"https:\/\/lucacastelli.com\/fr\/wp-json\/wp\/v2\/product_brand?post=443498"},{"taxonomy":"product_cat","embeddable":true,"href":"https:\/\/lucacastelli.com\/fr\/wp-json\/wp\/v2\/product_cat?post=443498"},{"taxonomy":"product_tag","embeddable":true,"href":"https:\/\/lucacastelli.com\/fr\/wp-json\/wp\/v2\/product_tag?post=443498"}],"curies":[{"name":"wp","href":"https:\/\/api.w.org\/{rel}","templated":true}]}}