{"id":443215,"date":"2026-04-02T18:43:46","date_gmt":"2026-04-02T16:43:46","guid":{"rendered":"https:\/\/lucacastelli.com\/?post_type=product&#038;p=443215"},"modified":"2026-04-02T23:29:35","modified_gmt":"2026-04-02T21:29:35","slug":"br-700","status":"publish","type":"product","link":"https:\/\/lucacastelli.com\/fr\/produit\/br-700\/","title":{"rendered":"STIHL BR 700"},"content":{"rendered":"<p>Souffleur professionnel dorsal, extr\u00eamement puissant. \u00c9quip\u00e9 d&#8217;un syst\u00e8me antivibrations particuli\u00e8rement efficace et d&#8217;une sangle ergonomique pour un confort maximal pendant le travail. Avec moteur innovant 4 temps STIHL 4-MIX\u00ae \u00e0 faibles \u00e9missions de gaz d&#8217;\u00e9chappement, avec couple \u00e9lev\u00e9 et son plus agr\u00e9able.  <\/p>\n<p>DONN\u00c9ES TECHNIQUES<br \/>\ncylindr\u00e9e cu-in 3.95<br \/>\ncylindr\u00e9e cm\u00b3 64.8<br \/>\npuissance CV 3.8<br \/>\npuissance kW 2.8<br \/>\npoids livres\/pounds 1) 23.8<br \/>\npoids kg 1) 10.8<br \/>\nniveau de pression acoustique dB(A) 2) 101<br \/>\nniveau de puissance sonore dB(A) 2) 109<br \/>\nvaleur des vibrations \u00e0 droite m\/s\u00b2 3) 2.5<br \/>\nvaleur des vibrations \u00e0 droite m\/s\u00b2 3) 2.5<br \/>\nd\u00e9bit d&#8217;air m\u00b3\/h 4) 1 550<br \/>\nd\u00e9bit d&#8217;air cf\/min 4) 912<br \/>\nd\u00e9bit d&#8217;air max. m\u00b3\/h 5) 1 860<br \/>\nd\u00e9bit d&#8217;air max. cf\/min 5) 1 095<br \/>\ncapacit\u00e9 du r\u00e9servoir de carburant oz 47.3<br \/>\ncontenu du r\u00e9servoir l 1.40<br \/>\nnombre de tours \u00e0 Pmax tr\/min 8 500<\/p>\n","protected":false},"excerpt":{"rendered":"<p>BR 700<\/p>\n","protected":false},"featured_media":827586,"template":"","meta":{"_seopress_robots_primary_cat":"none","_seopress_titles_title":"","_seopress_titles_desc":"","_seopress_robots_index":""},"product_brand":[3366],"product_cat":[29,485,486],"product_tag":[3265],"class_list":{"0":"post-443215","1":"product","2":"type-product","3":"status-publish","4":"has-post-thumbnail","6":"product_brand-stihl","7":"product_cat-macchinari","8":"product_cat-soffiatori-e-aspiratori","9":"product_cat-soffiatori-a-motore","10":"product_tag-import-stihl","11":"sws-gruppo-macchinari-fr","12":"sws-conto-ricavi-merci-rivendita-macchinari-fr","13":"sws-gruppo-iva-iva81-fr","15":"first","16":"instock","17":"sale","18":"purchasable","19":"product-type-simple"},"_links":{"self":[{"href":"https:\/\/lucacastelli.com\/fr\/wp-json\/wp\/v2\/product\/443215","targetHints":{"allow":["GET"]}}],"collection":[{"href":"https:\/\/lucacastelli.com\/fr\/wp-json\/wp\/v2\/product"}],"about":[{"href":"https:\/\/lucacastelli.com\/fr\/wp-json\/wp\/v2\/types\/product"}],"wp:featuredmedia":[{"embeddable":true,"href":"https:\/\/lucacastelli.com\/fr\/wp-json\/wp\/v2\/media\/827586"}],"wp:attachment":[{"href":"https:\/\/lucacastelli.com\/fr\/wp-json\/wp\/v2\/media?parent=443215"}],"wp:term":[{"taxonomy":"product_brand","embeddable":true,"href":"https:\/\/lucacastelli.com\/fr\/wp-json\/wp\/v2\/product_brand?post=443215"},{"taxonomy":"product_cat","embeddable":true,"href":"https:\/\/lucacastelli.com\/fr\/wp-json\/wp\/v2\/product_cat?post=443215"},{"taxonomy":"product_tag","embeddable":true,"href":"https:\/\/lucacastelli.com\/fr\/wp-json\/wp\/v2\/product_tag?post=443215"}],"curies":[{"name":"wp","href":"https:\/\/api.w.org\/{rel}","templated":true}]}}