{"id":443061,"date":"2025-06-01T00:34:07","date_gmt":"2025-05-31T22:34:07","guid":{"rendered":"https:\/\/lucacastelli.com\/?post_type=product&#038;p=443061"},"modified":"2026-04-15T11:25:16","modified_gmt":"2026-04-15T09:25:16","slug":"fs-38","status":"publish","type":"product","link":"https:\/\/lucacastelli.com\/fr\/produit\/fs-38\/","title":{"rendered":"STIHL FS 38"},"content":{"rendered":"<p>Mod\u00e8le l\u00e9ger et ergonomique avec \u00e9quipement professionnel. Excellent coupe-bordure pour les travaux de finition sous les arbres, le long des all\u00e9es et pour la tonte de petites surfaces de pelouse et jardins priv\u00e9s.<br \/>\n886661909322 <\/p>\n<p>Cylindr\u00e9e 27.2<br \/>\nPuissance Puissance<\/p>\n<p>Puissance Puissance<br \/>\nPuissance 0.90<br \/>\nCO2 857<\/p>\n","protected":false},"excerpt":{"rendered":"<p>FS 38<\/p>\n","protected":false},"featured_media":430294,"template":"","meta":{"_seopress_robots_primary_cat":"none","_seopress_titles_title":"","_seopress_titles_desc":"","_seopress_robots_index":""},"product_brand":[3366],"product_cat":[29,270,280],"product_tag":[3265],"class_list":{"0":"post-443061","1":"product","2":"type-product","3":"status-publish","4":"has-post-thumbnail","6":"product_brand-stihl","7":"product_cat-macchinari","8":"product_cat-decespugliatori-e-tagliabordi","9":"product_cat-decespugliatori-e-tagliabordi-a-motore","10":"product_tag-import-stihl","11":"sws-gruppo-macchinari-fr","12":"sws-conto-ricavi-merci-rivendita-macchinari-fr","13":"sws-gruppo-iva-iva81-fr","15":"first","16":"instock","17":"sale","18":"purchasable","19":"product-type-simple"},"_links":{"self":[{"href":"https:\/\/lucacastelli.com\/fr\/wp-json\/wp\/v2\/product\/443061","targetHints":{"allow":["GET"]}}],"collection":[{"href":"https:\/\/lucacastelli.com\/fr\/wp-json\/wp\/v2\/product"}],"about":[{"href":"https:\/\/lucacastelli.com\/fr\/wp-json\/wp\/v2\/types\/product"}],"wp:featuredmedia":[{"embeddable":true,"href":"https:\/\/lucacastelli.com\/fr\/wp-json\/wp\/v2\/media\/430294"}],"wp:attachment":[{"href":"https:\/\/lucacastelli.com\/fr\/wp-json\/wp\/v2\/media?parent=443061"}],"wp:term":[{"taxonomy":"product_brand","embeddable":true,"href":"https:\/\/lucacastelli.com\/fr\/wp-json\/wp\/v2\/product_brand?post=443061"},{"taxonomy":"product_cat","embeddable":true,"href":"https:\/\/lucacastelli.com\/fr\/wp-json\/wp\/v2\/product_cat?post=443061"},{"taxonomy":"product_tag","embeddable":true,"href":"https:\/\/lucacastelli.com\/fr\/wp-json\/wp\/v2\/product_tag?post=443061"}],"curies":[{"name":"wp","href":"https:\/\/api.w.org\/{rel}","templated":true}]}}