{"id":443028,"date":"2025-06-01T00:34:25","date_gmt":"2025-05-31T22:34:25","guid":{"rendered":"https:\/\/lucacastelli.com\/?post_type=product&#038;p=443028"},"modified":"2026-01-03T22:34:28","modified_gmt":"2026-01-03T21:34:28","slug":"fs-55-r","status":"publish","type":"product","link":"https:\/\/lucacastelli.com\/fr\/produit\/fs-55-r\/","title":{"rendered":"STIHL FS 55 R"},"content":{"rendered":"<p>D\u00e9broussailleuse pratique avec poign\u00e9e circulaire. Excellente comme coupe-bordure et pour l&#8217;\u00e9claircissement dans les jardins priv\u00e9s. Id\u00e9ale pour les petits travaux tels que la coupe des mauvaises herbes tenaces. \u00c9galement pour un usage occasionnel dans l&#8217;agriculture et les entreprises municipales.<br \/>\n886661934522   <\/p>\n<p>Cylindr\u00e9e 27.2<br \/>\nPuissance Puissance<\/p>\n<p>Puissance Puissance Puissance<br \/>\n1,00<br \/>\nCO2 857<\/p>\n","protected":false},"excerpt":{"rendered":"<p>FS 55 R<\/p>\n","protected":false},"featured_media":430302,"template":"","meta":{"_seopress_robots_primary_cat":"none","_seopress_titles_title":"","_seopress_titles_desc":"","_seopress_robots_index":""},"product_brand":[3555],"product_cat":[1586,1602,167],"product_tag":[3267],"class_list":{"0":"post-443028","1":"product","2":"type-product","3":"status-publish","4":"has-post-thumbnail","6":"product_brand-stihl-fr","7":"product_cat-debroussailleuses-et-coupe-bordures","8":"product_cat-debroussailleuses-et-coupe-bordures-a-moteur","9":"product_cat-machines","10":"product_tag-import-stihl-fr","11":"sws-gruppo-macchinari-fr","12":"sws-marca-stihl-vertriebs-ag-fr","13":"sws-conto-ricavi-merci-rivendita-macchinari-fr","14":"sws-gruppo-iva-iva81-fr","16":"first","17":"onbackorder","18":"purchasable","19":"product-type-simple"},"_links":{"self":[{"href":"https:\/\/lucacastelli.com\/fr\/wp-json\/wp\/v2\/product\/443028","targetHints":{"allow":["GET"]}}],"collection":[{"href":"https:\/\/lucacastelli.com\/fr\/wp-json\/wp\/v2\/product"}],"about":[{"href":"https:\/\/lucacastelli.com\/fr\/wp-json\/wp\/v2\/types\/product"}],"wp:featuredmedia":[{"embeddable":true,"href":"https:\/\/lucacastelli.com\/fr\/wp-json\/wp\/v2\/media\/430302"}],"wp:attachment":[{"href":"https:\/\/lucacastelli.com\/fr\/wp-json\/wp\/v2\/media?parent=443028"}],"wp:term":[{"taxonomy":"product_brand","embeddable":true,"href":"https:\/\/lucacastelli.com\/fr\/wp-json\/wp\/v2\/product_brand?post=443028"},{"taxonomy":"product_cat","embeddable":true,"href":"https:\/\/lucacastelli.com\/fr\/wp-json\/wp\/v2\/product_cat?post=443028"},{"taxonomy":"product_tag","embeddable":true,"href":"https:\/\/lucacastelli.com\/fr\/wp-json\/wp\/v2\/product_tag?post=443028"}],"curies":[{"name":"wp","href":"https:\/\/api.w.org\/{rel}","templated":true}]}}