{"id":442989,"date":"2025-05-31T21:58:55","date_gmt":"2025-05-31T19:58:55","guid":{"rendered":"https:\/\/lucacastelli.com\/prodotto\/rm-248-t\/"},"modified":"2026-03-09T00:37:07","modified_gmt":"2026-03-08T23:37:07","slug":"rm-248-t","status":"publish","type":"product","link":"https:\/\/lucacastelli.com\/fr\/produit\/rm-248-t\/","title":{"rendered":"STIHL RM 248 T"},"content":{"rendered":"<p>Tondeuse robuste avec traction \u00e0 1 vitesse<br \/>\nTondeuse \u00e0 essence avec largeur de coupe de 46 cm, fonction 4-en-1, \u00e9jection lat\u00e9rale, obturateur mulching et lame multifonction pour surfaces de taille moyenne. Carter en t\u00f4le d\u2019acier, r\u00e9glage centralis\u00e9 de la hauteur de coupe, guidon confort pliable et r\u00e9glable en hauteur sur deux positions et traction \u00e0 1 vitesse pour un travail confortable. Bac de ramassage de 52 litres rabattable avec indicateur de remplissage inclus.  <\/p>\n<p>DONN\u00c9ES TECHNIQUES<\/p>\n<table data-test-id=\"pdp-spec-tech-table\">\n<tbody>\n<tr>\n<td>Largeur de coupe<\/td>\n<td>46 cm<\/td>\n<\/tr>\n<tr>\n<td>Hauteur de coupe<\/td>\n<td>20 &#8211; 100 mm<\/td>\n<\/tr>\n<tr>\n<td>R\u00e9glage de la hauteur de coupe<\/td>\n<td>7-fach (zentral)<\/td>\n<\/tr>\n<tr>\n<td>Capacit\u00e9 du bac \u00e0 herbe<\/td>\n<td>52 l<\/td>\n<\/tr>\n<tr>\n<td>Longueur de l\u2019appareil avec bac de ramassage<\/td>\n<td>158 cm<\/td>\n<\/tr>\n<tr>\n<td>Largeur de l\u2019appareil<\/td>\n<td>51 cm<\/td>\n<\/tr>\n<tr>\n<td>Hauteur totale de l&#8217;appareil<\/td>\n<td>117<\/td>\n<\/tr>\n<tr>\n<td>Diam\u00e8tre de la roue avant<\/td>\n<td>180 mm<\/td>\n<\/tr>\n<tr>\n<td>Diam\u00e8tre de la roue arri\u00e8re<\/td>\n<td>200 mm<\/td>\n<\/tr>\n<tr>\n<td>Transmission<\/td>\n<td>3,5 km\/h<\/td>\n<\/tr>\n<tr>\n<td>Type de moteur<\/td>\n<td>EVC 205.0<\/td>\n<\/tr>\n<tr>\n<td>Cylindr\u00e9e<\/td>\n<td>127 cm\u00b3<\/td>\n<\/tr>\n<tr>\n<td>Poids<\/td>\n<td>32 kg<\/td>\n<\/tr>\n<tr>\n<td>Niveau de puissance acoustique garanti LWA<\/td>\n<td>96 dB(A)<\/td>\n<\/tr>\n<tr>\n<td>Niveau de pression sonore mesur\u00e9 LpA<\/td>\n<td>82 dB(A)<\/td>\n<\/tr>\n<tr>\n<td>Facteur d&#8217;incertitude niveau de pression acoustique KpA<\/td>\n<td>2 dB(A)<\/td>\n<\/tr>\n<tr>\n<td>Vibrations au guidon ahw<\/td>\n<td>4,4 m\/s\u00b2<\/td>\n<\/tr>\n<tr>\n<td>Incertitude de vibrations K<\/td>\n<td>2,2 m\/s\u00b2<\/td>\n<\/tr>\n<tr>\n<td>CO2<\/td>\n<td>1227 g\/kWh<\/td>\n<\/tr>\n<\/tbody>\n<\/table>\n","protected":false},"excerpt":{"rendered":"<p>Tondeuse robuste avec traction \u00e0 1 vitesse Tondeuse \u00e0 essence avec largeur de coupe de 46 cm, fonction 4-en-1, \u00e9jection<\/p>\n","protected":false},"featured_media":424759,"template":"","meta":{"_seopress_robots_primary_cat":"none","_seopress_titles_title":"","_seopress_titles_desc":"","_seopress_robots_index":""},"product_brand":[3366],"product_cat":[29,262,279],"product_tag":[3265],"class_list":{"0":"post-442989","1":"product","2":"type-product","3":"status-publish","4":"has-post-thumbnail","6":"product_brand-stihl","7":"product_cat-macchinari","8":"product_cat-tosaerba-e-robot","9":"product_cat-tosaerba-a-motore","10":"product_tag-import-stihl","11":"sws-gruppo-macchinari-fr","12":"sws-conto-ricavi-merci-rivendita-macchinari-fr","13":"sws-gruppo-iva-iva81-fr","15":"first","16":"instock","17":"purchasable","18":"product-type-simple"},"_links":{"self":[{"href":"https:\/\/lucacastelli.com\/fr\/wp-json\/wp\/v2\/product\/442989","targetHints":{"allow":["GET"]}}],"collection":[{"href":"https:\/\/lucacastelli.com\/fr\/wp-json\/wp\/v2\/product"}],"about":[{"href":"https:\/\/lucacastelli.com\/fr\/wp-json\/wp\/v2\/types\/product"}],"wp:featuredmedia":[{"embeddable":true,"href":"https:\/\/lucacastelli.com\/fr\/wp-json\/wp\/v2\/media\/424759"}],"wp:attachment":[{"href":"https:\/\/lucacastelli.com\/fr\/wp-json\/wp\/v2\/media?parent=442989"}],"wp:term":[{"taxonomy":"product_brand","embeddable":true,"href":"https:\/\/lucacastelli.com\/fr\/wp-json\/wp\/v2\/product_brand?post=442989"},{"taxonomy":"product_cat","embeddable":true,"href":"https:\/\/lucacastelli.com\/fr\/wp-json\/wp\/v2\/product_cat?post=442989"},{"taxonomy":"product_tag","embeddable":true,"href":"https:\/\/lucacastelli.com\/fr\/wp-json\/wp\/v2\/product_tag?post=442989"}],"curies":[{"name":"wp","href":"https:\/\/api.w.org\/{rel}","templated":true}]}}