{"id":442954,"date":"2025-06-01T00:36:41","date_gmt":"2025-05-31T22:36:41","guid":{"rendered":"https:\/\/lucacastelli.com\/?post_type=product&#038;p=442954"},"modified":"2025-12-16T16:27:37","modified_gmt":"2025-12-16T15:27:37","slug":"fr-460-tc-efm","status":"publish","type":"product","link":"https:\/\/lucacastelli.com\/fr\/produit\/fr-460-tc-efm\/","title":{"rendered":"STIHL FR 460 TC-EFM"},"content":{"rendered":"<p>ElettroStart en standard pour un d\u00e9marrage facile de l\u2019outil \u00e0 l\u2019arri\u00e8re sur simple pression d\u2019un bouton. Allumage manuel suppl\u00e9mentaire avec STIHL ErgoStart pour d\u00e9marrer \u00e0 des temp\u00e9ratures inf\u00e9rieures \u00e0 0 \u00b0C, syst\u00e8me anti-vibration STIHL, moteur 2-MIX, STIHL M-Tronic, bouton d\u2019arr\u00eat, poche \u00e0 outils, tige divisible. <\/p>\n<p>Caract\u00e9ristiques techniques<\/p>\n<p>Longueur totale cm 1) 280<br \/>\nCapacit\u00e9 du r\u00e9servoir de carburant l 0,75<br \/>\nNiveau de puissance acoustique dB(A) 2) 112<br \/>\nNiveau de pression acoustique dB(A) 2) 99<br \/>\nPoids kg 3) 11,5<br \/>\nCirconf\u00e9rence de coupe diam\u00e8tre mm 420<br \/>\nCO2 g\/kWh 865<br \/>\nCylindr\u00e9e cm\u00b3 45,6<br \/>\nPuissance kW\/HP 2,2\/3<br \/>\nValeur de vibration sn\/droite avec outil m\u00e9tallique m\/s\u00b2 4) 2\/2<br \/>\nValeur de vibration sn\/droite avec t\u00eate de chasse m\/s\u00b2 4) 3,5\/3,6<br \/>\nOutil de coupe AutoCut 36-2<\/p>\n","protected":false},"excerpt":{"rendered":"<p>FR 460 TC-EFM<\/p>\n","protected":false},"featured_media":430397,"template":"","meta":{"_seopress_robots_primary_cat":"none","_seopress_titles_title":"","_seopress_titles_desc":"","_seopress_robots_index":""},"product_brand":[3366],"product_cat":[29,270,280],"product_tag":[3265],"class_list":{"0":"post-442954","1":"product","2":"type-product","3":"status-publish","4":"has-post-thumbnail","6":"product_brand-stihl","7":"product_cat-macchinari","8":"product_cat-decespugliatori-e-tagliabordi","9":"product_cat-decespugliatori-e-tagliabordi-a-motore","10":"product_tag-import-stihl","11":"sws-gruppo-macchinari-fr","12":"sws-conto-ricavi-merci-rivendita-macchinari-fr","13":"sws-gruppo-iva-iva81-fr","15":"first","16":"onbackorder","17":"purchasable","18":"product-type-simple"},"_links":{"self":[{"href":"https:\/\/lucacastelli.com\/fr\/wp-json\/wp\/v2\/product\/442954","targetHints":{"allow":["GET"]}}],"collection":[{"href":"https:\/\/lucacastelli.com\/fr\/wp-json\/wp\/v2\/product"}],"about":[{"href":"https:\/\/lucacastelli.com\/fr\/wp-json\/wp\/v2\/types\/product"}],"wp:featuredmedia":[{"embeddable":true,"href":"https:\/\/lucacastelli.com\/fr\/wp-json\/wp\/v2\/media\/430397"}],"wp:attachment":[{"href":"https:\/\/lucacastelli.com\/fr\/wp-json\/wp\/v2\/media?parent=442954"}],"wp:term":[{"taxonomy":"product_brand","embeddable":true,"href":"https:\/\/lucacastelli.com\/fr\/wp-json\/wp\/v2\/product_brand?post=442954"},{"taxonomy":"product_cat","embeddable":true,"href":"https:\/\/lucacastelli.com\/fr\/wp-json\/wp\/v2\/product_cat?post=442954"},{"taxonomy":"product_tag","embeddable":true,"href":"https:\/\/lucacastelli.com\/fr\/wp-json\/wp\/v2\/product_tag?post=442954"}],"curies":[{"name":"wp","href":"https:\/\/api.w.org\/{rel}","templated":true}]}}