{"id":442943,"date":"2025-06-01T00:36:35","date_gmt":"2025-05-31T22:36:35","guid":{"rendered":"https:\/\/lucacastelli.com\/?post_type=product&#038;p=442943"},"modified":"2026-04-15T11:24:40","modified_gmt":"2026-04-15T09:24:40","slug":"fr-460-tc-em","status":"publish","type":"product","link":"https:\/\/lucacastelli.com\/fr\/produit\/fr-460-tc-em\/","title":{"rendered":"STIHL FR 460 TC-EM"},"content":{"rendered":"<h2 class=\"product-details__title\">D\u00e9broussailleuse \u00e0 dos 2,2 kW avec M-Tronic et tube de transmission d\u00e9montable<\/h2>\n<div class=\"product-details__description richtexteditor\">D\u00e9broussailleuse \u00e0 dos avec gestion intelligente du moteur M-Tronic. Tube de transmission d\u00e9montable, ErgoStart et moteur 2-MIX. Pratique pour le transport et le stockage. Id\u00e9ale pour l\u2019utilisation sur terrains difficiles et pour les travaux de nettoyage exigeants.   <\/div>\n<p>&nbsp;<\/p>\n<p>&nbsp;<\/p>\n<p><strong>Donn\u00e9es techniques<\/strong><\/p>\n<p>&nbsp;<\/p>\n<table data-test-id=\"pdp-spec-tech-table\">\n<tbody>\n<tr>\n<td>Cylindr\u00e9e<\/td>\n<td>45,6 cm\u00b3<\/td>\n<\/tr>\n<tr>\n<td>Puissance<\/td>\n<td>2.2\/3 kW\/ch<\/td>\n<\/tr>\n<tr>\n<td>Puissance<\/td>\n<td>3 bhp<\/td>\n<\/tr>\n<tr>\n<td>CO2<\/td>\n<td>865 g\/kWh<\/td>\n<\/tr>\n<tr>\n<td>Poids \u00e0 vide sans carburant<\/td>\n<td>10.9 kg <sup>1<!-- -->)<\/sup><\/td>\n<\/tr>\n<tr>\n<td>Outil<\/td>\n<p> de coupe standard <\/p>\n<td>M\u00e4hkopf AutoCut 36-2<\/td>\n<\/tr>\n<tr>\n<td>Diam\u00e8tre de circonf\u00e9rence de coupe<\/td>\n<td>420 mm<\/td>\n<\/tr>\n<tr>\n<td>Capacit\u00e9 du r\u00e9servoir<\/td>\n<td>0.75 l<\/td>\n<\/tr>\n<tr>\n<td>Capacit\u00e9 du r\u00e9servoir<\/td>\n<td>750 cm\u00b3<\/td>\n<\/tr>\n<tr>\n<td>Longueur de l&#8217;appareil sans outil de coupe<\/td>\n<td>280 cm<\/td>\n<\/tr>\n<tr>\nNiveau <\/p>\n<td>de pression acoustique<\/td>\n<td>100 dB(A) <sup>2)<\/sup><\/td>\n<\/tr>\n<tr>\nNiveau <\/p>\n<td>de pression acoustique<\/td>\n<td>99 dB(A) <sup>2)<\/sup><\/td>\n<\/tr>\n<tr>\nNiveau <\/p>\n<td>de puissance<\/td>\n<p> acoustique<\/p>\n<td>109 dB(A) <sup>2)<\/sup><\/td>\n<\/tr>\n<tr>\nNiveau <\/p>\n<td>de puissance<\/td>\n<p> acoustique<\/p>\n<td>110 dB(A) <sup>2)<\/sup><\/td>\n<\/tr>\n<tr>\n<td>Valeur vibratoire gauche avec la main droite<\/td>\n<td>3,3 m\/s\u00b2 <sup>3)<\/sup><\/td>\n<\/tr>\n<tr>\n<td>Niveau de vibration gauche avec main droite<\/td>\n<td>3.6 m\/s\u00b2 <sup>3)<\/sup><\/td>\n<\/tr>\n<tr>\n<td>Niveau de vibration droit avec main droite<\/td>\n<td>2.5 m\/s\u00b2 <sup>3)<\/sup><\/td>\n<\/tr>\n<tr>\n<td>Niveau de vibration droit avec main droite<\/td>\n<td>3.3 m\/s\u00b2 <sup>3)<\/sup><\/td>\n<\/tr>\n<\/tbody>\n<\/table>\n","protected":false},"excerpt":{"rendered":"<p>FR 460 TC-EM<\/p>\n","protected":false},"featured_media":430389,"template":"","meta":{"_seopress_robots_primary_cat":"none","_seopress_titles_title":"","_seopress_titles_desc":"","_seopress_robots_index":""},"product_brand":[3366],"product_cat":[29,270,280],"product_tag":[3265],"class_list":{"0":"post-442943","1":"product","2":"type-product","3":"status-publish","4":"has-post-thumbnail","6":"product_brand-stihl","7":"product_cat-macchinari","8":"product_cat-decespugliatori-e-tagliabordi","9":"product_cat-decespugliatori-e-tagliabordi-a-motore","10":"product_tag-import-stihl","11":"sws-gruppo-macchinari-fr","12":"sws-conto-ricavi-merci-rivendita-macchinari-fr","13":"sws-gruppo-iva-iva81-fr","15":"first","16":"instock","17":"sale","18":"purchasable","19":"product-type-simple"},"_links":{"self":[{"href":"https:\/\/lucacastelli.com\/fr\/wp-json\/wp\/v2\/product\/442943","targetHints":{"allow":["GET"]}}],"collection":[{"href":"https:\/\/lucacastelli.com\/fr\/wp-json\/wp\/v2\/product"}],"about":[{"href":"https:\/\/lucacastelli.com\/fr\/wp-json\/wp\/v2\/types\/product"}],"wp:featuredmedia":[{"embeddable":true,"href":"https:\/\/lucacastelli.com\/fr\/wp-json\/wp\/v2\/media\/430389"}],"wp:attachment":[{"href":"https:\/\/lucacastelli.com\/fr\/wp-json\/wp\/v2\/media?parent=442943"}],"wp:term":[{"taxonomy":"product_brand","embeddable":true,"href":"https:\/\/lucacastelli.com\/fr\/wp-json\/wp\/v2\/product_brand?post=442943"},{"taxonomy":"product_cat","embeddable":true,"href":"https:\/\/lucacastelli.com\/fr\/wp-json\/wp\/v2\/product_cat?post=442943"},{"taxonomy":"product_tag","embeddable":true,"href":"https:\/\/lucacastelli.com\/fr\/wp-json\/wp\/v2\/product_tag?post=442943"}],"curies":[{"name":"wp","href":"https:\/\/api.w.org\/{rel}","templated":true}]}}