{"id":442930,"date":"2026-04-02T19:24:49","date_gmt":"2026-04-02T17:24:49","guid":{"rendered":"https:\/\/lucacastelli.com\/prodotto\/fr-460-tc-e\/"},"modified":"2026-04-02T23:29:50","modified_gmt":"2026-04-02T21:29:50","slug":"fr-460-tc-e","status":"publish","type":"product","link":"https:\/\/lucacastelli.com\/fr\/produit\/fr-460-tc-e\/","title":{"rendered":"STIHL FR 460 TC-E d\u00e9broussailleuse \u00e0 pied"},"content":{"rendered":"<h3 data-start=\"431\" data-end=\"499\">02STIHL FR 460 TC-E \u2013 D\u00e9broussailleuse dorsale professionnelle<\/h3>\n<p data-start=\"501\" data-end=\"789\">La <strong data-start=\"504\" data-end=\"525\">STIHL FR 460 TC-E<\/strong> est une d\u00e9broussailleuse \u00e0 dos con\u00e7ue pour offrir puissance, confort et praticit\u00e9 m\u00eame dans les conditions les plus difficiles. Gr\u00e2ce \u00e0 son <strong data-start=\"659\" data-end=\"681\">moteur STIHL 2-MIX<\/strong> \u00e0 faibles \u00e9missions, elle combine hautes performances et consommation r\u00e9duite, dans le plein respect des normes UE II. <\/p>\n<p data-start=\"791\" data-end=\"1050\">Con\u00e7u pour le <strong data-start=\"806\" data-end=\"878\">fauchage de pentes, terrains accident\u00e9s et travaux de d\u00e9broussaillage intensifs<\/strong>, ce mod\u00e8le est \u00e9quip\u00e9 d&#8217;un <strong data-start=\"907\" data-end=\"928\">tube divisible<\/strong> pour un transport ais\u00e9 et d&#8217;un <strong data-start=\"962\" data-end=\"1018\">ch\u00e2ssis ergonomique avec sacoche porte-outils int\u00e9gr\u00e9e<\/strong>, qui augmente sa praticit\u00e9.<\/p>\n<h3 data-start=\"1052\" data-end=\"1083\">Caract\u00e9ristiques principales :<\/h3>\n<ul data-start=\"1084\" data-end=\"1701\">\n<li data-start=\"1084\" data-end=\"1148\">\n<p data-start=\"1086\" data-end=\"1148\"><strong data-start=\"1086\" data-end=\"1110\">STIHL ErgoStart (E) :<\/strong> d\u00e9marrage simple et sans effort.<\/p>\n<\/li>\n<li data-start=\"1149\" data-end=\"1218\">\n<p data-start=\"1151\" data-end=\"1218\"><strong data-start=\"1151\" data-end=\"1168\">Moteur 2-MIX :<\/strong> puissant, efficace et respectueux de l&#8217;environnement.<\/p>\n<\/li>\n<li data-start=\"1219\" data-end=\"1278\">\n<p data-start=\"1221\" data-end=\"1278\"><strong data-start=\"1221\" data-end=\"1243\">Arbre fendu :<\/strong> facile \u00e0 transporter et \u00e0 ranger.<\/p>\n<\/li>\n<li data-start=\"1279\" data-end=\"1353\">\n<p data-start=\"1281\" data-end=\"1353\"><strong data-start=\"1281\" data-end=\"1311\">Poign\u00e9e circulaire :<\/strong> parfaite pour travailler dans les espaces \u00e9troits.<\/p>\n<\/li>\n<li data-start=\"1354\" data-end=\"1436\">\n<p data-start=\"1356\" data-end=\"1436\"><strong data-start=\"1356\" data-end=\"1383\">Syst\u00e8me anti-vibrations :<\/strong> r\u00e9duit la fatigue m\u00eame apr\u00e8s des heures d&#8217;utilisation.<\/p>\n<\/li>\n<li data-start=\"1437\" data-end=\"1515\">\n<p data-start=\"1439\" data-end=\"1515\"><strong data-start=\"1439\" data-end=\"1474\">Ceinture de transport rembourr\u00e9e :<\/strong> confort maximal lors de travaux prolong\u00e9s.<\/p>\n<\/li>\n<li data-start=\"1516\" data-end=\"1596\">\n<p data-start=\"1518\" data-end=\"1596\"><strong data-start=\"1518\" data-end=\"1549\">Filtre \u00e0 air longue dur\u00e9e :<\/strong> entretien r\u00e9duit et performances constantes.<\/p>\n<\/li>\n<li data-start=\"1597\" data-end=\"1662\">\n<p data-start=\"1599\" data-end=\"1662\"><strong data-start=\"1599\" data-end=\"1628\">Pompe d&#8217;amor\u00e7age manuelle :<\/strong> d\u00e9marrage rapide apr\u00e8s de longues pauses.<\/p>\n<\/li>\n<li data-start=\"1663\" data-end=\"1701\">\n<p data-start=\"1665\" data-end=\"1701\"><strong data-start=\"1665\" data-end=\"1699\">Lunettes de s\u00e9curit\u00e9 incluses.<\/strong><\/p>\n<\/li>\n<\/ul>\n<p data-start=\"1703\" data-end=\"1941\">La <strong data-start=\"1706\" data-end=\"1756\">d\u00e9broussailleuse dorsale STIHL FR 460 TC-E<\/strong> est le choix id\u00e9al pour ceux qui recherchent <strong data-start=\"1790\" data-end=\"1830\">fiabilit\u00e9, confort et performance<\/strong> dans un seul outil. Parfaite pour les professionnels des espaces verts, collectivit\u00e9s et utilisateurs priv\u00e9s exigeants. <\/p>\n<p>Donn\u00e9es techniques<\/p>\n<table data-test-id=\"pdp-spec-tech-table\">\n<tbody>\n<tr>\n<td>Cylindr\u00e9e<\/td>\n<td>45,6 cm\u00b3<\/td>\n<\/tr>\n<tr>\n<td>Pouvoir<\/td>\n<td>2,2 kW<\/td>\n<\/tr>\n<tr>\n<td>Pouvoir<\/td>\n<td>3 CV<\/td>\n<\/tr>\n<tr>\n<td>Le CO2<\/td>\n<td>800 g\/kWh<\/td>\n<\/tr>\n<tr>\n<td>Poids unitaire sans carburant<\/td>\n<td>10,9 kg <sup>1<!-- -->)<\/sup><\/td>\n<\/tr>\n<tr>\n<td>Outil<\/td>\n<p> de coupe standard <\/p>\n<td>M\u00e4hkopf AutoCut 36-2<\/td>\n<\/tr>\n<tr>\n<td>Diam\u00e8tre de circonf\u00e9rence de coupe<\/td>\n<td>420 mm<\/td>\n<\/tr>\n<tr>\n<td>Capacit\u00e9 du r\u00e9servoir<\/td>\n<td>0,75 l<\/td>\n<\/tr>\n<tr>\n<td>Capacit\u00e9 du r\u00e9servoir<\/td>\n<td>750 cm\u00b3<\/td>\n<\/tr>\n<tr>\n<td>Longueur de l&#8217;appareil sans outil de coupe<\/td>\n<td>280 cm<\/td>\n<\/tr>\n<tr>\nNiveau <\/p>\n<td>de pression acoustique<\/td>\n<td>100 dB(A) <sup>2)<\/sup><\/td>\n<\/tr>\n<tr>\nNiveau <\/p>\n<td>de pression acoustique<\/td>\n<td>99 dB(A) <sup>2)<\/sup><\/td>\n<\/tr>\n<tr>\nNiveau <\/p>\n<td>de puissance<\/td>\n<p> acoustique<\/p>\n<td>109 dB(A) <sup>2)<\/sup><\/td>\n<\/tr>\n<tr>\nNiveau <\/p>\n<td>de puissance<\/td>\n<p> acoustique<\/p>\n<td>110 dB(A) <sup>2)<\/sup><\/td>\n<\/tr>\n<tr>\n<td>Valeur vibratoire gauche avec la main droite<\/td>\n<td>3,3 m\/s\u00b2 <sup>3)<\/sup><\/td>\n<\/tr>\n<tr>\n<td>Valeur vibratoire gauche avec la main droite<\/td>\n<td>2,7 m\/s\u00b2 <sup>3)<\/sup><\/td>\n<\/tr>\n<tr>\n<td>Valeur vibratoire droite avec la main droite<\/td>\n<td>2,7 m\/s\u00b2 <sup>3)<\/sup><\/td>\n<\/tr>\n<tr>\n<td>Valeur vibratoire droite avec la main droite<\/td>\n<td>2,5 m\/s\u00b2 <sup>3)<\/sup><\/td>\n<\/tr>\n<\/tbody>\n<\/table>\n","protected":false},"excerpt":{"rendered":"<p data-start=\"178\" data-end=\"379\">D\u00e9broussailleuse dorsale <strong data-start=\"207\" data-end=\"228\">STIHL FR 460 TC-E<\/strong>, puissante et confortable avec moteur 2-MIX, ErgoStart et syst\u00e8me anti-vibrations. Id\u00e9ale pour terrains difficiles, pentes et travaux de d\u00e9broussaillage exigeants. <\/p>\n","protected":false},"featured_media":827656,"template":"","meta":{"_seopress_robots_primary_cat":"none","_seopress_titles_title":"STIHL FR 460 TC-E D\u00e9broussailleuse \u00e0 dos | Luca Castelli SA Suisse","_seopress_titles_desc":"D\u00e9couvrez la d\u00e9broussailleuse dorsale STIHL FR 460 TC-E : moteur 2-MIX, ErgoStart, syst\u00e8me anti-vibrations et tube divisible. Id\u00e9ale pour les pentes et travaux exigeants en Suisse. ","_seopress_robots_index":""},"product_brand":[3555],"product_cat":[1586,1602,167],"product_tag":[3267],"class_list":{"0":"post-442930","1":"product","2":"type-product","3":"status-publish","4":"has-post-thumbnail","6":"product_brand-stihl-fr","7":"product_cat-debroussailleuses-et-coupe-bordures","8":"product_cat-debroussailleuses-et-coupe-bordures-a-moteur","9":"product_cat-machines","10":"product_tag-import-stihl-fr","11":"sws-gruppo-macchinari-fr","12":"sws-conto-ricavi-merci-rivendita-macchinari-fr","13":"sws-gruppo-iva-iva81-fr","15":"first","16":"instock","17":"sale","18":"purchasable","19":"product-type-simple"},"_links":{"self":[{"href":"https:\/\/lucacastelli.com\/fr\/wp-json\/wp\/v2\/product\/442930","targetHints":{"allow":["GET"]}}],"collection":[{"href":"https:\/\/lucacastelli.com\/fr\/wp-json\/wp\/v2\/product"}],"about":[{"href":"https:\/\/lucacastelli.com\/fr\/wp-json\/wp\/v2\/types\/product"}],"wp:featuredmedia":[{"embeddable":true,"href":"https:\/\/lucacastelli.com\/fr\/wp-json\/wp\/v2\/media\/827656"}],"wp:attachment":[{"href":"https:\/\/lucacastelli.com\/fr\/wp-json\/wp\/v2\/media?parent=442930"}],"wp:term":[{"taxonomy":"product_brand","embeddable":true,"href":"https:\/\/lucacastelli.com\/fr\/wp-json\/wp\/v2\/product_brand?post=442930"},{"taxonomy":"product_cat","embeddable":true,"href":"https:\/\/lucacastelli.com\/fr\/wp-json\/wp\/v2\/product_cat?post=442930"},{"taxonomy":"product_tag","embeddable":true,"href":"https:\/\/lucacastelli.com\/fr\/wp-json\/wp\/v2\/product_tag?post=442930"}],"curies":[{"name":"wp","href":"https:\/\/api.w.org\/{rel}","templated":true}]}}