{"id":442927,"date":"2025-06-01T00:44:14","date_gmt":"2025-05-31T22:44:14","guid":{"rendered":"https:\/\/lucacastelli.com\/prodotto\/br-800-c-e\/"},"modified":"2026-03-25T08:13:39","modified_gmt":"2026-03-25T07:13:39","slug":"br-800-c-e","status":"publish","type":"product","link":"https:\/\/lucacastelli.com\/fr\/produit\/br-800-c-e\/","title":{"rendered":"STIHL BR 800 C-E"},"content":{"rendered":"<p>Le souffleur le plus puissant de la gamme STIHL. D\u00e9marrage lat\u00e9ral confortable, r\u00e9glage de la position de la poign\u00e9e sans outil. R\u00e9glage rapide du tube de soufflage. Poign\u00e9e de transport pour un \u00e9quilibre parfait de l\u2019\u00e9quipement. Syst\u00e8me antivibratoire STIHL, design ergonomique, moteur 4-MIX.    <\/p>\n<p>DONN\u00c9ES TECHNIQUES<\/p>\n<p>Autonomie \/ r\u00e9servoir plein min 79<br \/>\nCO2 g\/kWh 858<br \/>\nCylindr\u00e9e cm\u00b3 79,9<br \/>\nPoids kg 1) 11,7<br \/>\nNiveau de pression sonore dB(A) 2) 104<br \/>\nNiveau de puissance acoustique dB(A) 2) 112<br \/>\nValeur de vibration \u00e0 droite (Version standard) m\/s\u00b2 3) 3,5<br \/>\nValeur de vibration \u00e0 droite (Poign\u00e9e \u00e0 guidon) m\/s2 3) 2,3<br \/>\nD\u00e9bit d\u2019air maximum m\u00b3\/h 4) 2 025<\/p>\n","protected":false},"excerpt":{"rendered":"<p>Le souffleur le plus puissant de la gamme STIHL. D\u00e9marrage lat\u00e9ral confortable, r\u00e9glage de la position de la poign\u00e9e sans outil. R\u00e9glage rapide du tube de soufflage. Poign\u00e9e de transport pour un \u00e9quilibre parfait de l\u2019\u00e9quipement. Syst\u00e8me antivibratoire STIHL, design ergonomique, moteur 4-MIX.    <\/p>\n","protected":false},"featured_media":667873,"template":"","meta":{"_seopress_robots_primary_cat":"none","_seopress_titles_title":"","_seopress_titles_desc":"","_seopress_robots_index":""},"product_brand":[3555],"product_cat":[167,1652,1643],"product_tag":[3267],"class_list":{"0":"post-442927","1":"product","2":"type-product","3":"status-publish","4":"has-post-thumbnail","6":"product_brand-stihl-fr","7":"product_cat-machines","8":"product_cat-souffleurs-a-moteur","9":"product_cat-souffleurs-et-aspirateurs","10":"product_tag-import-stihl-fr","11":"sws-gruppo-macchinari-fr","12":"sws-conto-ricavi-merci-rivendita-macchinari-fr","13":"sws-gruppo-iva-iva81-fr","15":"first","16":"instock","17":"sale","18":"purchasable","19":"product-type-simple"},"_links":{"self":[{"href":"https:\/\/lucacastelli.com\/fr\/wp-json\/wp\/v2\/product\/442927","targetHints":{"allow":["GET"]}}],"collection":[{"href":"https:\/\/lucacastelli.com\/fr\/wp-json\/wp\/v2\/product"}],"about":[{"href":"https:\/\/lucacastelli.com\/fr\/wp-json\/wp\/v2\/types\/product"}],"wp:featuredmedia":[{"embeddable":true,"href":"https:\/\/lucacastelli.com\/fr\/wp-json\/wp\/v2\/media\/667873"}],"wp:attachment":[{"href":"https:\/\/lucacastelli.com\/fr\/wp-json\/wp\/v2\/media?parent=442927"}],"wp:term":[{"taxonomy":"product_brand","embeddable":true,"href":"https:\/\/lucacastelli.com\/fr\/wp-json\/wp\/v2\/product_brand?post=442927"},{"taxonomy":"product_cat","embeddable":true,"href":"https:\/\/lucacastelli.com\/fr\/wp-json\/wp\/v2\/product_cat?post=442927"},{"taxonomy":"product_tag","embeddable":true,"href":"https:\/\/lucacastelli.com\/fr\/wp-json\/wp\/v2\/product_tag?post=442927"}],"curies":[{"name":"wp","href":"https:\/\/api.w.org\/{rel}","templated":true}]}}