{"id":442921,"date":"2025-05-31T22:31:55","date_gmt":"2025-05-31T20:31:55","guid":{"rendered":"https:\/\/lucacastelli.com\/prodotto\/hla-56-sans-batterie-ni-chargeur\/"},"modified":"2025-11-17T13:03:54","modified_gmt":"2025-11-17T12:03:54","slug":"hla-56-sans-batterie-ni-chargeur","status":"publish","type":"product","link":"https:\/\/lucacastelli.com\/fr\/produit\/hla-56-sans-batterie-ni-chargeur\/","title":{"rendered":"STIHL HLA 56, sans ac ni chargeur"},"content":{"rendered":"<p>Taille-haie allong\u00e9 l\u00e9ger aliment\u00e9 par batterie pour tailler les haies hautes et les arbustes dans le jardin potager. Lame tranchante unilat\u00e9rale avec g\u00e9om\u00e9trie en forme de larme, lame avec r\u00e9glage par pression de -45\u00b0 \u00e0 +90\u00b0, arbre divisible pour un transport facile. Longueur de transport 115 cm, longueur totale 210 cm.<br \/>\n886661634460  <\/p>\n<p>Tension nominale 36<br \/>\nConsommation \u00e9lectrique Consommation \u00e9lectrique<\/p>\n<p>Alimentation Puissance<br \/>\nBatterie recommand\u00e9e Syst\u00e8me de batterie AK 10<br \/>\nAK<\/p>\n","protected":false},"excerpt":{"rendered":"<p>HLA 56, sans batterie ni chargeur<\/p>\n","protected":false},"featured_media":422537,"template":"","meta":{"_seopress_robots_primary_cat":"","_seopress_titles_title":"","_seopress_titles_desc":"","_seopress_robots_index":""},"product_brand":[3555],"product_cat":[167,1690,1626],"product_tag":[3267],"class_list":{"0":"post-442921","1":"product","2":"type-product","3":"status-publish","4":"has-post-thumbnail","6":"product_brand-stihl-fr","7":"product_cat-machines","8":"product_cat-taille-haies-et-elagueurs","9":"product_cat-taille-haies-et-elagueurs-a-batterie","10":"product_tag-import-stihl-fr","11":"sws-gruppo-macchinari-fr","12":"sws-conto-ricavi-merci-rivendita-macchinari-fr","13":"sws-gruppo-iva-iva81-fr","15":"first","16":"onbackorder","17":"purchasable","18":"product-type-simple"},"_links":{"self":[{"href":"https:\/\/lucacastelli.com\/fr\/wp-json\/wp\/v2\/product\/442921","targetHints":{"allow":["GET"]}}],"collection":[{"href":"https:\/\/lucacastelli.com\/fr\/wp-json\/wp\/v2\/product"}],"about":[{"href":"https:\/\/lucacastelli.com\/fr\/wp-json\/wp\/v2\/types\/product"}],"wp:featuredmedia":[{"embeddable":true,"href":"https:\/\/lucacastelli.com\/fr\/wp-json\/wp\/v2\/media\/422537"}],"wp:attachment":[{"href":"https:\/\/lucacastelli.com\/fr\/wp-json\/wp\/v2\/media?parent=442921"}],"wp:term":[{"taxonomy":"product_brand","embeddable":true,"href":"https:\/\/lucacastelli.com\/fr\/wp-json\/wp\/v2\/product_brand?post=442921"},{"taxonomy":"product_cat","embeddable":true,"href":"https:\/\/lucacastelli.com\/fr\/wp-json\/wp\/v2\/product_cat?post=442921"},{"taxonomy":"product_tag","embeddable":true,"href":"https:\/\/lucacastelli.com\/fr\/wp-json\/wp\/v2\/product_tag?post=442921"}],"curies":[{"name":"wp","href":"https:\/\/api.w.org\/{rel}","templated":true}]}}