{"id":421956,"date":"2023-06-17T10:50:26","date_gmt":"2023-06-17T08:50:26","guid":{"rendered":"https:\/\/lucacastelli.com\/prodotto\/75-x-4-mm-t144d-stichsageblatt-holz-schnelle-schnitte\/"},"modified":"2025-06-29T08:16:22","modified_gmt":"2025-06-29T06:16:22","slug":"75-x-4-mm-t144d-stichsageblatt-holz-schnelle-schnitte","status":"publish","type":"product","link":"https:\/\/lucacastelli.com\/fr\/produit\/75-x-4-mm-t144d-stichsageblatt-holz-schnelle-schnitte\/","title":{"rendered":"75 x 4 mm T144D Stichs\u00e4geblatt Holz schnelle Schnitte"},"content":{"rendered":"<p>Les lames de scie \u00e0 m\u00e9taux Milwaukee conviennent \u00e0 la plupart des marques<br \/>\nLa g\u00e9om\u00e9trie agressive des dents est id\u00e9ale pour une coupe rapide<br \/>\nLongueur de la lame 75mm<br \/>\nMat\u00e9riau HCS<br \/>\nQuantit\u00e9 par paquet 5 pi\u00e8ces<\/p>\n","protected":false},"excerpt":{"rendered":"<p>Les lames de scie \u00e0 m\u00e9taux Milwaukee conviennent \u00e0 la plupart des marques La g\u00e9om\u00e9trie agressive des dents est id\u00e9ale<\/p>\n","protected":false},"featured_media":485826,"template":"","meta":{"_seopress_robots_primary_cat":"","_seopress_titles_title":"","_seopress_titles_desc":"","_seopress_robots_index":""},"product_brand":[3656],"product_cat":[169,1454,1553,1554],"product_tag":[6837],"class_list":{"0":"post-421956","1":"product","2":"type-product","3":"status-publish","4":"has-post-thumbnail","6":"product_brand-milwaukee-de","7":"product_cat-maschinen","8":"product_cat-andere-gerate","9":"product_cat-bohrer-und-schraubendreher","10":"product_cat-zubehor-fur-bohrmaschinen-und-schraubendreher","11":"product_tag-imp-26-mw_update","13":"first","14":"instock","15":"shipping-taxable","16":"purchasable","17":"product-type-simple"},"_links":{"self":[{"href":"https:\/\/lucacastelli.com\/fr\/wp-json\/wp\/v2\/product\/421956","targetHints":{"allow":["GET"]}}],"collection":[{"href":"https:\/\/lucacastelli.com\/fr\/wp-json\/wp\/v2\/product"}],"about":[{"href":"https:\/\/lucacastelli.com\/fr\/wp-json\/wp\/v2\/types\/product"}],"wp:featuredmedia":[{"embeddable":true,"href":"https:\/\/lucacastelli.com\/fr\/wp-json\/wp\/v2\/media\/485826"}],"wp:attachment":[{"href":"https:\/\/lucacastelli.com\/fr\/wp-json\/wp\/v2\/media?parent=421956"}],"wp:term":[{"taxonomy":"product_brand","embeddable":true,"href":"https:\/\/lucacastelli.com\/fr\/wp-json\/wp\/v2\/product_brand?post=421956"},{"taxonomy":"product_cat","embeddable":true,"href":"https:\/\/lucacastelli.com\/fr\/wp-json\/wp\/v2\/product_cat?post=421956"},{"taxonomy":"product_tag","embeddable":true,"href":"https:\/\/lucacastelli.com\/fr\/wp-json\/wp\/v2\/product_tag?post=421956"}],"curies":[{"name":"wp","href":"https:\/\/api.w.org\/{rel}","templated":true}]}}