{"id":421954,"date":"2023-06-15T19:24:55","date_gmt":"2023-06-15T17:24:55","guid":{"rendered":"https:\/\/lucacastelli.com\/prodotto\/burstenlose-akku-handkreissage-m18blcs66-0x\/"},"modified":"2025-06-29T08:15:42","modified_gmt":"2025-06-29T06:15:42","slug":"burstenlose-akku-handkreissage-m18blcs66-0x","status":"publish","type":"product","link":"https:\/\/lucacastelli.com\/fr\/produit\/burstenlose-akku-handkreissage-m18blcs66-0x\/","title":{"rendered":"B\u00fcrstenlose Akku-Handkreiss\u00e4ge M18BLCS66-0X"},"content":{"rendered":"<p>Scie circulaire sans fil sans balais avec une profondeur de coupe de 66 mm pour couper jusqu\u2019\u00e0 3 panneaux OSB (19 mm) en m\u00eame temps\u00c9lectronique REDLINK<br \/>\n\u2122 : la protection contre les surcharges de la machine et de la batterie assure une longue dur\u00e9e de vie.<br \/>\nLa batterie REDLITHIUM-ION\u2122 offre une conception parfaitement calibr\u00e9e, une \u00e9lectronique avanc\u00e9e et une alimentation sans perte pour une dur\u00e9e de vie plus longue que les mod\u00e8les pr\u00e9c\u00e9dents.<br \/>\nCrochet m\u00e9tallique pour une suspension facile et s\u00fbre de l\u2019outil<br \/>\nL\u2019adaptateur fourni s\u2019adapte \u00e0 tous les aspirateurs Milwaukee<br \/>\nPlaque de base en aluminium pour une durabilit\u00e9 maximale<br \/>\n\u00c9clairage LED de la zone de travail<br \/>\nInclinaison de la lame de 50\u00b0 avec une profondeur de coupe de 46 mm<br \/>\nSyst\u00e8me 100&nbsp;% compatible avec Milwaukee\u00ae M18\u2122<\/p>\n<p>Caract\u00e9ristiques techniques&nbsp;:<\/p>\n<p>Batterie lithium-ion<br \/>\nDiam\u00e8tre du trou (mm) 30<br \/>\nLivr\u00e9 dans une bo\u00eete HD<br \/>\nPoids avec batterie (kg) 4.0<br \/>\nVitesse de ralenti (min-1) 5000<br \/>\nProfondeur de coupe max. Profondeur de coupe 45\u00b0 (mm) 48<br \/>\nProfondeur de coupe max. Profondeur de coupe 90\u00b0 (mm) 66<br \/>\nDiam\u00e8tre de la lame (mm) 190<br \/>\nTension (V) 18 <\/p>\n<p>Contenu de la livraison :<\/p>\n<p>Adaptateur d\u2019extraction<br \/>\nbo\u00eetier HD<br \/>\nsans piles, sans chargeur<\/p>\n","protected":false},"excerpt":{"rendered":"<p>Scie circulaire sans fil sans balais avec une profondeur de coupe de 66 mm pour couper jusqu\u2019\u00e0 3 panneaux OSB<\/p>\n","protected":false},"featured_media":56450,"template":"","meta":{"_seopress_robots_primary_cat":"","_seopress_titles_title":"","_seopress_titles_desc":"","_seopress_robots_index":""},"product_brand":[3407],"product_cat":[29,514,535],"product_tag":[],"class_list":{"0":"post-421954","1":"product","2":"type-product","3":"status-publish","4":"has-post-thumbnail","6":"product_brand-milwaukee","7":"product_cat-macchinari","8":"product_cat-altri-dispositivi","9":"product_cat-spaccalegna-e-circolari","11":"first","12":"instock","13":"shipping-taxable","14":"purchasable","15":"product-type-simple"},"_links":{"self":[{"href":"https:\/\/lucacastelli.com\/fr\/wp-json\/wp\/v2\/product\/421954","targetHints":{"allow":["GET"]}}],"collection":[{"href":"https:\/\/lucacastelli.com\/fr\/wp-json\/wp\/v2\/product"}],"about":[{"href":"https:\/\/lucacastelli.com\/fr\/wp-json\/wp\/v2\/types\/product"}],"wp:featuredmedia":[{"embeddable":true,"href":"https:\/\/lucacastelli.com\/fr\/wp-json\/wp\/v2\/media\/56450"}],"wp:attachment":[{"href":"https:\/\/lucacastelli.com\/fr\/wp-json\/wp\/v2\/media?parent=421954"}],"wp:term":[{"taxonomy":"product_brand","embeddable":true,"href":"https:\/\/lucacastelli.com\/fr\/wp-json\/wp\/v2\/product_brand?post=421954"},{"taxonomy":"product_cat","embeddable":true,"href":"https:\/\/lucacastelli.com\/fr\/wp-json\/wp\/v2\/product_cat?post=421954"},{"taxonomy":"product_tag","embeddable":true,"href":"https:\/\/lucacastelli.com\/fr\/wp-json\/wp\/v2\/product_tag?post=421954"}],"curies":[{"name":"wp","href":"https:\/\/api.w.org\/{rel}","templated":true}]}}