{"id":421950,"date":"2023-06-16T09:59:43","date_gmt":"2023-06-16T07:59:43","guid":{"rendered":"https:\/\/lucacastelli.com\/prodotto\/demarreur-18v-m18hnrg-802\/"},"modified":"2025-06-29T08:15:55","modified_gmt":"2025-06-29T06:15:55","slug":"demarreur-18v-m18hnrg-802","status":"publish","type":"product","link":"https:\/\/lucacastelli.com\/fr\/produit\/demarreur-18v-m18hnrg-802\/","title":{"rendered":"D\u00e9marreur 18V M18HNRG-802"},"content":{"rendered":"<p>Caract\u00e9ristiques techniques&nbsp;:<\/p>\n<p>Batterie lithium-ion<br \/>\nCapacit\u00e9 de la batterie (Ah) 8.0<br \/>\nNombre de batteries fournies 2<br \/>\nLivr\u00e9 en &#8211;<br \/>\nChargeur (temps de charge) &#8211;<br \/>\nChargeur (sp\u00e9cial) M12-18 FC<br \/>\nTension (V) 18<br \/>\nSyst\u00e8me M18<br \/>\nContenu de la livraison&nbsp;:<\/p>\n<p>1 x Milwaukee M12-18 FC<br \/>\n2 x batteries rechargeables Milwaukee M18 HB8 18V \/ 8.0Ah<\/p>\n","protected":false},"excerpt":{"rendered":"<p>Caract\u00e9ristiques techniques&nbsp;: Batterie lithium-ion Capacit\u00e9 de la batterie (Ah) 8.0 Nombre de batteries fournies 2 Livr\u00e9 en &#8211; Chargeur (temps<\/p>\n","protected":false},"featured_media":56523,"template":"","meta":{"_seopress_robots_primary_cat":"","_seopress_titles_title":"","_seopress_titles_desc":"","_seopress_robots_index":""},"product_brand":[3407],"product_cat":[29,514,549,550],"product_tag":[],"class_list":{"0":"post-421950","1":"product","2":"type-product","3":"status-publish","4":"has-post-thumbnail","6":"product_brand-milwaukee","7":"product_cat-macchinari","8":"product_cat-altri-dispositivi","9":"product_cat-trapani-e-avvitatori","10":"product_cat-accessori-per-trapani-ed-avvitatori","12":"first","13":"instock","14":"shipping-taxable","15":"purchasable","16":"product-type-simple"},"_links":{"self":[{"href":"https:\/\/lucacastelli.com\/fr\/wp-json\/wp\/v2\/product\/421950","targetHints":{"allow":["GET"]}}],"collection":[{"href":"https:\/\/lucacastelli.com\/fr\/wp-json\/wp\/v2\/product"}],"about":[{"href":"https:\/\/lucacastelli.com\/fr\/wp-json\/wp\/v2\/types\/product"}],"wp:featuredmedia":[{"embeddable":true,"href":"https:\/\/lucacastelli.com\/fr\/wp-json\/wp\/v2\/media\/56523"}],"wp:attachment":[{"href":"https:\/\/lucacastelli.com\/fr\/wp-json\/wp\/v2\/media?parent=421950"}],"wp:term":[{"taxonomy":"product_brand","embeddable":true,"href":"https:\/\/lucacastelli.com\/fr\/wp-json\/wp\/v2\/product_brand?post=421950"},{"taxonomy":"product_cat","embeddable":true,"href":"https:\/\/lucacastelli.com\/fr\/wp-json\/wp\/v2\/product_cat?post=421950"},{"taxonomy":"product_tag","embeddable":true,"href":"https:\/\/lucacastelli.com\/fr\/wp-json\/wp\/v2\/product_tag?post=421950"}],"curies":[{"name":"wp","href":"https:\/\/api.w.org\/{rel}","templated":true}]}}