{"id":421945,"date":"2023-06-15T19:24:26","date_gmt":"2023-06-15T17:24:26","guid":{"rendered":"https:\/\/lucacastelli.com\/prodotto\/one-key-akku-schlagschrauber-1-2-vierkant-sprengring-m18onefhiwf12-0x\/"},"modified":"2025-11-01T14:26:48","modified_gmt":"2025-11-01T13:26:48","slug":"one-key-akku-schlagschrauber-1-2-vierkant-sprengring-m18onefhiwf12-0x","status":"publish","type":"product","link":"https:\/\/lucacastelli.com\/fr\/produit\/one-key-akku-schlagschrauber-1-2-vierkant-sprengring-m18onefhiwf12-0x\/","title":{"rendered":"ONE KEY \u2122 Akku-Schlagschrauber 1\/2&#8243; Vierkant Sprengring M18ONEFHIWF12-0X"},"content":{"rendered":"<p>Contr\u00f4le individuel de la vitesse et du couple<br \/>\nPersonnalisation compl\u00e8te des param\u00e8tres de l\u2019outil via l\u2019application ONE-KEY\u2122 pour adapter l\u2019outil exactement \u00e0 vos besoins<br \/>\nDRIVE CONTROL\u2122 vous permet de basculer rapidement entre 4 niveaux de vitesse avec diff\u00e9rents r\u00e9glages de vitesse et de couple<br \/>\nNiveau 4 &#8211; pour un m\u00e9lange optimal de puissance et de pr\u00e9cision lors du desserrage des vis<br \/>\nMontage par anneau \u00e9lastique 1\/2 \u030b<br \/>\nCouple puissant de 1 356 Nm dans un design compact &#8211; seulement 213 mm de long<br \/>\n100&nbsp;% compatible avec la gamme de produits Milwaukee\u00ae M18<br \/>\nLe suivi d\u2019outils et la s\u00e9curit\u00e9 ONE-KEY\u2122 offrent \u00e9galement la possibilit\u00e9 d\u2019afficher la derni\u00e8re position connue de l\u2019outil,  entre autres choses.<br \/>\nCaract\u00e9ristiques techniques&nbsp;:<br \/>\nBatterie&nbsp;: lithium-ion<br \/>\nPoids avec batterie 3,3 kg<br \/>\nVitesse \u00e0 vide (min-1)&nbsp;: 0-550\/0-1400\/0-1750\/0-1750<br \/>\nCouple max. Couple [Nm] : 130\/400\/1356\/1356<br \/>\nCouple de desserrage maximal [Nm] : 130\/400\/1356\/1356 Couple de desserrage [Nm] : 1898<br \/>\nDiam\u00e8tre maximal de la vis Diam\u00e8tre de la vis : M33<br \/>\nVitesse d\u2019impact (min-1) : 0-950\/0-1750\/0-2100\/0-2100<br \/>\nTension : 18 V<br \/>\nContenu de la livraison :<br \/>\n1 x bo\u00eetier HD<br \/>\n1 x cl\u00e9 \u00e0 chocs sans fil M18 ONEFHIWF12-0X<br \/>\nsans piles, sans chargeur <\/p>\n","protected":false},"excerpt":{"rendered":"<p>Contr\u00f4le individuel de la vitesse et du couple Personnalisation compl\u00e8te des param\u00e8tres de l\u2019outil via l\u2019application ONE-KEY\u2122 pour adapter l\u2019outil<\/p>\n","protected":false},"featured_media":56445,"template":"","meta":{"_seopress_robots_primary_cat":"","_seopress_titles_title":"","_seopress_titles_desc":"","_seopress_robots_index":""},"product_brand":[3658],"product_cat":[1555,1453,167,1552],"product_tag":[],"class_list":{"0":"post-421945","1":"product","2":"type-product","3":"status-publish","4":"has-post-thumbnail","6":"product_brand-milwaukee-fr","7":"product_cat-accessoires-pour-perceuses-et-tournevis","8":"product_cat-autres-appareils","9":"product_cat-machines","10":"product_cat-perceuses-et-tournevis","11":"sws-gruppo-macchinari","12":"sws-conto-ricavi-merci-rivendita-macchinari","13":"sws-gruppo-iva-iva81","15":"first","16":"instock","17":"shipping-taxable","18":"purchasable","19":"product-type-simple"},"_links":{"self":[{"href":"https:\/\/lucacastelli.com\/fr\/wp-json\/wp\/v2\/product\/421945","targetHints":{"allow":["GET"]}}],"collection":[{"href":"https:\/\/lucacastelli.com\/fr\/wp-json\/wp\/v2\/product"}],"about":[{"href":"https:\/\/lucacastelli.com\/fr\/wp-json\/wp\/v2\/types\/product"}],"wp:featuredmedia":[{"embeddable":true,"href":"https:\/\/lucacastelli.com\/fr\/wp-json\/wp\/v2\/media\/56445"}],"wp:attachment":[{"href":"https:\/\/lucacastelli.com\/fr\/wp-json\/wp\/v2\/media?parent=421945"}],"wp:term":[{"taxonomy":"product_brand","embeddable":true,"href":"https:\/\/lucacastelli.com\/fr\/wp-json\/wp\/v2\/product_brand?post=421945"},{"taxonomy":"product_cat","embeddable":true,"href":"https:\/\/lucacastelli.com\/fr\/wp-json\/wp\/v2\/product_cat?post=421945"},{"taxonomy":"product_tag","embeddable":true,"href":"https:\/\/lucacastelli.com\/fr\/wp-json\/wp\/v2\/product_tag?post=421945"}],"curies":[{"name":"wp","href":"https:\/\/api.w.org\/{rel}","templated":true}]}}