{"id":421943,"date":"2023-06-16T09:59:13","date_gmt":"2023-06-16T07:59:13","guid":{"rendered":"https:\/\/lucacastelli.com\/prodotto\/auto-ladegerat-m12-18ac\/"},"modified":"2025-06-29T08:15:59","modified_gmt":"2025-06-29T06:15:59","slug":"auto-ladegerat-m12-18ac","status":"publish","type":"product","link":"https:\/\/lucacastelli.com\/fr\/produit\/auto-ladegerat-m12-18ac\/","title":{"rendered":"Auto-Ladeger\u00e4t M12-18AC"},"content":{"rendered":"<p>Chargez les batteries Milwaukee\u00ae en d\u00e9placement, ce qui est parfait pour les artisans qui souhaitent utiliser le temps de trajet pour recharger les batteries \u00e0 l\u2019aide de prises 12V.<br \/>\nChargez toutes les batteries M18 \u2122 et M12 \u2122 REDLITHIUM-ION \u2122.<br \/>\nCharge s\u00e9quentielle : La batterie ins\u00e9r\u00e9e en premier est charg\u00e9e en premier.<br \/>\nM12 \u2122 REDLITHIUM-ION \u2122 2,0 Ah \/ 3,0 Ah \/ 4,0 Ah \/ 6,0 Ah Akks se charge en 40 min \/ 70 min \/ 80 min \/ 90 min<br \/>\nLes batteries M18 \u2122 REDLITHIUM-ION \u2122 2,0 Ah \/ 4,0 Ah \/ 5,0 Ah \/ 6,0 Ah \/ 9,0 Ah se chargent en 40 min \/ 80 min \/ 100 min \/ 124 min \/ 180 min<\/p>\n<p>Caract\u00e9ristiques techniques&nbsp;:<\/p>\n<p>Capacit\u00e9 de la batterie (Ah) 2.0, 4.0, 5.0, 6.0, 9.0, 3.0, 5.5, 8.0, 12.0<br \/>\nPour les batteries Li-ion Oui<br \/>\nPour les batteries NiCd Non<br \/>\nPour les batteries NiMH Non<br \/>\nChargeur (temps de charge) (min) 40\/80\/100\/124\/180<br \/>\nSyst\u00e8me M12, M14, M18<br \/>\nTemps de charge (min) 40\/80\/100\/124\/180\/75\/130\/190\/285<\/p>\n","protected":false},"excerpt":{"rendered":"<p>Chargez les batteries Milwaukee\u00ae en d\u00e9placement, ce qui est parfait pour les artisans qui souhaitent utiliser le temps de trajet<\/p>\n","protected":false},"featured_media":56518,"template":"","meta":{"_seopress_robots_primary_cat":"","_seopress_titles_title":"","_seopress_titles_desc":"","_seopress_robots_index":""},"product_brand":[3658],"product_cat":[1555,1453,167,1552],"product_tag":[],"class_list":{"0":"post-421943","1":"product","2":"type-product","3":"status-publish","4":"has-post-thumbnail","6":"product_brand-milwaukee-fr","7":"product_cat-accessoires-pour-perceuses-et-tournevis","8":"product_cat-autres-appareils","9":"product_cat-machines","10":"product_cat-perceuses-et-tournevis","12":"first","13":"instock","14":"shipping-taxable","15":"purchasable","16":"product-type-simple"},"_links":{"self":[{"href":"https:\/\/lucacastelli.com\/fr\/wp-json\/wp\/v2\/product\/421943","targetHints":{"allow":["GET"]}}],"collection":[{"href":"https:\/\/lucacastelli.com\/fr\/wp-json\/wp\/v2\/product"}],"about":[{"href":"https:\/\/lucacastelli.com\/fr\/wp-json\/wp\/v2\/types\/product"}],"wp:featuredmedia":[{"embeddable":true,"href":"https:\/\/lucacastelli.com\/fr\/wp-json\/wp\/v2\/media\/56518"}],"wp:attachment":[{"href":"https:\/\/lucacastelli.com\/fr\/wp-json\/wp\/v2\/media?parent=421943"}],"wp:term":[{"taxonomy":"product_brand","embeddable":true,"href":"https:\/\/lucacastelli.com\/fr\/wp-json\/wp\/v2\/product_brand?post=421943"},{"taxonomy":"product_cat","embeddable":true,"href":"https:\/\/lucacastelli.com\/fr\/wp-json\/wp\/v2\/product_cat?post=421943"},{"taxonomy":"product_tag","embeddable":true,"href":"https:\/\/lucacastelli.com\/fr\/wp-json\/wp\/v2\/product_tag?post=421943"}],"curies":[{"name":"wp","href":"https:\/\/api.w.org\/{rel}","templated":true}]}}