{"id":421940,"date":"2023-06-17T10:51:17","date_gmt":"2023-06-17T08:51:17","guid":{"rendered":"https:\/\/lucacastelli.com\/prodotto\/75x-3-mm-t127d-stichsageblatt-metall-fur-schnitte-en-aluminium\/"},"modified":"2025-06-29T08:16:26","modified_gmt":"2025-06-29T06:16:26","slug":"75x-3-mm-t127d-stichsageblatt-metall-fur-schnitte-en-aluminium","status":"publish","type":"product","link":"https:\/\/lucacastelli.com\/fr\/produit\/75x-3-mm-t127d-stichsageblatt-metall-fur-schnitte-en-aluminium\/","title":{"rendered":"75x 3 mm T127D Stichs\u00e4geblatt Metall f\u00fcr Schnitte en aluminium"},"content":{"rendered":"<p>Les lames de scie \u00e0 m\u00e9taux de Milwaukee conviennent \u00e0 la plupart des marques<br \/>\nLa g\u00e9om\u00e9trie agressive des dents du tranchant est id\u00e9ale pour une coupe rapide<br \/>\nLa plupart des lames traditionnelles sont capables de couper l\u2019aluminium, mais ces lames b\u00e9n\u00e9ficient d\u2019un pas de dent plus large et de gorges plus larges offrant un meilleur enl\u00e8vement de mati\u00e8re et un avantage exceptionnel dans la coupe de l\u2019aluminium.<br \/>\nLongueur de la lame 75mm<br \/>\nMat\u00e9riau HCS<br \/>\nQuantit\u00e9 par paquet 5 pi\u00e8ces<\/p>\n","protected":false},"excerpt":{"rendered":"<p>Les lames de scie \u00e0 m\u00e9taux de Milwaukee conviennent \u00e0 la plupart des marques La g\u00e9om\u00e9trie agressive des dents du<\/p>\n","protected":false},"featured_media":91932,"template":"","meta":{"_seopress_robots_primary_cat":"","_seopress_titles_title":"","_seopress_titles_desc":"","_seopress_robots_index":""},"product_brand":[3658],"product_cat":[1477],"product_tag":[],"class_list":{"0":"post-421940","1":"product","2":"type-product","3":"status-publish","4":"has-post-thumbnail","6":"product_brand-milwaukee-fr","7":"product_cat-shop-fr","9":"first","10":"instock","11":"shipping-taxable","12":"purchasable","13":"product-type-simple"},"_links":{"self":[{"href":"https:\/\/lucacastelli.com\/fr\/wp-json\/wp\/v2\/product\/421940","targetHints":{"allow":["GET"]}}],"collection":[{"href":"https:\/\/lucacastelli.com\/fr\/wp-json\/wp\/v2\/product"}],"about":[{"href":"https:\/\/lucacastelli.com\/fr\/wp-json\/wp\/v2\/types\/product"}],"wp:featuredmedia":[{"embeddable":true,"href":"https:\/\/lucacastelli.com\/fr\/wp-json\/wp\/v2\/media\/91932"}],"wp:attachment":[{"href":"https:\/\/lucacastelli.com\/fr\/wp-json\/wp\/v2\/media?parent=421940"}],"wp:term":[{"taxonomy":"product_brand","embeddable":true,"href":"https:\/\/lucacastelli.com\/fr\/wp-json\/wp\/v2\/product_brand?post=421940"},{"taxonomy":"product_cat","embeddable":true,"href":"https:\/\/lucacastelli.com\/fr\/wp-json\/wp\/v2\/product_cat?post=421940"},{"taxonomy":"product_tag","embeddable":true,"href":"https:\/\/lucacastelli.com\/fr\/wp-json\/wp\/v2\/product_tag?post=421940"}],"curies":[{"name":"wp","href":"https:\/\/api.w.org\/{rel}","templated":true}]}}