{"id":421932,"date":"2025-05-26T11:32:47","date_gmt":"2025-05-26T09:32:47","guid":{"rendered":"https:\/\/lucacastelli.com\/prodotto\/ochsenkopf-houe-a-main\/"},"modified":"2025-05-26T11:32:47","modified_gmt":"2025-05-26T09:32:47","slug":"ochsenkopf-houe-a-main","status":"publish","type":"product","link":"https:\/\/lucacastelli.com\/fr\/produit\/ochsenkopf-houe-a-main\/","title":{"rendered":"Ochsenkopf Houe \u00e0 main"},"content":{"rendered":"<p>Pour d\u00e9placer et soulever de petites b\u00fbches, du bois de chauffage et des morceaux de bois. Il vous permet de travailler de mani\u00e8re ergonomique et sans vous fatiguer le dos. <\/p>\n<p>Longueur&nbsp;: 38 cm<br \/>\nPoids&nbsp;: 500 g<\/p>\n","protected":false},"excerpt":{"rendered":"<p>Pour d\u00e9placer et soulever de petites b\u00fbches, du bois de chauffage et des morceaux de bois. Il vous permet de<\/p>\n","protected":false},"featured_media":421928,"template":"","meta":{"_seopress_robots_primary_cat":"","_seopress_titles_title":"","_seopress_titles_desc":"","_seopress_robots_index":""},"product_brand":[4383],"product_cat":[33,537,822],"product_tag":[],"class_list":{"0":"post-421932","1":"product","2":"type-product","3":"status-publish","4":"has-post-thumbnail","6":"product_brand-ochsenkopf","7":"product_cat-attrezzature","8":"product_cat-attrezzatura-da-lavoro","9":"product_cat-altro-attrezzatura-da-lavoro","10":"sws-gruppo-attrezz","11":"sws-conto-ricavi-merci-rivendita-macchinari","12":"sws-gruppo-iva-iva81","14":"first","15":"instock","16":"shipping-taxable","17":"purchasable","18":"product-type-simple"},"_links":{"self":[{"href":"https:\/\/lucacastelli.com\/fr\/wp-json\/wp\/v2\/product\/421932","targetHints":{"allow":["GET"]}}],"collection":[{"href":"https:\/\/lucacastelli.com\/fr\/wp-json\/wp\/v2\/product"}],"about":[{"href":"https:\/\/lucacastelli.com\/fr\/wp-json\/wp\/v2\/types\/product"}],"wp:featuredmedia":[{"embeddable":true,"href":"https:\/\/lucacastelli.com\/fr\/wp-json\/wp\/v2\/media\/421928"}],"wp:attachment":[{"href":"https:\/\/lucacastelli.com\/fr\/wp-json\/wp\/v2\/media?parent=421932"}],"wp:term":[{"taxonomy":"product_brand","embeddable":true,"href":"https:\/\/lucacastelli.com\/fr\/wp-json\/wp\/v2\/product_brand?post=421932"},{"taxonomy":"product_cat","embeddable":true,"href":"https:\/\/lucacastelli.com\/fr\/wp-json\/wp\/v2\/product_cat?post=421932"},{"taxonomy":"product_tag","embeddable":true,"href":"https:\/\/lucacastelli.com\/fr\/wp-json\/wp\/v2\/product_tag?post=421932"}],"curies":[{"name":"wp","href":"https:\/\/api.w.org\/{rel}","templated":true}]}}