{"id":421870,"date":"2025-05-23T18:25:12","date_gmt":"2025-05-23T16:25:12","guid":{"rendered":"https:\/\/lucacastelli.com\/prodotto\/la-sportiva-trango-alp-evo-gtx\/"},"modified":"2026-04-14T03:11:19","modified_gmt":"2026-04-14T01:11:19","slug":"la-sportiva-trango-alp-evo-gtx","status":"publish","type":"product","link":"https:\/\/lucacastelli.com\/fr\/produit\/la-sportiva-trango-alp-evo-gtx\/","title":{"rendered":"LA SPORTIVA Trango Alp Evo GTX"},"content":{"rendered":"<p>La Trango Alp Evo Gore-Tex est une chaussure robuste et confortable d\u00e9di\u00e9e aux activit\u00e9s telles que la randonn\u00e9e alpine et le trekking exigeant, m\u00eame avec des charges lourdes.<\/p>\n<p>L\u2019esth\u00e9tique \u00e9pur\u00e9e, les volumes contenus pour une mobilit\u00e9 maximale et le confort global de la chaussure sont les points forts de ce produit crossover entre alpinisme et backpacking. Le look minimaliste est obtenu gr\u00e2ce \u00e0 la technologie d\u2019injection interne SubSkin Injection\u2122 qui constitue une nervure structurelle sous-cutan\u00e9e \u00e9vitant le recours \u00e0 des coutures inutiles, solution adopt\u00e9e pour obtenir un haut degr\u00e9 de confort et d\u2019imperm\u00e9abilit\u00e9 globale. La doublure en Gore-Tex Performance Comfort garantit \u00e9galement imperm\u00e9abilit\u00e9 et respirabilit\u00e9. La semelle avec des crampons \u00e0 \u00e9paisseur diff\u00e9renci\u00e9e travaille en synergie avec l\u2019interselle en polyur\u00e9thane et EVA souple pour un excellent amorti global. La Trango Alp Evo GTX est un excellent choix pour ceux qui recherchent un produit semi-cramponnable durable.    <\/p>\n<p>Tige :<br \/>\nCuir Idro-Perwanger\u00ae hydrophobe 2,2 mm + SubSkin Injection\u2122<\/p>\n<p>Doublure :<br \/>\nGore-Tex\u00ae Performance Comfort.<\/p>\n<p>Semelle int\u00e9rieure :<br \/>\nNylon 7 mm avec \u00e9paisseur accrue dans la zone anti-torsion arri\u00e8re.<\/p>\n<p>Semelle :<br \/>\nLa Sportiva \u00ab Cube \u00bb by Vibram avec crampons Impact Brake System sur le talon et climbing-zone en pointe<\/p>\n<p>Pointures : 36 &#8211; 48 (demi-pointures incluses)<\/p>\n<p>Poids : 1 450 g (la paire, pointure 42)<\/p>\n","protected":false},"excerpt":{"rendered":"<p>La Trango Alp Evo Gore-Tex est une chaussure robuste et confortable d\u00e9di\u00e9e aux activit\u00e9s telles que la randonn\u00e9e alpine et<\/p>\n","protected":false},"featured_media":421814,"template":"","meta":{"_seopress_robots_primary_cat":"none","_seopress_titles_title":"","_seopress_titles_desc":"","_seopress_robots_index":""},"product_brand":[3648],"product_cat":[173,1420,1432],"product_tag":[],"class_list":{"0":"post-421870","1":"product","2":"type-product","3":"status-publish","4":"has-post-thumbnail","6":"product_brand-la-sportiva-fr","7":"product_cat-chaussures","8":"product_cat-chaussures-de-loisirs","9":"product_cat-chaussures-pour-hommes","10":"sws-gruppo-abb-libero-fr","11":"sws-conto-ricavi-merci-rivendita-calzature-fr","12":"sws-gruppo-iva-iva81-fr","14":"first","15":"instock","16":"sale","17":"shipping-taxable","18":"purchasable","19":"product-type-variable"},"_links":{"self":[{"href":"https:\/\/lucacastelli.com\/fr\/wp-json\/wp\/v2\/product\/421870","targetHints":{"allow":["GET"]}}],"collection":[{"href":"https:\/\/lucacastelli.com\/fr\/wp-json\/wp\/v2\/product"}],"about":[{"href":"https:\/\/lucacastelli.com\/fr\/wp-json\/wp\/v2\/types\/product"}],"wp:featuredmedia":[{"embeddable":true,"href":"https:\/\/lucacastelli.com\/fr\/wp-json\/wp\/v2\/media\/421814"}],"wp:attachment":[{"href":"https:\/\/lucacastelli.com\/fr\/wp-json\/wp\/v2\/media?parent=421870"}],"wp:term":[{"taxonomy":"product_brand","embeddable":true,"href":"https:\/\/lucacastelli.com\/fr\/wp-json\/wp\/v2\/product_brand?post=421870"},{"taxonomy":"product_cat","embeddable":true,"href":"https:\/\/lucacastelli.com\/fr\/wp-json\/wp\/v2\/product_cat?post=421870"},{"taxonomy":"product_tag","embeddable":true,"href":"https:\/\/lucacastelli.com\/fr\/wp-json\/wp\/v2\/product_tag?post=421870"}],"curies":[{"name":"wp","href":"https:\/\/api.w.org\/{rel}","templated":true}]}}