{"id":421869,"date":"2025-05-23T18:04:26","date_gmt":"2025-05-23T16:04:26","guid":{"rendered":"https:\/\/lucacastelli.com\/prodotto\/ortovox-rocknwool-pantalon-long-w\/"},"modified":"2025-06-29T02:13:38","modified_gmt":"2025-06-29T00:13:38","slug":"ortovox-rocknwool-pantalon-long-w","status":"publish","type":"product","link":"https:\/\/lucacastelli.com\/fr\/produit\/ortovox-rocknwool-pantalon-long-w\/","title":{"rendered":"ORTOVOX ROCK\u2019N\u2019WOOL PANTALON LONG W"},"content":{"rendered":"<h2 id=\"toc-entry-target-1\" class=\"js-toc__title pds__detail-headline\" tabindex=\"-1\">L\u2019hiver prend de la couleur<\/h2>\n<h3>Pantalon polyvalent et confortable en pure laine m\u00e9rinos pour vos sorties hivernales<\/h3>\n<p>&nbsp;<\/p>\n<ul class=\"additional-info__list\">\n<li>Douceur particuli\u00e8re gr\u00e2ce au diam\u00e8tre de 19 microns de la fibre de laine<\/li>\n<li>Action de r\u00e9gulation de l\u2019humidit\u00e9 et de la temp\u00e9rature<\/li>\n<li>Effet neutralisant les odeurs<\/li>\n<\/ul>\n<p>&nbsp;<\/p>\n<p>La laine m\u00e9rinos la plus fine de notre 185 ROCK\u2019N\u2019WOOL LONG PANTS pour femme est particuli\u00e8rement douce et vous garde au chaud \u00e0 chaque aventure freeride, m\u00eame dans des conditions glac\u00e9es et fatigu\u00e9es.<\/p>\n<p>Le freeride commence d\u00e8s la premi\u00e8re couche car sa fonctionnalit\u00e9 est d\u00e9cisive. Le pantalon long est compos\u00e9 \u00e0 100&nbsp;% de laine m\u00e9rinos d\u2019une largeur de 19 microns qui sont agr\u00e9ables sur la peau et gr\u00e2ce \u00e0 leur capacit\u00e9 \u00e0 r\u00e9guler la temp\u00e9rature et l\u2019humidit\u00e9 assurent une temp\u00e9rature corporelle optimale. <\/p>\n<p>Et maintenant, voici notre classique avec un tout nouveau design : le look en deux parties, les couleurs fra\u00eeches du fil torsad\u00e9 et la sangle tendance refl\u00e8tent toute la vivacit\u00e9 de vos aventures hivernales. Le 185 ROCK\u2019N\u2019WOOL LONG PANTS pour femme ne devrait jamais manquer dans votre freeride ! <\/p>\n<p>&nbsp;<\/p>\n<div id=\"pds__accordion-material-properties-heading\" class=\"mb-4 mb-md-35\">\n<h3 class=\"pds__accordion-headline p-relative cursor-pointer p-0 m-0\"><span class=\"d-block p-0 accordion js-accordion-custom-toggle js-accordion-custom-toggle--hide-on-collapse\" tabindex=\"0\" role=\"button\" data-collapse=\"false\" data-target=\"#pds__accordion-material-properties-wrapper\" data-multitarget-disabled-mobile=\"\" aria-expanded=\"true\" aria-controls=\"pds__accordion-material-properties-wrapper\"><span class=\"d-flex justify-content-between align-items-center\"><span class=\"word-break-word\">Caract\u00e9ristiques des mat\u00e9riaux<\/span><i class=\"accordion__icon pds__accordion-icon icon\"><\/i><\/span><\/span><\/h3>\n<\/div>\n<div class=\"pds__accordion-wrapper\">\n<div id=\"pds__accordion-material-properties-wrapper\" class=\"pds__accordion-material-properties-multi-target collapse show\" data-partial-multi-target=\"true\" data-parent=\"#pds__accordion-material-properties\">\n<div class=\"pb-4\">\n<div class=\"overflow-hidden\">\n<div class=\"wysiwyg\">\n<ul>\n<li>Laine m\u00e9rinos fine : 185 g\/m\u00b2<\/li>\n<li>Diam\u00e8tre de la fibre de 19 microns<\/li>\n<li>Confort qui n\u2019irrite pas la peau<\/li>\n<li>Mati\u00e8re premi\u00e8re r\u00e9g\u00e9n\u00e9ratrice : nos moutons sont tondus une fois par an<\/li>\n<\/ul>\n<\/div>\n<p>Notre LAINE M\u00c9RINOS durable provient d\u2019\u00e9levages contr\u00f4l\u00e9s o\u00f9 les animaux vivent une existence heureuse. C\u2019est une laine agr\u00e9ablement douce et facile d\u2019entretien qui, gr\u00e2ce \u00e0 la r\u00e9gulation optimale de la temp\u00e9rature et de l\u2019humidit\u00e9, offre un haut niveau de confort. <\/p>\n<\/div>\n<\/div>\n<\/div>\n<\/div>\n","protected":false},"excerpt":{"rendered":"<p>L\u2019hiver prend de la couleur Pantalon polyvalent et confortable en pure laine m\u00e9rinos pour vos sorties hivernales &nbsp; Douceur particuli\u00e8re<\/p>\n","protected":false},"featured_media":421804,"template":"","meta":{"_seopress_robots_primary_cat":"","_seopress_titles_title":"","_seopress_titles_desc":"","_seopress_robots_index":""},"product_brand":[3664],"product_cat":[81,981,982],"product_tag":[],"class_list":{"0":"post-421869","1":"product","2":"type-product","3":"status-publish","4":"has-post-thumbnail","6":"product_brand-ortovox-fr","7":"product_cat-vetements","8":"product_cat-vetements-de-loisirs","9":"product_cat-vetements-pour-hommes","10":"sws-gruppo-abb-libero-fr","11":"sws-conto-ricavi-merci-rivendita-abbigliamento-fr","12":"sws-gruppo-iva-iva81-fr","14":"first","15":"instock","16":"sale","17":"shipping-taxable","18":"purchasable","19":"product-type-variable"},"_links":{"self":[{"href":"https:\/\/lucacastelli.com\/fr\/wp-json\/wp\/v2\/product\/421869","targetHints":{"allow":["GET"]}}],"collection":[{"href":"https:\/\/lucacastelli.com\/fr\/wp-json\/wp\/v2\/product"}],"about":[{"href":"https:\/\/lucacastelli.com\/fr\/wp-json\/wp\/v2\/types\/product"}],"wp:featuredmedia":[{"embeddable":true,"href":"https:\/\/lucacastelli.com\/fr\/wp-json\/wp\/v2\/media\/421804"}],"wp:attachment":[{"href":"https:\/\/lucacastelli.com\/fr\/wp-json\/wp\/v2\/media?parent=421869"}],"wp:term":[{"taxonomy":"product_brand","embeddable":true,"href":"https:\/\/lucacastelli.com\/fr\/wp-json\/wp\/v2\/product_brand?post=421869"},{"taxonomy":"product_cat","embeddable":true,"href":"https:\/\/lucacastelli.com\/fr\/wp-json\/wp\/v2\/product_cat?post=421869"},{"taxonomy":"product_tag","embeddable":true,"href":"https:\/\/lucacastelli.com\/fr\/wp-json\/wp\/v2\/product_tag?post=421869"}],"curies":[{"name":"wp","href":"https:\/\/api.w.org\/{rel}","templated":true}]}}