{"id":421790,"date":"2025-05-23T17:19:21","date_gmt":"2025-05-23T15:19:21","guid":{"rendered":"https:\/\/lucacastelli.com\/prodotto\/ortovox-fleece-gp-classic-knit-hoody-m-2\/"},"modified":"2025-10-15T13:23:26","modified_gmt":"2025-10-15T11:23:26","slug":"ortovox-fleece-gp-classic-knit-hoody-m-2","status":"publish","type":"product","link":"https:\/\/lucacastelli.com\/fr\/produit\/ortovox-fleece-gp-classic-knit-hoody-m-2\/","title":{"rendered":"ORTOVOX FLEECE GP CLASSIC KNIT HOODY M"},"content":{"rendered":"<h2 id=\"toc-entry-target-1\" class=\"js-toc__title pds__detail-headline\" tabindex=\"-1\">UN CLASSIQUE DANS UN LOOK MODERNE<\/h2>\n<h3>Sweat \u00e0 capuche polaire tr\u00e8s chaud avec empi\u00e8cements en laine tricot\u00e9e, con\u00e7u pour les sorties freeride pendant les jours les plus froids<\/h3>\n<p>\u2022 Empi\u00e8cements en tricot de laine \u00e0 l\u2019avant : traditionnels et finement tricot\u00e9s<br \/>\n\u2022 Tr\u00e8s chaud mais respirant<br \/>\n\u2022 Grand confort de port gr\u00e2ce \u00e0 la laine m\u00e9rinos sur la peau<\/p>\n<p>&nbsp;<\/p>\n<p>Chaud, respirant et robuste : si vous faites du freeride sur des faces nord escarp\u00e9es, des pentes \u00e9troites et des for\u00eats ouvertes, vous ne pourrez pas vous passer du FLEECE GP CLASSIC KNIT HOODY pour homme, surtout les jours les plus froids.<\/p>\n<p>Les inserts en tricot de laine particuli\u00e8rement chauds et respirants prot\u00e8gent de mani\u00e8re fiable les freeriders du vent et du froid dans les descentes rugueuses. Ils donnent \u00e9galement \u00e0 ce sweat \u00e0 capuche durable un look unique, \u00e0 la fois classique et moderne. <\/p>\n<p>Le MERINO FLEECE GRID PLUS hautement fonctionnel a \u00e9t\u00e9 utilis\u00e9 sur les bras. Sa structure en grille garantit une excellente ventilation dans les passages les plus difficiles et vous garde au chaud m\u00eame par temps glacial, malgr\u00e9 son faible poids. La doublure int\u00e9rieure en laine m\u00e9rinos est confortable et douce sur la peau, tout en r\u00e9gulant la temp\u00e9rature et l\u2019humidit\u00e9.  <\/p>\n<p>Les deux poches lat\u00e9rales vous permettent de ranger de petits objets importants, tandis que la poche poitrine contrast\u00e9e vous permet de ranger en toute s\u00e9curit\u00e9 votre t\u00e9l\u00e9phone, vos cl\u00e9s et votre argent. La capuche ajust\u00e9e et les poignets \u00e9lastiqu\u00e9s vous gardent au chaud \u00e0 l\u2019int\u00e9rieur et au froid \u00e0 l\u2019ext\u00e9rieur. Bien entendu, le FLEECE GP CLASSIC KNIT HOODY pour homme est fabriqu\u00e9 en Europe avec un impact climatiquement neutre. Le classique du style freeride d\u00e9contract\u00e9 avec une touche de modernit\u00e9 : votre nouveau v\u00eatement d\u2019hiver pr\u00e9f\u00e9r\u00e9 !   <\/p>\n<div id=\"pds__accordion-features-heading\" class=\"mb-4 mb-md-35\">\n<h3 class=\"pds__accordion-headline p-relative cursor-pointer p-0 m-0\"><span class=\"d-block p-0 accordion js-accordion-custom-toggle js-accordion-custom-toggle--hide-on-collapse\" tabindex=\"0\" role=\"button\" data-collapse=\"false\" data-target=\"#pds__accordion-features-wrapper\" data-multitarget-disabled-mobile=\"\" aria-expanded=\"true\" aria-controls=\"pds__accordion-features-wrapper\"><span class=\"d-flex justify-content-between align-items-center\"><span class=\"word-break-word\">Fonctionnalit\u00e9s<\/span><i class=\"accordion__icon pds__accordion-icon icon\"><\/i><\/span><\/span><\/h3>\n<\/div>\n<div class=\"pds__accordion-wrapper\">\n<div id=\"pds__accordion-features-wrapper\" class=\"pds__accordion-features-multi-target collapse show\" data-partial-multi-target=\"true\" data-parent=\"#pds__accordion-features\">\n<div class=\"pb-4\">\n<div class=\"overflow-hidden\">\n<div class=\"wysiwyg\">\n<ul>\n<li>Capot<\/li>\n<li>1 Poche poitrine<\/li>\n<li>2 poches lat\u00e9rales<\/li>\n<li>Bord de manche \u00e9lastique<\/li>\n<li>Coupe ample<\/li>\n<\/ul>\n<div id=\"pds__accordion-material-properties-heading\" class=\"mb-4 mb-md-35\">\n<h3 class=\"pds__accordion-headline p-relative cursor-pointer p-0 m-0\"><span class=\"d-block p-0 accordion js-accordion-custom-toggle js-accordion-custom-toggle--hide-on-collapse\" tabindex=\"0\" role=\"button\" data-collapse=\"false\" data-target=\"#pds__accordion-material-properties-wrapper\" data-multitarget-disabled-mobile=\"\" aria-expanded=\"true\" aria-controls=\"pds__accordion-material-properties-wrapper\"><span class=\"d-flex justify-content-between align-items-center\"><span class=\"word-break-word\">Caract\u00e9ristiques des mat\u00e9riaux<\/span><i class=\"accordion__icon pds__accordion-icon icon\"><\/i><\/span><\/span><\/h3>\n<\/div>\n<div class=\"pds__accordion-wrapper\">\n<div id=\"pds__accordion-material-properties-wrapper\" class=\"pds__accordion-material-properties-multi-target collapse show\" data-partial-multi-target=\"true\" data-parent=\"#pds__accordion-material-properties\">\n<div class=\"pb-4\">\n<div class=\"overflow-hidden\">\n<div class=\"wysiwyg\">\n<ul>\n<li>MERINO FLEECE GRID PLUS : laine m\u00e9rinos sur la peau, haute respirabilit\u00e9, grande \u00e9lasticit\u00e9, durabilit\u00e9, confort d\u2019utilisation, rapport poids\/isolation id\u00e9al<\/li>\n<\/ul>\n<p>MATI\u00c8RE PRINCIPALE : 58 % polyester + 37 % laine vierge (m\u00e9rinos) + 5 % \u00e9lasthanne INSERTS I : 100 % laine vierge DOUBLURE INT\u00c9RIEURE : 72 % polyester + 28 % laine vierge (M\u00c9RINOS) INSERTS II : 100 % polyamide<\/p>\n<\/div>\n<\/div>\n<\/div>\n<\/div>\n<\/div>\n<\/div>\n<\/div>\n<\/div>\n<\/div>\n<\/div>\n","protected":false},"excerpt":{"rendered":"<p>UN CLASSIQUE DANS UN LOOK MODERNE Sweat \u00e0 capuche polaire tr\u00e8s chaud avec empi\u00e8cements en laine tricot\u00e9e, con\u00e7u pour les<\/p>\n","protected":false},"featured_media":421659,"template":"","meta":{"_seopress_robots_primary_cat":"","_seopress_titles_title":"","_seopress_titles_desc":"","_seopress_robots_index":""},"product_brand":[3664],"product_cat":[81,981,982],"product_tag":[],"class_list":{"0":"post-421790","1":"product","2":"type-product","3":"status-publish","4":"has-post-thumbnail","6":"product_brand-ortovox-fr","7":"product_cat-vetements","8":"product_cat-vetements-de-loisirs","9":"product_cat-vetements-pour-hommes","10":"sws-gruppo-abb-libero-fr","11":"sws-conto-ricavi-merci-rivendita-abbigliamento-fr","12":"sws-gruppo-iva-iva81-fr","14":"first","15":"instock","16":"sale","17":"shipping-taxable","18":"purchasable","19":"product-type-variable","20":"has-default-attributes"},"_links":{"self":[{"href":"https:\/\/lucacastelli.com\/fr\/wp-json\/wp\/v2\/product\/421790","targetHints":{"allow":["GET"]}}],"collection":[{"href":"https:\/\/lucacastelli.com\/fr\/wp-json\/wp\/v2\/product"}],"about":[{"href":"https:\/\/lucacastelli.com\/fr\/wp-json\/wp\/v2\/types\/product"}],"wp:featuredmedia":[{"embeddable":true,"href":"https:\/\/lucacastelli.com\/fr\/wp-json\/wp\/v2\/media\/421659"}],"wp:attachment":[{"href":"https:\/\/lucacastelli.com\/fr\/wp-json\/wp\/v2\/media?parent=421790"}],"wp:term":[{"taxonomy":"product_brand","embeddable":true,"href":"https:\/\/lucacastelli.com\/fr\/wp-json\/wp\/v2\/product_brand?post=421790"},{"taxonomy":"product_cat","embeddable":true,"href":"https:\/\/lucacastelli.com\/fr\/wp-json\/wp\/v2\/product_cat?post=421790"},{"taxonomy":"product_tag","embeddable":true,"href":"https:\/\/lucacastelli.com\/fr\/wp-json\/wp\/v2\/product_tag?post=421790"}],"curies":[{"name":"wp","href":"https:\/\/api.w.org\/{rel}","templated":true}]}}