{"id":421731,"date":"2025-05-23T16:32:06","date_gmt":"2025-05-23T14:32:06","guid":{"rendered":"https:\/\/lucacastelli.com\/prodotto\/ortovox-fleece-gp-classic-knit-hoody-w-2\/"},"modified":"2026-04-16T00:52:36","modified_gmt":"2026-04-15T22:52:36","slug":"ortovox-fleece-gp-classic-knit-hoody-w-2","status":"publish","type":"product","link":"https:\/\/lucacastelli.com\/fr\/produit\/ortovox-fleece-gp-classic-knit-hoody-w-2\/","title":{"rendered":"ORTOVOX FLEECE GP CLASSIC KNIT HOODY W"},"content":{"rendered":"<h2 id=\"toc-entry-target-1\" class=\"js-toc__title pds__detail-headline\">UN CLASSIQUE DANS UN LOOK MODERNE<\/h2>\n<h3>Sweat \u00e0 capuche en polaire tr\u00e8s chaud avec empi\u00e8cements en laine tricot\u00e9e pour les froides journ\u00e9es de freeride<\/h3>\n<p>\u2022 Empi\u00e8cements en laine tricot\u00e9e sur le devant : traditionnels et finement travaill\u00e9s<br \/>\n\u2022 Tr\u00e8s chaud mais respirant<br \/>\n\u2022 Grand confort gr\u00e2ce \u00e0 la laine m\u00e9rinos sur la peau<\/p>\n<p>&nbsp;<\/p>\n<p>Chaud, respirant et robuste : si vous pratiquez le freeride sur des parois nord abruptes, des pentes \u00e9troites et des for\u00eats clairsem\u00e9es, vous ne pourrez plus vous passer du sweat \u00e0 capuche FLEECE GP CLASSIC KNIT HOODY pour femme, surtout lors des journ\u00e9es les plus froides.<\/p>\n<p>Les empi\u00e8cements en laine tricot\u00e9e, particuli\u00e8rement chauds et respirants, prot\u00e8gent efficacement les freeriders du vent et du froid lors des descentes les plus intenses. Ils conf\u00e8rent \u00e9galement \u00e0 ce sweat \u00e0 capuche r\u00e9sistant un look unique, \u00e0 la fois classique et moderne. <\/p>\n<p>Le MERINO FLEECE GRID PLUS, hautement fonctionnel, est utilis\u00e9 sur les bras. Sa structure en grille garantit une excellente ventilation lors des passages les plus exigeants et vous garde au chaud m\u00eame par des temp\u00e9ratures glaciales, malgr\u00e9 son faible poids. La doublure int\u00e9rieure en laine m\u00e9rinos est confortable et douce sur la peau, tout en r\u00e9gulant la temp\u00e9rature et l\u2019humidit\u00e9.  <\/p>\n<p>Les deux poches lat\u00e9rales permettent de ranger les petits objets importants, tandis que la poche de poitrine contrast\u00e9e permet de garder en s\u00e9curit\u00e9 t\u00e9l\u00e9phone portable, cl\u00e9s et argent. La capuche ajust\u00e9e et les poignets \u00e9lastiqu\u00e9s gardent la chaleur \u00e0 l\u2019int\u00e9rieur et le froid \u00e0 l\u2019ext\u00e9rieur. Naturellement, le FLEECE GP CLASSIC KNIT HOODY pour femme est fabriqu\u00e9 en Europe avec un impact climatique neutre. Le classique du style freeride d\u00e9contract\u00e9 r\u00e9interpr\u00e9t\u00e9 de mani\u00e8re moderne : votre nouvelle pi\u00e8ce pr\u00e9f\u00e9r\u00e9e pour l\u2019hiver !   <\/p>\n<p>&nbsp;<\/p>\n<div id=\"pds__accordion-features-heading\" class=\"mb-4 mb-md-35\">\n<h3 class=\"pds__accordion-headline p-relative cursor-pointer p-0 m-0\"><span class=\"d-block p-0 accordion js-accordion-custom-toggle js-accordion-custom-toggle--hide-on-collapse\" role=\"button\" data-collapse=\"false\" data-target=\"#pds__accordion-features-wrapper\" data-multitarget-disabled-mobile=\"\" aria-expanded=\"true\" aria-controls=\"pds__accordion-features-wrapper\"><span class=\"d-flex justify-content-between align-items-center\"><span class=\"word-break-word\">Caract\u00e9ristiques<\/span><i class=\"accordion__icon pds__accordion-icon icon\"><\/i><\/span><\/span><\/h3>\n<\/div>\n<div class=\"pds__accordion-wrapper\">\n<div id=\"pds__accordion-features-wrapper\" class=\"pds__accordion-features-multi-target collapse show\" data-partial-multi-target=\"true\" data-parent=\"#pds__accordion-features\">\n<div class=\"pb-4\">\n<div class=\"overflow-hidden\">\n<div class=\"wysiwyg\">\n<ul>\n<li>Capuche<\/li>\n<li>1 Poche de poitrine<\/li>\n<li>2 poches lat\u00e9rales<\/li>\n<li>Poignets \u00e9lastiqu\u00e9s<\/li>\n<li>Coupe ample<\/li>\n<\/ul>\n<\/div>\n<div id=\"pds__accordion-material-properties-heading\" class=\"mb-4 mb-md-35\">\n<h3 class=\"pds__accordion-headline p-relative cursor-pointer p-0 m-0\"><span class=\"d-block p-0 accordion js-accordion-custom-toggle js-accordion-custom-toggle--hide-on-collapse\" role=\"button\" data-collapse=\"false\" data-target=\"#pds__accordion-material-properties-wrapper\" data-multitarget-disabled-mobile=\"\" aria-expanded=\"true\" aria-controls=\"pds__accordion-material-properties-wrapper\"><span class=\"d-flex justify-content-between align-items-center\"><span class=\"word-break-word\">Caract\u00e9ristiques du mat\u00e9riau<\/span><i class=\"accordion__icon pds__accordion-icon icon\"><\/i><\/span><\/span><\/h3>\n<\/div>\n<div class=\"pds__accordion-wrapper\">\n<div id=\"pds__accordion-material-properties-wrapper\" class=\"pds__accordion-material-properties-multi-target collapse show\" data-partial-multi-target=\"true\" data-parent=\"#pds__accordion-material-properties\">\n<div class=\"pb-4\">\n<div class=\"overflow-hidden\">\n<div class=\"wysiwyg\">\n<ul>\n<li>MERINO FLEECE GRID PLUS : laine m\u00e9rinos sur la peau, haute respirabilit\u00e9, grande \u00e9lasticit\u00e9, r\u00e9sistance, confort d\u2019utilisation, rapport poids\/isolation id\u00e9al<\/li>\n<\/ul>\n<p>&nbsp;<\/p>\n<\/div>\n<p>MATI\u00c8RE PRINCIPALE : 58 % polyester + 37 % laine vierge (M\u00e9rinos) + 5 % \u00e9lasthanne EMPI\u00c8CEMENTS I : 100 % laine vierge DOUBLURE INT\u00c9RIEURE : 72 % polyester + 28 % laine vierge (M\u00c9RINOS) EMPI\u00c8CEMENTS II : 100 % polyamide<\/p>\n<\/div>\n<\/div>\n<\/div>\n<\/div>\n<\/div>\n<\/div>\n<\/div>\n<\/div>\n","protected":false},"excerpt":{"rendered":"<p>UN CLASSIQUE DANS UN LOOK MODERNE Sweat \u00e0 capuche en polaire tr\u00e8s chaud avec empi\u00e8cements en laine tricot\u00e9e pour les<\/p>\n","protected":false},"featured_media":421624,"template":"","meta":{"_seopress_robots_primary_cat":"none","_seopress_titles_title":"","_seopress_titles_desc":"","_seopress_robots_index":""},"product_brand":[3664],"product_cat":[81,981,1387],"product_tag":[],"class_list":{"0":"post-421731","1":"product","2":"type-product","3":"status-publish","4":"has-post-thumbnail","6":"product_brand-ortovox-fr","7":"product_cat-vetements","8":"product_cat-vetements-de-loisirs","9":"product_cat-vetements-pour-femmes","10":"sws-gruppo-abb-libero-fr","11":"sws-conto-ricavi-merci-rivendita-abbigliamento-fr","12":"sws-gruppo-iva-iva81-fr","14":"first","15":"instock","16":"sale","17":"shipping-taxable","18":"purchasable","19":"product-type-variable","20":"has-default-attributes"},"_links":{"self":[{"href":"https:\/\/lucacastelli.com\/fr\/wp-json\/wp\/v2\/product\/421731","targetHints":{"allow":["GET"]}}],"collection":[{"href":"https:\/\/lucacastelli.com\/fr\/wp-json\/wp\/v2\/product"}],"about":[{"href":"https:\/\/lucacastelli.com\/fr\/wp-json\/wp\/v2\/types\/product"}],"wp:featuredmedia":[{"embeddable":true,"href":"https:\/\/lucacastelli.com\/fr\/wp-json\/wp\/v2\/media\/421624"}],"wp:attachment":[{"href":"https:\/\/lucacastelli.com\/fr\/wp-json\/wp\/v2\/media?parent=421731"}],"wp:term":[{"taxonomy":"product_brand","embeddable":true,"href":"https:\/\/lucacastelli.com\/fr\/wp-json\/wp\/v2\/product_brand?post=421731"},{"taxonomy":"product_cat","embeddable":true,"href":"https:\/\/lucacastelli.com\/fr\/wp-json\/wp\/v2\/product_cat?post=421731"},{"taxonomy":"product_tag","embeddable":true,"href":"https:\/\/lucacastelli.com\/fr\/wp-json\/wp\/v2\/product_tag?post=421731"}],"curies":[{"name":"wp","href":"https:\/\/api.w.org\/{rel}","templated":true}]}}