{"id":421720,"date":"2025-05-23T16:07:30","date_gmt":"2025-05-23T14:07:30","guid":{"rendered":"https:\/\/lucacastelli.com\/prodotto\/gilet-ortovox-swisswool-piz-duan-m\/"},"modified":"2025-06-29T02:11:43","modified_gmt":"2025-06-29T00:11:43","slug":"gilet-ortovox-swisswool-piz-duan-m","status":"publish","type":"product","link":"https:\/\/lucacastelli.com\/fr\/produit\/gilet-ortovox-swisswool-piz-duan-m\/","title":{"rendered":"GILET ORTOVOX SWISSWOOL PIZ DUAN M"},"content":{"rendered":"<h2 id=\"toc-entry-target-1\" class=\"js-toc__title pds__detail-headline\" tabindex=\"-1\">Un gilet l\u00e9ger pour toutes les occasions<\/h2>\n<h3>Gilet multi-isolant ultra-l\u00e9ger en Swisswool et con\u00e7u pour affronter toutes les sorties d\u2019alpinisme<\/h3>\n<p>&nbsp;<\/p>\n<ul class=\"additional-info__list\">\n<li>Protection optimale avec un tr\u00e8s bon rapport isolation\/poids<\/li>\n<li>Libert\u00e9 de mouvement maximale<\/li>\n<li>Pliable et de poche avec attache \u00e0 la ceinture<\/li>\n<\/ul>\n<p>&nbsp;<\/p>\n<p>Lorsque le froid commence \u00e0 se faire sentir et que la fatigue augmente avec la mont\u00e9e, notre gilet Swisswool PIZ DUAN VEST pour homme est le v\u00eatement id\u00e9al.<\/p>\n<p>Le gilet isolant l\u00e9ger, id\u00e9al pour l\u2019alpinisme, garantit une protection optimale et une isolation \u00e9lev\u00e9e, tout en maintenant un poids tr\u00e8s faible. Le mat\u00e9riau ext\u00e9rieur du gilet est en TEC STRETCH respirant, coupe-vent et d\u00e9perlant, tandis que le rembourrage Swisswool de 70 g\/m2 agit comme une couche isolante. Les emmanchures confortables permettent au gilet Swisswool PIZ DUAN pour homme de suivre chaque mouvement. Le gilet isolant et l\u00e9ger peut \u00e9galement \u00eatre enti\u00e8rement rang\u00e9 dans la poche int\u00e9rieure de la veste et est facile \u00e0 attacher \u00e0 la ceinture gr\u00e2ce \u00e0 la boucle sp\u00e9ciale. Cela signifie qu\u2019il reste toujours \u00e0 port\u00e9e de main, m\u00eame sur les sections les plus difficiles.    <\/p>\n<p>Le rapport poids\/isolation imbattable fait du gilet Swisswool PIZ DUAN VEST pour homme le meilleur accessoire pour le trekking en haute altitude, que ce soit lors de randonn\u00e9es estivales ou de sorties \u00e0 ski de randonn\u00e9e en hiver.<\/p>\n<p>&nbsp;<\/p>\n<div id=\"pds__accordion-features-heading\" class=\"mb-4 mb-md-35\">\n<h3 class=\"pds__accordion-headline p-relative cursor-pointer p-0 m-0\"><span class=\"d-block p-0 accordion js-accordion-custom-toggle js-accordion-custom-toggle--hide-on-collapse\" tabindex=\"0\" role=\"button\" data-collapse=\"false\" data-target=\"#pds__accordion-features-wrapper\" data-multitarget-disabled-mobile=\"\" aria-expanded=\"true\" aria-controls=\"pds__accordion-features-wrapper\"><span class=\"d-flex justify-content-between align-items-center\"><span class=\"word-break-word\">Fonctionnalit\u00e9s<\/span><i class=\"accordion__icon pds__accordion-icon icon\"><\/i><\/span><\/span><\/h3>\n<\/div>\n<div class=\"pds__accordion-wrapper\">\n<div id=\"pds__accordion-features-wrapper\" class=\"pds__accordion-features-multi-target collapse show\" data-partial-multi-target=\"true\" data-parent=\"#pds__accordion-features\">\n<div class=\"pb-4\">\n<div class=\"overflow-hidden\">\n<div class=\"wysiwyg\">\n<ul>\n<li>Capuche avec bordure \u00e9lastique<\/li>\n<li>Ourlet \u00e9lastiqu\u00e9<\/li>\n<li>1 poche de rangement<\/li>\n<li>Coupe athl\u00e9tique<\/li>\n<\/ul>\n<\/div>\n<\/div>\n<div id=\"pds__accordion-material-properties-heading\" class=\"mb-4 mb-md-35\">\n<h3 class=\"pds__accordion-headline p-relative cursor-pointer p-0 m-0\"><span class=\"d-block p-0 accordion js-accordion-custom-toggle js-accordion-custom-toggle--hide-on-collapse\" tabindex=\"0\" role=\"button\" data-collapse=\"false\" data-target=\"#pds__accordion-material-properties-wrapper\" data-multitarget-disabled-mobile=\"\" aria-expanded=\"true\" aria-controls=\"pds__accordion-material-properties-wrapper\"><span class=\"d-flex justify-content-between align-items-center\"><span class=\"word-break-word\">Caract\u00e9ristiques des mat\u00e9riaux<\/span><i class=\"accordion__icon pds__accordion-icon icon\"><\/i><\/span><\/span><\/h3>\n<\/div>\n<div class=\"pds__accordion-wrapper\">\n<div id=\"pds__accordion-material-properties-wrapper\" class=\"pds__accordion-material-properties-multi-target collapse show\" data-partial-multi-target=\"true\" data-parent=\"#pds__accordion-material-properties\">\n<div class=\"pb-4\">\n<div class=\"overflow-hidden\">\n<div class=\"wysiwyg\">\n<ul>\n<li>SWISSWOOL : production durable, capacit\u00e9 de r\u00e9gulation de l\u2019humidit\u00e9 (chauffe m\u00eame lorsqu\u2019il est mouill\u00e9), rapport poids\/isolation id\u00e9al (70 g\/m\u00b2), dimensions compactes<\/li>\n<li>MAT\u00c9RIAU EXT\u00c9RIEUR TEC-STRETCH : \u00e9lastique, r\u00e9sistant \u00e0 l\u2019abrasion, hydrofuge et coupe-vent<\/li>\n<li>Sans PFC : l\u2019eau et la salet\u00e9 glissent<\/li>\n<\/ul>\n<\/div>\n<p>MATI\u00c8RE PRINCIPALE : 100 % polyamide GARNISSAGE : 70 % laine vierge (Swisswool) \/ 30 % polylactide DOUBLURE : 100 % polyamide<\/p>\n<\/div>\n<\/div>\n<\/div>\n<\/div>\n<\/div>\n<\/div>\n<\/div>\n","protected":false},"excerpt":{"rendered":"<p>Un gilet l\u00e9ger pour toutes les occasions Gilet multi-isolant ultra-l\u00e9ger en Swisswool et con\u00e7u pour affronter toutes les sorties d\u2019alpinisme<\/p>\n","protected":false},"featured_media":421606,"template":"","meta":{"_seopress_robots_primary_cat":"","_seopress_titles_title":"","_seopress_titles_desc":"","_seopress_robots_index":""},"product_brand":[3664],"product_cat":[81,981,982],"product_tag":[],"class_list":{"0":"post-421720","1":"product","2":"type-product","3":"status-publish","4":"has-post-thumbnail","6":"product_brand-ortovox-fr","7":"product_cat-vetements","8":"product_cat-vetements-de-loisirs","9":"product_cat-vetements-pour-hommes","10":"sws-gruppo-abb-libero-fr","11":"sws-conto-ricavi-merci-rivendita-abbigliamento-fr","12":"sws-gruppo-iva-iva81-fr","14":"first","15":"instock","16":"sale","17":"shipping-taxable","18":"purchasable","19":"product-type-variable"},"_links":{"self":[{"href":"https:\/\/lucacastelli.com\/fr\/wp-json\/wp\/v2\/product\/421720","targetHints":{"allow":["GET"]}}],"collection":[{"href":"https:\/\/lucacastelli.com\/fr\/wp-json\/wp\/v2\/product"}],"about":[{"href":"https:\/\/lucacastelli.com\/fr\/wp-json\/wp\/v2\/types\/product"}],"wp:featuredmedia":[{"embeddable":true,"href":"https:\/\/lucacastelli.com\/fr\/wp-json\/wp\/v2\/media\/421606"}],"wp:attachment":[{"href":"https:\/\/lucacastelli.com\/fr\/wp-json\/wp\/v2\/media?parent=421720"}],"wp:term":[{"taxonomy":"product_brand","embeddable":true,"href":"https:\/\/lucacastelli.com\/fr\/wp-json\/wp\/v2\/product_brand?post=421720"},{"taxonomy":"product_cat","embeddable":true,"href":"https:\/\/lucacastelli.com\/fr\/wp-json\/wp\/v2\/product_cat?post=421720"},{"taxonomy":"product_tag","embeddable":true,"href":"https:\/\/lucacastelli.com\/fr\/wp-json\/wp\/v2\/product_tag?post=421720"}],"curies":[{"name":"wp","href":"https:\/\/api.w.org\/{rel}","templated":true}]}}