{"id":421572,"date":"2025-05-23T13:48:03","date_gmt":"2025-05-23T11:48:03","guid":{"rendered":"https:\/\/lucacastelli.com\/prodotto\/short-pelmo-ortovox-m-2\/"},"modified":"2025-08-05T13:47:01","modified_gmt":"2025-08-05T11:47:01","slug":"short-pelmo-ortovox-m-2","status":"publish","type":"product","link":"https:\/\/lucacastelli.com\/fr\/produit\/short-pelmo-ortovox-m-2\/","title":{"rendered":"SHORT PELMO ORTOVOX M"},"content":{"rendered":"<h3>Short de montagne l\u00e9ger et r\u00e9sistant avec une coupe ajust\u00e9e pour des randonn\u00e9es faciles<\/h3>\n<p>Le PELMO SHORTS pour homme a \u00e9t\u00e9 sp\u00e9cialement con\u00e7u pour les besoins des alpinistes qui doivent pouvoir compter sur leurs v\u00eatements lors de longues journ\u00e9es en montagne, mais avec un maximum de l\u00e9g\u00e8ret\u00e9.<\/p>\n<p>Fabriqu\u00e9 avec le mat\u00e9riau SHIELD ZERO, le PELMO SHORTS peut relever tous les d\u00e9fis en haute altitude. Ce v\u00eatement polyvalent se caract\u00e9rise par une grande respirabilit\u00e9, un faible poids, une grande \u00e9lasticit\u00e9 et un m\u00e9lange de mat\u00e9riaux extraordinairement robuste. Des inserts en laine m\u00e9rinos \u00e0 la taille et dans la poche assurent un confort maximal aux bons endroits.  <\/p>\n<p>Toutes ces caract\u00e9ristiques ont fait du PELMO SHORTS pour homme un grand classique. Ce pantalon sans PFC vous accompagnera dans toutes les aventures alpines qui n\u00e9cessitent l\u00e9g\u00e8ret\u00e9 et fonctionnalit\u00e9. <\/p>\n<p>&nbsp;<\/p>\n<div id=\"pds__accordion-features-heading\" class=\"mb-4 mb-md-35\">\n<h3 class=\"pds__accordion-headline p-relative cursor-pointer p-0 m-0\"><span class=\"d-block p-0 accordion js-accordion-custom-toggle js-accordion-custom-toggle--hide-on-collapse\" tabindex=\"0\" role=\"button\" data-collapse=\"false\" data-target=\"#pds__accordion-features-wrapper\" data-multitarget-disabled-mobile=\"\" aria-expanded=\"true\" aria-controls=\"pds__accordion-features-wrapper\"><span class=\"d-flex justify-content-between align-items-center\"><span class=\"word-break-word\">Caract\u00e9ristiques<\/span><i class=\"accordion__icon pds__accordion-icon icon\"><\/i><\/span><\/span><\/h3>\n<\/div>\n<div class=\"pds__accordion-wrapper\">\n<div id=\"pds__accordion-features-wrapper\" class=\"pds__accordion-features-multi-target collapse show\" data-partial-multi-target=\"true\" data-parent=\"#pds__accordion-features\">\n<div class=\"pb-4\">\n<div class=\"overflow-hidden\">\n<div class=\"wysiwyg\">\n<ul>\n<li>Passants de ceinture<\/li>\n<li>2 poches sup\u00e9rieures<\/li>\n<li>Inserts int\u00e9rieurs en Merino-Mesh<\/li>\n<li>1 poche pour carte<\/li>\n<li>Coupe r\u00e9guli\u00e8re<\/li>\n<\/ul>\n<p>&nbsp;<\/p>\n<\/div>\n<div id=\"pds__accordion-material-properties\" class=\"mb-4 mb-md-35 accordion pds__accordion\">\n<div class=\"position-relative\">\n<div id=\"pds__accordion-material-properties-heading\" class=\"mb-4 mb-md-35\">\n<h3 class=\"pds__accordion-headline p-relative cursor-pointer p-0 m-0\"><span class=\"d-block p-0 accordion js-accordion-custom-toggle js-accordion-custom-toggle--hide-on-collapse\" tabindex=\"0\" role=\"button\" data-collapse=\"false\" data-target=\"#pds__accordion-material-properties-wrapper\" data-multitarget-disabled-mobile=\"\" aria-expanded=\"true\" aria-controls=\"pds__accordion-material-properties-wrapper\"><span class=\"d-flex justify-content-between align-items-center\"><span class=\"word-break-word\">Caract\u00e9ristiques des mat\u00e9riaux<\/span><i class=\"accordion__icon pds__accordion-icon icon\"><\/i><\/span><\/span><\/h3>\n<\/div>\n<div class=\"pds__accordion-wrapper\">\n<div id=\"pds__accordion-material-properties-wrapper\" class=\"pds__accordion-material-properties-multi-target collapse show\" data-partial-multi-target=\"true\" data-parent=\"#pds__accordion-material-properties\">\n<div class=\"pb-4\">\n<div class=\"overflow-hidden\">\n<div class=\"wysiwyg\">\n<ul>\n<li>Libert\u00e9 de mouvement maximale<\/li>\n<li>Respirabilit\u00e9<\/li>\n<li>D\u00e9perlant gr\u00e2ce au rev\u00eatement DWR sans PFC<\/li>\n<li>M\u00e9lange de mat\u00e9riaux encore plus durable (min. 30 000 cycles de frottement dans le test Martindale)<\/li>\n<li>S\u00e8che rapidement<\/li>\n<li>Sans PFC<\/li>\n<\/ul>\n<p>&nbsp;<\/p>\n<\/div>\n<\/div>\n<\/div>\n<\/div>\n<\/div>\n<\/div>\n<\/div>\n<div id=\"pds__accordion-materials\" class=\" accordion pds__accordion\">\n<pre class=\"pds__accordion-headline p-relative cursor-pointer p-0 m-0\">MATERIALE PRINCIPALE: 94 % poliammide + 6 % elastan\nRIVESTIMENTO: 72 % poliestere + 28 % lana vergine (MERINO)<\/pre>\n<\/div>\n<\/div>\n<\/div>\n<\/div>\n<\/div>\n","protected":false},"excerpt":{"rendered":"<p>Short de montagne l\u00e9ger et r\u00e9sistant avec une coupe ajust\u00e9e pour des randonn\u00e9es faciles Le PELMO SHORTS pour homme a<\/p>\n","protected":false},"featured_media":421543,"template":"","meta":{"_seopress_robots_primary_cat":"none","_seopress_titles_title":"","_seopress_titles_desc":"","_seopress_robots_index":""},"product_brand":[3664],"product_cat":[81,981,982],"product_tag":[],"class_list":{"0":"post-421572","1":"product","2":"type-product","3":"status-publish","4":"has-post-thumbnail","6":"product_brand-ortovox-fr","7":"product_cat-vetements","8":"product_cat-vetements-de-loisirs","9":"product_cat-vetements-pour-hommes","10":"sws-gruppo-abb-libero-fr","11":"sws-conto-ricavi-merci-rivendita-abbigliamento-fr","12":"sws-gruppo-iva-iva81-fr","14":"first","15":"instock","16":"sale","17":"shipping-taxable","18":"purchasable","19":"product-type-variable"},"_links":{"self":[{"href":"https:\/\/lucacastelli.com\/fr\/wp-json\/wp\/v2\/product\/421572","targetHints":{"allow":["GET"]}}],"collection":[{"href":"https:\/\/lucacastelli.com\/fr\/wp-json\/wp\/v2\/product"}],"about":[{"href":"https:\/\/lucacastelli.com\/fr\/wp-json\/wp\/v2\/types\/product"}],"wp:featuredmedia":[{"embeddable":true,"href":"https:\/\/lucacastelli.com\/fr\/wp-json\/wp\/v2\/media\/421543"}],"wp:attachment":[{"href":"https:\/\/lucacastelli.com\/fr\/wp-json\/wp\/v2\/media?parent=421572"}],"wp:term":[{"taxonomy":"product_brand","embeddable":true,"href":"https:\/\/lucacastelli.com\/fr\/wp-json\/wp\/v2\/product_brand?post=421572"},{"taxonomy":"product_cat","embeddable":true,"href":"https:\/\/lucacastelli.com\/fr\/wp-json\/wp\/v2\/product_cat?post=421572"},{"taxonomy":"product_tag","embeddable":true,"href":"https:\/\/lucacastelli.com\/fr\/wp-json\/wp\/v2\/product_tag?post=421572"}],"curies":[{"name":"wp","href":"https:\/\/api.w.org\/{rel}","templated":true}]}}