{"id":421569,"date":"2025-05-23T15:45:02","date_gmt":"2025-05-23T13:45:02","guid":{"rendered":"https:\/\/lucacastelli.com\/prodotto\/pantalon-ortovox-brenta-m-2\/"},"modified":"2026-04-16T00:52:32","modified_gmt":"2026-04-15T22:52:32","slug":"pantalon-ortovox-brenta-m-2","status":"publish","type":"product","link":"https:\/\/lucacastelli.com\/fr\/produit\/pantalon-ortovox-brenta-m-2\/","title":{"rendered":"ORTOVOX BRENTA PANTS M"},"content":{"rendered":"","protected":false},"excerpt":{"rendered":"<h3>Pantalon robuste et respirant avec ceinture pour les randonn\u00e9es les plus exigeantes<\/h3>\n<p>D\u00e9velopp\u00e9 pour les aventures alpines : le BRENTA PANTS l\u00e9ger pour homme ne craint pas la roche et suit chaque mouvement.<\/p>\n<p>Le mat\u00e9riau r\u00e9sistant SHIELD LIGHT r\u00e9ussit le test Martindale avec plus de 80 000 cycles de frottement et fait partie des mat\u00e9riaux les plus robustes d&#8217;ORTOVOX. Le tissu quadri-\u00e9lastique assure une libert\u00e9 de mouvement maximale en montagne, est respirant et hydrofuge et s\u00e8che rapidement. <\/p>\n<p>Gr\u00e2ce \u00e0 la nouvelle coupe souple, ce pantalon offre un ajustement confortable et moderne. Un crochet permet de fixer la ceinture int\u00e9gr\u00e9e d&#8217;un simple geste de la main et il n&#8217;est plus n\u00e9cessaire de la d\u00e9tacher lors de l&#8217;enfilage ou du retrait du pantalon. <\/p>\n<p>Deux poches avant spacieuses avec fermeture \u00e9clair offrent suffisamment d&#8217;espace pour les cl\u00e9s, l&#8217;argent et le t\u00e9l\u00e9phone portable, tandis que la poche sur la cuisse avec fermeture \u00e9clair cach\u00e9e et ourlet rubann\u00e9 permet de ranger d&#8217;autres objets avec un look \u00e9pur\u00e9. Les inserts en Merino Mesh \u00e0 la taille et au niveau des poches garantissent un confort suppl\u00e9mentaire. <\/p>\n<p>Le BRENTA PANTS pour homme est sans PFC et \u00e0 impact climatique z\u00e9ro.<\/p>\n<p>&nbsp;<\/p>\n<div id=\"pds__accordion-features-heading\" class=\"mb-4 mb-md-35\">\n<h3 class=\"pds__accordion-headline p-relative cursor-pointer p-0 m-0\"><span class=\"d-block p-0 accordion js-accordion-custom-toggle js-accordion-custom-toggle--hide-on-collapse\" role=\"button\" data-collapse=\"false\" data-target=\"#pds__accordion-features-wrapper\" data-multitarget-disabled-mobile=\"\" aria-expanded=\"true\" aria-controls=\"pds__accordion-features-wrapper\"><span class=\"d-flex justify-content-between align-items-center\"><span class=\"word-break-word\">Caract\u00e9ristiques<\/span><i class=\"accordion__icon pds__accordion-icon icon\"><\/i><\/span><\/span><\/h3>\n<\/div>\n<div class=\"pds__accordion-wrapper\">\n<div id=\"pds__accordion-features-wrapper\" class=\"pds__accordion-features-multi-target collapse show\" data-partial-multi-target=\"true\" data-parent=\"#pds__accordion-features\">\n<div class=\"pb-4\">\n<div class=\"overflow-hidden\">\n<div class=\"wysiwyg\">\n<ul>\n<li>Bord r\u00e9glable<\/li>\n<li>2 poches avant avec fermeture \u00e9clair<\/li>\n<li>1 poche sur la cuisse avec fermeture \u00e9clair<\/li>\n<li>Inserts int\u00e9rieurs en mesh Merino<\/li>\n<li>Bas de jambe r\u00e9glable<\/li>\n<li>Coupe r\u00e9guli\u00e8re<\/li>\n<\/ul>\n<\/div>\n<div id=\"pds__accordion-material-properties-heading\" class=\"mb-4 mb-md-35\">\n<h3 class=\"pds__accordion-headline p-relative cursor-pointer p-0 m-0\"><span class=\"d-block p-0 accordion js-accordion-custom-toggle js-accordion-custom-toggle--hide-on-collapse\" role=\"button\" data-collapse=\"false\" data-target=\"#pds__accordion-material-properties-wrapper\" data-multitarget-disabled-mobile=\"\" aria-expanded=\"true\" aria-controls=\"pds__accordion-material-properties-wrapper\"><span class=\"d-flex justify-content-between align-items-center\"><span class=\"word-break-word\">Caract\u00e9ristiques du mat\u00e9riau<\/span><i class=\"accordion__icon pds__accordion-icon icon\"><\/i><\/span><\/span><\/h3>\n<\/div>\n<div class=\"pds__accordion-wrapper\">\n<div id=\"pds__accordion-material-properties-wrapper\" class=\"pds__accordion-material-properties-multi-target collapse show\" data-partial-multi-target=\"true\" data-parent=\"#pds__accordion-material-properties\">\n<div class=\"pb-4\">\n<div class=\"overflow-hidden\">\n<div class=\"wysiwyg\">\n<ul>\n<li>SHIELD LIGHT : r\u00e9sistant (&gt; 80 000 cycles de frottement au test Martindale), libert\u00e9 de mouvement maximale, respirant, s\u00e9chage rapide, d\u00e9perlant gr\u00e2ce au traitement DWR sans PFC, tissu quadri-\u00e9lastique<\/li>\n<\/ul>\n<\/div>\n<\/div>\n<p>MAT\u00c9RIAU PRINCIPAL : 91 % polyamide + 9 % \u00e9lasthanne DOUBLURE INT\u00c9RIEURE : 72 % polyester + 28 % laine vierge (MERINO)<\/p>\n<\/div>\n<\/div>\n<\/div>\n<\/div>\n<\/div>\n<\/div>\n<\/div>\n","protected":false},"featured_media":421562,"template":"","meta":{"_seopress_robots_primary_cat":"none","_seopress_titles_title":"","_seopress_titles_desc":"","_seopress_robots_index":""},"product_brand":[3664],"product_cat":[81,981,982],"product_tag":[],"class_list":{"0":"post-421569","1":"product","2":"type-product","3":"status-publish","4":"has-post-thumbnail","6":"product_brand-ortovox-fr","7":"product_cat-vetements","8":"product_cat-vetements-de-loisirs","9":"product_cat-vetements-pour-hommes","10":"sws-gruppo-abb-libero-fr","11":"sws-conto-ricavi-merci-rivendita-abbigliamento-fr","12":"sws-gruppo-iva-iva81-fr","14":"first","15":"instock","16":"sale","17":"shipping-taxable","18":"purchasable","19":"product-type-variable"},"_links":{"self":[{"href":"https:\/\/lucacastelli.com\/fr\/wp-json\/wp\/v2\/product\/421569","targetHints":{"allow":["GET"]}}],"collection":[{"href":"https:\/\/lucacastelli.com\/fr\/wp-json\/wp\/v2\/product"}],"about":[{"href":"https:\/\/lucacastelli.com\/fr\/wp-json\/wp\/v2\/types\/product"}],"wp:featuredmedia":[{"embeddable":true,"href":"https:\/\/lucacastelli.com\/fr\/wp-json\/wp\/v2\/media\/421562"}],"wp:attachment":[{"href":"https:\/\/lucacastelli.com\/fr\/wp-json\/wp\/v2\/media?parent=421569"}],"wp:term":[{"taxonomy":"product_brand","embeddable":true,"href":"https:\/\/lucacastelli.com\/fr\/wp-json\/wp\/v2\/product_brand?post=421569"},{"taxonomy":"product_cat","embeddable":true,"href":"https:\/\/lucacastelli.com\/fr\/wp-json\/wp\/v2\/product_cat?post=421569"},{"taxonomy":"product_tag","embeddable":true,"href":"https:\/\/lucacastelli.com\/fr\/wp-json\/wp\/v2\/product_tag?post=421569"}],"curies":[{"name":"wp","href":"https:\/\/api.w.org\/{rel}","templated":true}]}}