{"id":421511,"date":"2025-05-23T11:33:02","date_gmt":"2025-05-23T09:33:02","guid":{"rendered":"https:\/\/lucacastelli.com\/prodotto\/sweat-a-capuche-polaire-ortovox-w-2\/"},"modified":"2025-06-29T02:11:17","modified_gmt":"2025-06-29T00:11:17","slug":"sweat-a-capuche-polaire-ortovox-w-2","status":"publish","type":"product","link":"https:\/\/lucacastelli.com\/fr\/produit\/sweat-a-capuche-polaire-ortovox-w-2\/","title":{"rendered":"SWEAT \u00c0 CAPUCHE POLAIRE ORTOVOX W"},"content":{"rendered":"<h3>Sweats \u00e0 capuche chauds en polaire, polyester recycl\u00e9 et m\u00e9rinos pour les journ\u00e9es froides et s\u00e8ches<\/h3>\n<p>&nbsp;<\/p>\n<ul class=\"additional-info__list\">\n<li>Plus de confort et une temp\u00e9rature optimale<\/li>\n<li>Existant et respirant<\/li>\n<li>Particuli\u00e8rement durable gr\u00e2ce \u00e0 la laine et au polyester recycl\u00e9<\/li>\n<\/ul>\n<p>&nbsp;<\/p>\n<p>Le FLEECE HOODY pour femme est un v\u00eatement indispensable qui assure toute la fonctionnalit\u00e9, la libert\u00e9 de mouvement et le confort thermique naturel qui sont essentiels en montagne lors des froides journ\u00e9es d\u2019hiver.<\/p>\n<p>Le tricot sp\u00e9cial de ce molleton \u00e0 capuche \u00e9prouv\u00e9 lui conf\u00e8re une surface mate qui souligne son look sobre et sportif. Les mat\u00e9riaux de traitement de haute qualit\u00e9 sont \u00e9galement totalement durables. La combinaison extraordinaire de l\u2019int\u00e9rieur en laine m\u00e9rinos douce et de l\u2019ext\u00e9rieur en polyester recycl\u00e9 en fait un v\u00eatement extr\u00eamement durable et respirant.  <\/p>\n<p>Parce que MERINO FLEECE est tr\u00e8s \u00e9lastique, le FLEECE HOODY pour femme s\u2019adapte de mani\u00e8re optimale au corps et offre une libert\u00e9 de mouvement maximale. La laine m\u00e9rinos douce, qui r\u00e9gule naturellement l\u2019humidit\u00e9 et la temp\u00e9rature, assure une temp\u00e9rature corporelle optimale et un toucher agr\u00e9able sur la peau. <\/p>\n<p>Les deux poches lat\u00e9rales en loden traditionnel de STEINER gardent vos mains au chaud et offrent de la place pour les petits objets importants qui doivent toujours \u00eatre \u00e0 port\u00e9e de main. Gr\u00e2ce \u00e0 la technologie de traitement sp\u00e9ciale, les boucles de pouce se ferment de mani\u00e8re optimale et emp\u00eachent ainsi les pertes de chaleur. Ainsi, notre SWEAT \u00c0 CAPUCHE POLAIRE pour femme est pr\u00eat pour toutes vos activit\u00e9s hivernales, tant \u00e0 la montagne qu\u2019\u00e0 la vall\u00e9e.  <\/p>\n<div id=\"pds__accordion-features-heading\" class=\"mb-4 mb-md-35\">\n<h3 class=\"pds__accordion-headline p-relative cursor-pointer p-0 m-0\"><span class=\"d-block p-0 accordion js-accordion-custom-toggle js-accordion-custom-toggle--hide-on-collapse\" tabindex=\"0\" role=\"button\" data-collapse=\"false\" data-target=\"#pds__accordion-features-wrapper\" data-multitarget-disabled-mobile=\"\" aria-expanded=\"true\" aria-controls=\"pds__accordion-features-wrapper\"><span class=\"d-flex justify-content-between align-items-center\"><span class=\"word-break-word\">Fonctionnalit\u00e9s<\/span><i class=\"accordion__icon pds__accordion-icon icon\"><\/i><\/span><\/span><\/h3>\n<\/div>\n<div class=\"pds__accordion-wrapper\">\n<div id=\"pds__accordion-features-wrapper\" class=\"pds__accordion-features-multi-target collapse show\" data-partial-multi-target=\"true\" data-parent=\"#pds__accordion-features\">\n<div class=\"pb-4\">\n<div class=\"overflow-hidden\">\n<div class=\"wysiwyg\">\n<ul>\n<li>Casquette<\/li>\n<li>2 poches avant<\/li>\n<li>Boucles pour les pouces<\/li>\n<li>Coupe r\u00e9guli\u00e8re<\/li>\n<\/ul>\n<\/div>\n<p>&nbsp;<\/p>\n<\/div>\n<\/div>\n<\/div>\n<\/div>\n<div id=\"pds__accordion-material-properties-heading\" class=\"mb-4 mb-md-35\">\n<h3 class=\"pds__accordion-headline p-relative cursor-pointer p-0 m-0\"><span class=\"d-block p-0 accordion js-accordion-custom-toggle js-accordion-custom-toggle--hide-on-collapse\" tabindex=\"0\" role=\"button\" data-collapse=\"false\" data-target=\"#pds__accordion-material-properties-wrapper\" data-multitarget-disabled-mobile=\"\" aria-expanded=\"true\" aria-controls=\"pds__accordion-material-properties-wrapper\"><span class=\"d-flex justify-content-between align-items-center\"><span class=\"word-break-word\">Caract\u00e9ristiques des mat\u00e9riaux<\/span><i class=\"accordion__icon pds__accordion-icon icon\"><\/i><\/span><\/span><\/h3>\n<\/div>\n<div class=\"pds__accordion-wrapper\">\n<div id=\"pds__accordion-material-properties-wrapper\" class=\"pds__accordion-material-properties-multi-target collapse show\" data-partial-multi-target=\"true\" data-parent=\"#pds__accordion-material-properties\">\n<div class=\"pb-4\">\n<div class=\"overflow-hidden\">\n<div class=\"wysiwyg\">\n<ul>\n<li>Laine m\u00e9rinos sur la peau<\/li>\n<li>Haute respirabilit\u00e9<\/li>\n<li>Plus \u00e9lastique<\/li>\n<li>Durabilit\u00e9 et r\u00e9sistance<\/li>\n<li>S\u00e8che rapidement<\/li>\n<li>Grand confort d\u2019utilisation<\/li>\n<\/ul>\n<p>MATI\u00c8RE PRINCIPALE : 64&nbsp;% polyester (recycl\u00e9) + 30&nbsp;% laine vierge (OWP-Merino) + 6&nbsp;% \u00e9lasthanne INSERTS : 100&nbsp;% laine vierge (OWP-MERINO)<\/p>\n<\/div>\n<\/div>\n<\/div>\n<\/div>\n<\/div>\n","protected":false},"excerpt":{"rendered":"<p>Sweats \u00e0 capuche chauds en polaire, polyester recycl\u00e9 et m\u00e9rinos pour les journ\u00e9es froides et s\u00e8ches &nbsp; Plus de confort<\/p>\n","protected":false},"featured_media":421477,"template":"","meta":{"_seopress_robots_primary_cat":"","_seopress_titles_title":"","_seopress_titles_desc":"","_seopress_robots_index":""},"product_brand":[3664],"product_cat":[81,981,1387],"product_tag":[],"class_list":{"0":"post-421511","1":"product","2":"type-product","3":"status-publish","4":"has-post-thumbnail","6":"product_brand-ortovox-fr","7":"product_cat-vetements","8":"product_cat-vetements-de-loisirs","9":"product_cat-vetements-pour-femmes","10":"sws-gruppo-abb-libero-fr","11":"sws-conto-ricavi-merci-rivendita-abbigliamento-fr","12":"sws-gruppo-iva-iva81-fr","14":"first","15":"instock","16":"sale","17":"shipping-taxable","18":"purchasable","19":"product-type-variable"},"_links":{"self":[{"href":"https:\/\/lucacastelli.com\/fr\/wp-json\/wp\/v2\/product\/421511","targetHints":{"allow":["GET"]}}],"collection":[{"href":"https:\/\/lucacastelli.com\/fr\/wp-json\/wp\/v2\/product"}],"about":[{"href":"https:\/\/lucacastelli.com\/fr\/wp-json\/wp\/v2\/types\/product"}],"wp:featuredmedia":[{"embeddable":true,"href":"https:\/\/lucacastelli.com\/fr\/wp-json\/wp\/v2\/media\/421477"}],"wp:attachment":[{"href":"https:\/\/lucacastelli.com\/fr\/wp-json\/wp\/v2\/media?parent=421511"}],"wp:term":[{"taxonomy":"product_brand","embeddable":true,"href":"https:\/\/lucacastelli.com\/fr\/wp-json\/wp\/v2\/product_brand?post=421511"},{"taxonomy":"product_cat","embeddable":true,"href":"https:\/\/lucacastelli.com\/fr\/wp-json\/wp\/v2\/product_cat?post=421511"},{"taxonomy":"product_tag","embeddable":true,"href":"https:\/\/lucacastelli.com\/fr\/wp-json\/wp\/v2\/product_tag?post=421511"}],"curies":[{"name":"wp","href":"https:\/\/api.w.org\/{rel}","templated":true}]}}