{"id":421469,"date":"2025-05-23T11:11:22","date_gmt":"2025-05-23T09:11:22","guid":{"rendered":"https:\/\/lucacastelli.com\/prodotto\/ortovox-ravine-28-corbeau-noir\/"},"modified":"2026-04-17T10:54:02","modified_gmt":"2026-04-17T08:54:02","slug":"ortovox-ravine-28-corbeau-noir","status":"publish","type":"product","link":"https:\/\/lucacastelli.com\/fr\/produit\/ortovox-ravine-28-corbeau-noir\/","title":{"rendered":"ORTOVOX RAVINE 28 black raven"},"content":{"rendered":"<div class=\"wysiwyg wysiwyg--no-first-child-correction mb-4\">\n<h3>Sac \u00e0 dos ultra-l\u00e9ger et technique pour les ascensions en freeride<\/h3>\n<\/div>\n<div id=\"pds__accordion-additional-info-inner\" class=\" accordion pds__accordion\">\n<div class=\"position-relative\">\n<div class=\"pds__accordion-wrapper border-0\">\n<div id=\"pds__accordion-additional-info-inner-wrapper\" class=\"collapse seo-collapse disable-collapse-md\" data-parent=\"#pds__accordion-additional-info-inner\">\n<div class=\"pb-4\">\n<div class=\"border border-grey p-20 mb-4\">\n<p>Le nouveau RAVINE est un sac \u00e0 dos de freeride L\u00c9GER et TECHNIQUE pour les freeriders les plus exigeants qui ne veulent pas perdre de temps vers la prochaine descente raide. Sa particularit\u00e9 : tous les objets essentiels peuvent \u00eatre rang\u00e9s et sortis sans avoir \u00e0 retirer le sac. <\/p>\n<p>Gr\u00e2ce au syst\u00e8me de fixation rapide des skis en parall\u00e8le avec mousqueton, m\u00eame les skis de freeride les plus larges s\u2019attachent d\u2019un seul geste. Le compartiment suppl\u00e9mentaire pratique au fond du sac permet de ranger couteaux et crampons pour les avoir \u00e0 port\u00e9e de main sans retirer le sac. Le compartiment de s\u00e9curit\u00e9 s\u00e9par\u00e9 offre un acc\u00e8s rapide \u00e0 l\u2019\u00e9quipement d\u2019urgence et \u00e0 un piolet l\u00e9ger, tandis que le compartiment principal est accessible par le haut ou par le c\u00f4t\u00e9. Le RAVINE 28 dispose \u00e9galement des fixations classiques pour skis, b\u00e2tons, corde, casque et broches \u00e0 glace, ainsi qu\u2019un compartiment pour cartes et une compatibilit\u00e9 avec les syst\u00e8mes d\u2019hydratation.   <\/p>\n<p>Gr\u00e2ce au SYST\u00c8ME ERGONOMIQUE FULL CONTACT LIGHT BACK, le sac r\u00e9partit la charge de mani\u00e8re optimale sur le dos et \u00e9pouse la colonne vert\u00e9brale sans glisser. Pour une protection accrue, le RAVINE 28 peut \u00eatre \u00e9quip\u00e9 du CLASP SPINE PROTECTOR \u00e0 l\u2019int\u00e9rieur. Ce syst\u00e8me de protection dorsale, certifi\u00e9 selon les normes moto, est vendu s\u00e9par\u00e9ment et s\u2019ins\u00e8re facilement dans une poche interne d\u00e9di\u00e9e.  <\/p>\n<p>Outre sa s\u00e9curit\u00e9 et sa fonctionnalit\u00e9 \u00e9lev\u00e9es, le RAVINE 28 est un produit respectueux de l\u2019environnement : ce sac \u00e0 dos de freeride est totalement sans PFC et fabriqu\u00e9 de mani\u00e8re climatiquement neutre avec du polyamide recycl\u00e9.<\/p>\n<p>&nbsp;<\/p>\n<\/div>\n<div id=\"pds__accordion-features-heading\" class=\"mb-4 mb-md-35\">\n<h3 class=\"pds__accordion-headline p-relative cursor-pointer p-0 m-0\"><span class=\"d-block p-0 accordion js-accordion-custom-toggle js-accordion-custom-toggle--hide-on-collapse\" role=\"button\" data-collapse=\"false\" data-target=\"#pds__accordion-features-wrapper\" data-multitarget-disabled-mobile=\"\" aria-expanded=\"true\" aria-controls=\"pds__accordion-features-wrapper\"><span class=\"d-flex justify-content-between align-items-center\"><span class=\"word-break-word\">Caract\u00e9ristiques<\/span><i class=\"accordion__icon pds__accordion-icon icon\"><\/i><\/span><\/span><\/h3>\n<\/div>\n<div class=\"pds__accordion-wrapper\">\n<div id=\"pds__accordion-features-wrapper\" class=\"pds__accordion-features-multi-target collapse show\" data-partial-multi-target=\"true\" data-parent=\"#pds__accordion-features\">\n<div class=\"pb-4\">\n<div class=\"overflow-hidden\">\n<div class=\"wysiwyg\">\n<ul>\n<li>Acc\u00e8s au compartiment principal : frontal<\/li>\n<li>Acc\u00e8s au compartiment principal : par le haut<\/li>\n<li>Compartiment de s\u00e9curit\u00e9 s\u00e9par\u00e9<\/li>\n<li>Compartiment pour carte<\/li>\n<li>Fixation rapide des skis en parall\u00e8le avec mousqueton<\/li>\n<li>A-Skifix<\/li>\n<li>D-Skifix (diagonal) avec une largeur au patin maximale de 150 mm<\/li>\n<li>Support pour \u00e9quipement de s\u00e9curit\u00e9<\/li>\n<li>Fixation des piolets<\/li>\n<li>Fixation de la corde<\/li>\n<li>Boucles porte-mat\u00e9riel<\/li>\n<li>Filet de fixation pour casque<\/li>\n<li>Sangles de compression<\/li>\n<li>Poche pour protection CLASP<\/li>\n<li>Pr\u00e9paration pour syst\u00e8me dhydratation<\/li>\n<li>Fermeture pectorale avec sifflet durgence<\/li>\n<li>Compartiment pour objets de valeur avec porte-cl\u00e9s<\/li>\n<li>Carte d\u2019urgence<\/li>\n<\/ul>\n<p>&nbsp;<\/p>\n<\/div>\n<p>MAT\u00c9RIAU : Polyamide 420 D Cordura + polyamide 100 D : 100 % recycl\u00e9<\/p>\n<div id=\"pds__accordion-additional-info-toggle\" class=\"gradient-before d-none d-md-block\">\n<div class=\"mb-0 d-flex justify-content-center\"><\/div>\n<\/div>\n<\/div>\n<\/div>\n<\/div>\n<\/div>\n<\/div>\n<\/div>\n<\/div>\n<\/div>\n<\/div>\n","protected":false},"excerpt":{"rendered":"<p>Sac \u00e0 dos ultra-l\u00e9ger et technique pour les ascensions en freeride Le nouveau RAVINE est un sac \u00e0 dos de<\/p>\n","protected":false},"featured_media":421462,"template":"","meta":{"_seopress_robots_primary_cat":"none","_seopress_titles_title":"","_seopress_titles_desc":"","_seopress_robots_index":""},"product_brand":[3664],"product_cat":[1702,144,1408],"product_tag":[],"class_list":{"0":"post-421469","1":"product","2":"type-product","3":"status-publish","4":"has-post-thumbnail","6":"product_brand-ortovox-fr","7":"product_cat-autres","8":"product_cat-equipement","9":"product_cat-equipements-de-loisirs","10":"sws-gruppo-abb-libero-fr","11":"sws-conto-ricavi-merci-rivendita-abbigliamento-fr","12":"sws-gruppo-iva-iva81-fr","14":"first","15":"instock","16":"sale","17":"shipping-taxable","18":"purchasable","19":"product-type-simple"},"_links":{"self":[{"href":"https:\/\/lucacastelli.com\/fr\/wp-json\/wp\/v2\/product\/421469","targetHints":{"allow":["GET"]}}],"collection":[{"href":"https:\/\/lucacastelli.com\/fr\/wp-json\/wp\/v2\/product"}],"about":[{"href":"https:\/\/lucacastelli.com\/fr\/wp-json\/wp\/v2\/types\/product"}],"wp:featuredmedia":[{"embeddable":true,"href":"https:\/\/lucacastelli.com\/fr\/wp-json\/wp\/v2\/media\/421462"}],"wp:attachment":[{"href":"https:\/\/lucacastelli.com\/fr\/wp-json\/wp\/v2\/media?parent=421469"}],"wp:term":[{"taxonomy":"product_brand","embeddable":true,"href":"https:\/\/lucacastelli.com\/fr\/wp-json\/wp\/v2\/product_brand?post=421469"},{"taxonomy":"product_cat","embeddable":true,"href":"https:\/\/lucacastelli.com\/fr\/wp-json\/wp\/v2\/product_cat?post=421469"},{"taxonomy":"product_tag","embeddable":true,"href":"https:\/\/lucacastelli.com\/fr\/wp-json\/wp\/v2\/product_tag?post=421469"}],"curies":[{"name":"wp","href":"https:\/\/api.w.org\/{rel}","templated":true}]}}