{"id":421415,"date":"2025-05-23T10:02:17","date_gmt":"2025-05-23T08:02:17","guid":{"rendered":"https:\/\/lucacastelli.com\/prodotto\/ortovox-peak-35-bleu-heritage\/"},"modified":"2026-04-17T10:51:39","modified_gmt":"2026-04-17T08:51:39","slug":"ortovox-peak-35-bleu-heritage","status":"publish","type":"product","link":"https:\/\/lucacastelli.com\/fr\/produit\/ortovox-peak-35-bleu-heritage\/","title":{"rendered":"ORTOVOX PEAK 35 &#8211; heritage blue"},"content":{"rendered":"<h3>Sac \u00e0 dos robuste et multifonctionnel confortable pour le trekking en haute altitude et le ski de randonn\u00e9e<\/h3>\n<ul class=\"additional-info__list\">\n<li>Robuste et durable<\/li>\n<li>Le dos enti\u00e8rement en contact avec Swisswool garantit un confort \u00e9lev\u00e9<\/li>\n<li>Particuli\u00e8rement durable gr\u00e2ce aux mat\u00e9riaux recycl\u00e9s<\/li>\n<\/ul>\n<p>Il n&#8217;existe pas de sommets trop hauts ni de parcours trop longs : le PEAK 35 est un sac \u00e0 dos multifonctionnel pour le trekking en haute altitude con\u00e7u pour les alpinistes les plus exigeants qui ont besoin d&#8217;un sac \u00e0 dos robuste et polyvalent pour toutes les occasions.<\/p>\n<p>Les larges bretelles rembourr\u00e9es et les sangles pour les hanches et le dos adh\u00e9rent de l&#8217;exclusif Swisswool 3D BACK SYSTEM, renforc\u00e9 avec des supports m\u00e9talliques, assurent un confort maximal en r\u00e9partissant la charge de mani\u00e8re uniforme sur le dos. Pour une r\u00e9gulation optimale du climat des surfaces en contact, la zone du dos, des \u00e9paules et des hanches est doubl\u00e9e d&#8217;une polaire en laine Swisswool qui absorbe efficacement la vapeur d&#8217;eau et s\u00e8che rapidement. Le PEAK 35 est \u00e9galement \u00e9quip\u00e9 d&#8217;un compartiment de s\u00e9curit\u00e9 s\u00e9par\u00e9, de nombreuses fixations pour corde, piolet, casque, skis, snowboard et b\u00e2tons, ainsi que d&#8217;un compartiment lat\u00e9ral pour les crampons. Pour une durabilit\u00e9 maximale, les deux principaux mat\u00e9riaux ext\u00e9rieurs sont fabriqu\u00e9s en polyamide recycl\u00e9 \u00e0 100 % et \u00e0 50 %, rendant le sac \u00e0 dos extr\u00eamement robuste et durable.   <\/p>\n<p>Le PEAK 35 offre ainsi une grande libert\u00e9 en montagne et se r\u00e9v\u00e8le un compagnon fiable pour toute sortie en haute altitude.<\/p>\n<p>&nbsp;<\/p>\n<div id=\"pds__accordion-features-heading\" class=\"mb-4 mb-md-35\">\n<h3 class=\"pds__accordion-headline p-relative cursor-pointer p-0 m-0\"><span class=\"d-block p-0 accordion js-accordion-custom-toggle js-accordion-custom-toggle--hide-on-collapse\" role=\"button\" data-collapse=\"false\" data-target=\"#pds__accordion-features-wrapper\" data-multitarget-disabled-mobile=\"\" aria-expanded=\"true\" aria-controls=\"pds__accordion-features-wrapper\"><span class=\"d-flex justify-content-between align-items-center\"><span class=\"word-break-word\">Caract\u00e9ristiques<\/span><i class=\"accordion__icon pds__accordion-icon icon\"><\/i><\/span><\/span><\/h3>\n<\/div>\n<div class=\"pds__accordion-wrapper\">\n<div id=\"pds__accordion-features-wrapper\" class=\"pds__accordion-features-multi-target collapse show\" data-partial-multi-target=\"true\" data-parent=\"#pds__accordion-features\">\n<div class=\"pb-4\">\n<div class=\"overflow-hidden\">\n<div class=\"wysiwyg\">\n<ul>\n<li>Acc\u00e8s au compartiment principal : Frontal<\/li>\n<li>Acc\u00e8s au compartiment principal : par le haut<\/li>\n<li>Fermeture \u00e9clair p\u00e9riph\u00e9rique<\/li>\n<li>Compartiment de s\u00e9curit\u00e9 s\u00e9par\u00e9<\/li>\n<li>Compartiment pour carte<\/li>\n<li>Poche au niveau de la ceinture abdominale<\/li>\n<li>A-Skifix<\/li>\n<li>D-Skifix (diagonale)<\/li>\n<li>Support pour dispositifs de s\u00e9curit\u00e9<\/li>\n<li>Fixation snowboard et raquettes \u00e0 neige<\/li>\n<li>2 supports pour piolets<\/li>\n<li>Fixation pour b\u00e2tons<\/li>\n<li>Fixation corde<\/li>\n<li>Compartiment pour crampons<\/li>\n<li>Anneau pour mat\u00e9riel<\/li>\n<li>Filet de fixation pour casque<\/li>\n<li>\n \t<\/li>\n<li>Pr\u00e9paration pour syst\u00e8me dhydratation<\/li>\n<li>Support pour bouteille \u00e0 lint\u00e9rieur<\/li>\n<li>Fermeture pectorale avec sifflet durgence<\/li>\n<li>\u00c9tiquette d&#8217;urgence<\/li>\n<li>Syst\u00e8me dorsal Swisswool 3D<\/li>\n<li>Compartiment suppl\u00e9mentaire pour \u00e9quipement d&#8217;urgence<\/li>\n<li>\n<\/li>\n<\/ul>\n<\/div>\n<\/div>\n<p>MAT\u00c9RIAU FACE : polyamide 420 D RIPSTOP : 50 % recycl\u00e9 MAT\u00c9RIAU II : polyamide 420 D : 100 % recycl\u00e9<\/p>\n<\/div>\n<\/div>\n<\/div>\n","protected":false},"excerpt":{"rendered":"<p>Sac \u00e0 dos robuste et multifonctionnel confortable pour le trekking en haute altitude et le ski de randonn\u00e9e Robuste et<\/p>\n","protected":false},"featured_media":421408,"template":"","meta":{"_seopress_robots_primary_cat":"none","_seopress_titles_title":"","_seopress_titles_desc":"","_seopress_robots_index":""},"product_brand":[3664],"product_cat":[1702,144,1408],"product_tag":[],"class_list":{"0":"post-421415","1":"product","2":"type-product","3":"status-publish","4":"has-post-thumbnail","6":"product_brand-ortovox-fr","7":"product_cat-autres","8":"product_cat-equipement","9":"product_cat-equipements-de-loisirs","10":"sws-gruppo-attrezz-fr","11":"sws-conto-ricavi-merci-rivendita-abbigliamento-fr","12":"sws-gruppo-iva-iva81-fr","14":"first","15":"instock","16":"sale","17":"shipping-taxable","18":"purchasable","19":"product-type-simple"},"_links":{"self":[{"href":"https:\/\/lucacastelli.com\/fr\/wp-json\/wp\/v2\/product\/421415","targetHints":{"allow":["GET"]}}],"collection":[{"href":"https:\/\/lucacastelli.com\/fr\/wp-json\/wp\/v2\/product"}],"about":[{"href":"https:\/\/lucacastelli.com\/fr\/wp-json\/wp\/v2\/types\/product"}],"wp:featuredmedia":[{"embeddable":true,"href":"https:\/\/lucacastelli.com\/fr\/wp-json\/wp\/v2\/media\/421408"}],"wp:attachment":[{"href":"https:\/\/lucacastelli.com\/fr\/wp-json\/wp\/v2\/media?parent=421415"}],"wp:term":[{"taxonomy":"product_brand","embeddable":true,"href":"https:\/\/lucacastelli.com\/fr\/wp-json\/wp\/v2\/product_brand?post=421415"},{"taxonomy":"product_cat","embeddable":true,"href":"https:\/\/lucacastelli.com\/fr\/wp-json\/wp\/v2\/product_cat?post=421415"},{"taxonomy":"product_tag","embeddable":true,"href":"https:\/\/lucacastelli.com\/fr\/wp-json\/wp\/v2\/product_tag?post=421415"}],"curies":[{"name":"wp","href":"https:\/\/api.w.org\/{rel}","templated":true}]}}